{"id":3870,"date":"2025-04-24T14:06:22","date_gmt":"2025-04-24T12:06:22","guid":{"rendered":"https:\/\/lopato.pl\/preisliste\/"},"modified":"2026-03-19T16:15:06","modified_gmt":"2026-03-19T15:15:06","slug":"ablau","status":"publish","type":"page","link":"https:\/\/lopato.pl\/de\/ablau\/","title":{"rendered":"Ablauf"},"content":{"rendered":"<style>.kb-gallery-id-3870_ec7ee8-92 .kadence-blocks-gallery-item .kb-gal-image-radius, .kb-gallery-id-3870_ec7ee8-92 .kb-slide-item .kb-gal-image-radius img{border-radius:0px 0px 0px 0px;;}.kb-gallery-wrap-id-3870_ec7ee8-92 .kb-gallery-ul.kb-gallery-type-mosaic .grid-pattern-container{grid-auto-rows:150px;grid-gap:200px;gap:200px;}<\/style><div class=\"kb-gallery-wrap-id-3870_ec7ee8-92 alignnone wp-block-kadence-advancedgallery\"><div class=\"kb-gallery-ul kb-gallery-non-static kb-gallery-type-mosaic kb-gallery-id-3870_ec7ee8-92 kb-gallery-caption-style-bottom-hover kb-gallery-filter-none\" data-image-filter=\"none\" data-lightbox-caption=\"true\"kb-mosaic-gallery grid-pattern-gallery\"><div class=\"grid-pattern-container\"><div class=\"kadence-blocks-gallery-item grid-item-wide only-one\"><div class=\"kadence-blocks-gallery-item\"><div class=\"kadence-blocks-gallery-item-inner\"><figure class=\"kb-gallery-figure kadence-blocks-gallery-item-hide-caption\"><div class=\"kb-gal-image-radius\"><div class=\"kb-gallery-image-contain kadence-blocks-gallery-intrinsic\" ><img loading=\"lazy\" decoding=\"async\" src=\"https:\/\/lopato.pl\/wp-content\/uploads\/2025\/11\/business-smile-laptop-table-shelf-coat-1684086-pxhere.com_.png\" width=\"1920\" height=\"1080\" alt=\"\" data-full-image=\"https:\/\/lopato.pl\/wp-content\/uploads\/2025\/11\/business-smile-laptop-table-shelf-coat-1684086-pxhere.com_.png\" data-light-image=\"https:\/\/lopato.pl\/wp-content\/uploads\/2025\/11\/business-smile-laptop-table-shelf-coat-1684086-pxhere.com_.png\" data-id=\"6048\" class=\"wp-image-6048\" srcset=\"https:\/\/lopato.pl\/wp-content\/uploads\/2025\/11\/business-smile-laptop-table-shelf-coat-1684086-pxhere.com_.png 1920w, https:\/\/lopato.pl\/wp-content\/uploads\/2025\/11\/business-smile-laptop-table-shelf-coat-1684086-pxhere.com_-300x169.png 300w, https:\/\/lopato.pl\/wp-content\/uploads\/2025\/11\/business-smile-laptop-table-shelf-coat-1684086-pxhere.com_-1024x576.png 1024w, https:\/\/lopato.pl\/wp-content\/uploads\/2025\/11\/business-smile-laptop-table-shelf-coat-1684086-pxhere.com_-768x432.png 768w, https:\/\/lopato.pl\/wp-content\/uploads\/2025\/11\/business-smile-laptop-table-shelf-coat-1684086-pxhere.com_-1536x864.png 1536w, https:\/\/lopato.pl\/wp-content\/uploads\/2025\/11\/business-smile-laptop-table-shelf-coat-1684086-pxhere.com_-600x338.png 600w\" sizes=\"auto, (max-width: 1920px) 100vw, 1920px\" \/><\/div><\/div><\/figure><\/div><\/div><\/div><\/div><\/div><\/div>\n\n\n<div class=\"wp-block-group is-vertical is-layout-flex wp-container-core-group-is-layout-8cf370e7 wp-block-group-is-layout-flex\">\n<p><strong>Wir empfehlen die Nutzung unseres B2B-Panels<\/strong><\/p>\n\n\n\n<p>Unser B2B-Panel ist ein komfortabler und schneller Arbeitsbereich f\u00fcr unsere Gesch\u00e4ftspartner. Es erm\u00f6glicht das Online-Aufgeben von Bestellungen, den Zugriff auf aktuelle Preise und Lagerbest\u00e4nde, das Herunterladen von Dokumenten sowie die Echtzeitverfolgung des Bestellstatus.<br>Durch die Nutzung des Panels erhalten Sie volle Kontrolle \u00fcber den Einkaufsprozess sowie schnellen Zugriff auf Informationen, die Ihre t\u00e4gliche Arbeit und die Planung von Lieferungen erleichtern.<\/p>\n<\/div>\n\n\n\n<h1 class=\"wp-block-heading\"><\/h1>\n\n\n\n<blockquote class=\"wp-block-quote is-layout-flow wp-block-quote-is-layout-flow\">\n<p class=\"has-theme-palette-2-color has-text-color has-link-color wp-elements-63665679fa07096379c690464d29c462\">Einfache Schritt-f\u00fcr-Schritt-Anleitung f\u00fcr Gesch\u00e4fts- und Privatkunden<\/p>\n<\/blockquote>\n\n\n\n<div class=\"wp-block-columns is-layout-flex wp-container-core-columns-is-layout-9d6595d7 wp-block-columns-is-layout-flex\">\n<div class=\"wp-block-column is-layout-flow wp-block-column-is-layout-flow\" style=\"flex-basis:100%\">\n<h2 class=\"wp-block-heading has-text-align-left\">Gesch\u00e4ftliche Zusammenarbeit (B2B)<\/h2>\n<\/div>\n<\/div>\n\n\n\n<p><strong>F\u00fcr wen:<\/strong>&nbsp;Unternehmen, die unsere Produkte oder Dienstleistungen im Rahmen ihres eigenen Gesch\u00e4fts nutzen m\u00f6chten.<\/p>\n\n\n\n<div class=\"wp-block-columns is-layout-flex wp-container-core-columns-is-layout-9d6595d7 wp-block-columns-is-layout-flex\">\n<div class=\"wp-block-column is-layout-flow wp-block-column-is-layout-flow\" style=\"flex-basis:50%\">\n<div class=\"wp-block-group\"><div class=\"wp-block-group__inner-container is-layout-constrained wp-block-group-is-layout-constrained\">\n<div class=\"wp-block-columns is-layout-flex wp-container-core-columns-is-layout-9d6595d7 wp-block-columns-is-layout-flex\">\n<div class=\"wp-block-column is-layout-flow wp-block-column-is-layout-flow\" style=\"flex-basis:100%\">\n<p>Wir bieten eine gro\u00dfe Auswahl an <strong>Baumaterialien, Gartenartikeln und Haushaltswaren (AGD)<\/strong> \u2013 <strong>ohne Mindestbestellwert<\/strong>. Wir versenden sowohl <strong>Vollpaletten als auch MIX-Paletten<\/strong>, damit Sie genau die Produkte bestellen k\u00f6nnen, die Sie ben\u00f6tigen.<\/p>\n\n\n\n<p>Die durchschnittliche Lieferzeit betr\u00e4gt <strong>ca. 3 Tage<\/strong>.<br>Wir bieten <strong>kostenlosen Versand innerhalb Polens<\/strong> f\u00fcr Bestellungen ab <strong>2500 PLN netto<\/strong>.<\/p>\n\n\n\n<p>Der Versand erfolgt \u00fcber <strong>RABEN<\/strong>, was eine schnelle und sichere Lieferung garantiert.<\/p>\n<\/div>\n<\/div>\n<\/div><\/div>\n<\/div>\n\n\n\n<div class=\"wp-block-column is-layout-flow wp-block-column-is-layout-flow\" style=\"flex-basis:50%\">\n<ul class=\"wp-block-list\">\n<li><strong>Entdecken Sie unser Angebot:<\/strong> Sehen Sie, was wir Ihrem Unternehmen anbieten k\u00f6nnen. Wir k\u00f6nnen Ihnen einen Produktkatalog zusenden oder eine kurze Pr\u00e4sentation auf Ihre Bed\u00fcrfnisse zugeschnitten erstellen.<\/li>\n\n\n\n<li><strong>Kontaktieren Sie uns:<\/strong> E-Mail, Telefon oder Kontaktformular. Teilen Sie uns mit, was Sie ben\u00f6tigen, und wir erstellen einen Kooperationsvorschlag.<\/li>\n\n\n\n<li><strong>Treffen oder Gespr\u00e4ch:<\/strong> Wir besprechen Bedingungen, Preise und Termine. Bei Bedarf passen wir das Angebot an Ihre Anforderungen an.<\/li>\n\n\n\n<li><strong>Beginn der Zusammenarbeit:<\/strong> Lieferungen, Unterst\u00fctzung und laufender Kontakt \u2013 wir stehen Ihnen zur Verf\u00fcgung.<\/li>\n\n\n\n<li><strong>Kundenbindung:<\/strong> Nutzen Sie Rabatte<\/li>\n<\/ul>\n<\/div>\n<\/div>\n\n\n\n<h2 class=\"wp-block-heading has-text-align-left\">Einzelhandelszusammenarbeit (B2C)<\/h2>\n\n\n\n<p><strong>F\u00fcr wen:<\/strong> Privatkunden, die unsere Produkte oder Dienstleistungen nutzen m\u00f6chten (Beh\u00e4lter, Einbaudienste).<\/p>\n\n\n\n<div class=\"wp-block-columns is-layout-flex wp-container-core-columns-is-layout-9d6595d7 wp-block-columns-is-layout-flex\">\n<div class=\"wp-block-column is-layout-flow wp-block-column-is-layout-flow\" style=\"flex-basis:50%\">\n<p>Wir bieten ein umfassendes Sortiment an <strong>WOD-KAN-Produkten (Wasser- und Kanalsysteme)<\/strong> sowie flexible Kauf- und Lieferm\u00f6glichkeiten. Eine <strong>Ratenzahlung<\/strong> ist m\u00f6glich und erleichtert die Finanzierung gr\u00f6\u00dferer Investitionen.<\/p>\n\n\n\n<p>Der Versand erfolgt <strong>per Kurier in ganz Polen<\/strong>, zudem bieten wir die M\u00f6glichkeit zur <strong>pers\u00f6nlichen Abholung in unserem Lager in Niepo\u0142omice bei Krakau<\/strong>.<\/p>\n\n\n\n<p>In der Region Ma\u0142opolska bieten wir au\u00dferdem einen <strong>Einbau- bzw. Erdarbeiten-Service<\/strong> an.<br>Die Lieferzeit betr\u00e4gt <strong>3 bis 7 Werktage<\/strong>.<\/p>\n<\/div>\n\n\n\n<div class=\"wp-block-column is-layout-flow wp-block-column-is-layout-flow\" style=\"flex-basis:50%\">\n<ul class=\"wp-block-list\">\n<li><strong>Entdecken Sie unser Angebot:<\/strong> Sehen Sie sich die online verf\u00fcgbaren Produkte, Aktionen und Pakete an.<\/li>\n\n\n\n<li><strong>Kontaktieren Sie uns oder t\u00e4tigen Sie Ihren ersten Einkauf:<\/strong> Bestellen Sie online, besuchen Sie unser B\u00fcro oder schreiben Sie uns \u2013 wir beantworten alle Ihre Fragen.<\/li>\n\n\n\n<li><strong>Einfacher Kaufprozess:<\/strong> Schnelle Bezahlung, einfache Produktauswahl und klare Lieferinformationen. Wir bieten Ratenverk\u00e4ufe an.<\/li>\n\n\n\n<li><strong>Unterst\u00fctzung und Kundenservice:<\/strong> Haben Sie nach dem Kauf Fragen? Unsere Spezialisten helfen Ihnen Schritt f\u00fcr Schritt.<\/li>\n\n\n\n<li><strong>Kundenbindung:<\/strong> Nutzen Sie Rabatte<\/li>\n<\/ul>\n<\/div>\n<\/div>\n\n\n\n<p><\/p>\n","protected":false},"excerpt":{"rendered":"<p>Wir empfehlen die Nutzung unseres B2B-Panels Unser B2B-Panel ist ein komfortabler und schneller Arbeitsbereich f\u00fcr unsere Gesch\u00e4ftspartner. Es erm\u00f6glicht das Online-Aufgeben von Bestellungen, den Zugriff auf aktuelle Preise und Lagerbest\u00e4nde, das Herunterladen von Dokumenten sowie die Echtzeitverfolgung des Bestellstatus.Durch die Nutzung des Panels erhalten Sie volle Kontrolle \u00fcber den Einkaufsprozess sowie schnellen Zugriff auf Informationen,&#8230;<\/p>\n","protected":false},"author":2,"featured_media":0,"parent":0,"menu_order":0,"comment_status":"closed","ping_status":"closed","template":"","meta":{"_acf_changed":false,"inline_featured_image":false,"_kad_blocks_custom_css":"","_kad_blocks_head_custom_js":"","_kad_blocks_body_custom_js":"","_kad_blocks_footer_custom_js":"","_kadence_starter_templates_imported_post":false,"_kad_post_transparent":"","_kad_post_title":"","_kad_post_layout":"","_kad_post_sidebar_id":"","_kad_post_content_style":"","_kad_post_vertical_padding":"","_kad_post_feature":"","_kad_post_feature_position":"","_kad_post_header":false,"_kad_post_footer":false,"footnotes":""},"class_list":["post-3870","page","type-page","status-publish","hentry"],"acf":[],"yoast_head":"<!-- This site is optimized with the Yoast SEO plugin v26.7 - https:\/\/yoast.com\/wordpress\/plugins\/seo\/ -->\n<title>Ablauf | LOPATO<\/title>\n<meta name=\"robots\" content=\"index, follow, max-snippet:-1, max-image-preview:large, max-video-preview:-1\" \/>\n<link rel=\"canonical\" href=\"https:\/\/lopato.pl\/de\/ablau\/\" \/>\n<meta property=\"og:locale\" content=\"de_DE\" \/>\n<meta property=\"og:type\" content=\"article\" \/>\n<meta property=\"og:title\" content=\"Ablauf | LOPATO\" \/>\n<meta property=\"og:description\" content=\"Wir empfehlen die Nutzung unseres B2B-Panels Unser B2B-Panel ist ein komfortabler und schneller Arbeitsbereich f\u00fcr unsere Gesch\u00e4ftspartner. Es erm\u00f6glicht das Online-Aufgeben von Bestellungen, den Zugriff auf aktuelle Preise und Lagerbest\u00e4nde, das Herunterladen von Dokumenten sowie die Echtzeitverfolgung des Bestellstatus.Durch die Nutzung des Panels erhalten Sie volle Kontrolle \u00fcber den Einkaufsprozess sowie schnellen Zugriff auf Informationen,...\" \/>\n<meta property=\"og:url\" content=\"https:\/\/lopato.pl\/de\/ablau\/\" \/>\n<meta property=\"og:site_name\" content=\"LOPATO\" \/>\n<meta property=\"article:modified_time\" content=\"2026-03-19T15:15:06+00:00\" \/>\n<meta property=\"og:image\" content=\"https:\/\/lopato.pl\/wp-content\/uploads\/2025\/06\/lopato-no-image-brak-obrazka-zaslepka.png\" \/>\n\t<meta property=\"og:image:width\" content=\"235\" \/>\n\t<meta property=\"og:image:height\" content=\"235\" \/>\n\t<meta property=\"og:image:type\" content=\"image\/png\" \/>\n<meta name=\"twitter:card\" content=\"summary_large_image\" \/>\n<meta name=\"twitter:label1\" content=\"Gesch\u00e4tzte Lesezeit\" \/>\n\t<meta name=\"twitter:data1\" content=\"3 minutes\" \/>\n<script type=\"application\/ld+json\" class=\"yoast-schema-graph\">{\"@context\":\"https:\/\/schema.org\",\"@graph\":[{\"@type\":\"WebPage\",\"@id\":\"https:\/\/lopato.pl\/de\/ablau\/\",\"url\":\"https:\/\/lopato.pl\/de\/ablau\/\",\"name\":\"Ablauf | LOPATO\",\"isPartOf\":{\"@id\":\"https:\/\/lopato.pl\/de\/#website\"},\"datePublished\":\"2025-04-24T12:06:22+00:00\",\"dateModified\":\"2026-03-19T15:15:06+00:00\",\"inLanguage\":\"de-DE\",\"potentialAction\":[{\"@type\":\"ReadAction\",\"target\":[\"https:\/\/lopato.pl\/de\/ablau\/\"]}]},{\"@type\":\"WebSite\",\"@id\":\"https:\/\/lopato.pl\/de\/#website\",\"url\":\"https:\/\/lopato.pl\/de\/\",\"name\":\"LOPATO\",\"description\":\"\",\"potentialAction\":[{\"@type\":\"SearchAction\",\"target\":{\"@type\":\"EntryPoint\",\"urlTemplate\":\"https:\/\/lopato.pl\/de\/?s={search_term_string}\"},\"query-input\":{\"@type\":\"PropertyValueSpecification\",\"valueRequired\":true,\"valueName\":\"search_term_string\"}}],\"inLanguage\":\"de-DE\"}]}<\/script>\n<!-- \/ Yoast SEO plugin. -->","yoast_head_json":{"title":"Ablauf | LOPATO","robots":{"index":"index","follow":"follow","max-snippet":"max-snippet:-1","max-image-preview":"max-image-preview:large","max-video-preview":"max-video-preview:-1"},"canonical":"https:\/\/lopato.pl\/de\/ablau\/","og_locale":"de_DE","og_type":"article","og_title":"Ablauf | LOPATO","og_description":"Wir empfehlen die Nutzung unseres B2B-Panels Unser B2B-Panel ist ein komfortabler und schneller Arbeitsbereich f\u00fcr unsere Gesch\u00e4ftspartner. Es erm\u00f6glicht das Online-Aufgeben von Bestellungen, den Zugriff auf aktuelle Preise und Lagerbest\u00e4nde, das Herunterladen von Dokumenten sowie die Echtzeitverfolgung des Bestellstatus.Durch die Nutzung des Panels erhalten Sie volle Kontrolle \u00fcber den Einkaufsprozess sowie schnellen Zugriff auf Informationen,...","og_url":"https:\/\/lopato.pl\/de\/ablau\/","og_site_name":"LOPATO","article_modified_time":"2026-03-19T15:15:06+00:00","og_image":[{"width":235,"height":235,"url":"https:\/\/lopato.pl\/wp-content\/uploads\/2025\/06\/lopato-no-image-brak-obrazka-zaslepka.png","type":"image\/png"}],"twitter_card":"summary_large_image","twitter_misc":{"Gesch\u00e4tzte Lesezeit":"3 minutes"},"schema":{"@context":"https:\/\/schema.org","@graph":[{"@type":"WebPage","@id":"https:\/\/lopato.pl\/de\/ablau\/","url":"https:\/\/lopato.pl\/de\/ablau\/","name":"Ablauf | LOPATO","isPartOf":{"@id":"https:\/\/lopato.pl\/de\/#website"},"datePublished":"2025-04-24T12:06:22+00:00","dateModified":"2026-03-19T15:15:06+00:00","inLanguage":"de-DE","potentialAction":[{"@type":"ReadAction","target":["https:\/\/lopato.pl\/de\/ablau\/"]}]},{"@type":"WebSite","@id":"https:\/\/lopato.pl\/de\/#website","url":"https:\/\/lopato.pl\/de\/","name":"LOPATO","description":"","potentialAction":[{"@type":"SearchAction","target":{"@type":"EntryPoint","urlTemplate":"https:\/\/lopato.pl\/de\/?s={search_term_string}"},"query-input":{"@type":"PropertyValueSpecification","valueRequired":true,"valueName":"search_term_string"}}],"inLanguage":"de-DE"}]}},"taxonomy_info":[],"featured_image_src_large":false,"author_info":{"display_name":"lopato","author_link":"https:\/\/lopato.pl\/de\/author\/lopato\/"},"comment_info":0,"_links":{"self":[{"href":"https:\/\/lopato.pl\/de\/wp-json\/wp\/v2\/pages\/3870","targetHints":{"allow":["GET"]}}],"collection":[{"href":"https:\/\/lopato.pl\/de\/wp-json\/wp\/v2\/pages"}],"about":[{"href":"https:\/\/lopato.pl\/de\/wp-json\/wp\/v2\/types\/page"}],"author":[{"embeddable":true,"href":"https:\/\/lopato.pl\/de\/wp-json\/wp\/v2\/users\/2"}],"replies":[{"embeddable":true,"href":"https:\/\/lopato.pl\/de\/wp-json\/wp\/v2\/comments?post=3870"}],"version-history":[{"count":14,"href":"https:\/\/lopato.pl\/de\/wp-json\/wp\/v2\/pages\/3870\/revisions"}],"predecessor-version":[{"id":6067,"href":"https:\/\/lopato.pl\/de\/wp-json\/wp\/v2\/pages\/3870\/revisions\/6067"}],"wp:attachment":[{"href":"https:\/\/lopato.pl\/de\/wp-json\/wp\/v2\/media?parent=3870"}],"curies":[{"name":"wp","href":"https:\/\/api.w.org\/{rel}","templated":true}]}}