{"id":5612,"date":"2026-02-21T16:30:23","date_gmt":"2026-02-21T15:30:23","guid":{"rendered":"https:\/\/lopato.pl\/?post_type=product&#038;p=5612"},"modified":"2026-03-11T12:04:40","modified_gmt":"2026-03-11T11:04:40","slug":"facherharke-kopia-3","status":"publish","type":"product","link":"https:\/\/lopato.pl\/de\/produkt\/facherharke-kopia-3\/","title":{"rendered":"F\u00e4cherrechen \u201eCanada\u201c Gelb"},"content":{"rendered":"<p data-start=\"0\" data-end=\"31\"><strong data-start=\"0\" data-end=\"31\">F\u00e4cherrechen \u201eCanada\u201c \u2013 Gelb<\/strong><\/p>\n<p data-start=\"33\" data-end=\"384\">Der F\u00e4cherrechen \u201eCanada\u201c in intensiver roter Farbe ist ein robustes und funktionales Werkzeug, das f\u00fcr effiziente Aufr\u00e4umarbeiten im Garten, auf dem Grundst\u00fcck und rund ums Haus entwickelt wurde. Er eignet sich hervorragend zum Zusammenrechen von Laub, gem\u00e4htem Gras und kleinen Zweigen und sorgt f\u00fcr eine schnelle und effektive Reinigung der Fl\u00e4che.<\/p>\n<p data-start=\"386\" data-end=\"731\">Der breite, f\u00e4cherf\u00f6rmige Kopf sowie die flexiblen, verformungsbest\u00e4ndigen Zinken erm\u00f6glichen ein gr\u00fcndliches Aufsammeln von Gartenabf\u00e4llen, ohne den Rasen oder die Pflanzen zu besch\u00e4digen. Die solide Verarbeitung garantiert Langlebigkeit, w\u00e4hrend die leichte und ergonomische Konstruktion auch bei l\u00e4ngerer Arbeit f\u00fcr hohen Bedienkomfort sorgt.<\/p>\n<p data-start=\"733\" data-end=\"753\"><strong data-start=\"733\" data-end=\"753\">Produktvorteile:<\/strong><\/p>\n<ul data-start=\"755\" data-end=\"944\" data-is-last-node=\"\" data-is-only-node=\"\">\n<li data-start=\"755\" data-end=\"795\">\n<p data-start=\"757\" data-end=\"795\">Breiter, leistungsstarker F\u00e4cherkopf<\/p>\n<\/li>\n<li data-start=\"796\" data-end=\"830\">\n<p data-start=\"798\" data-end=\"830\">Flexible und langlebige Zinken<\/p>\n<\/li>\n<li data-start=\"831\" data-end=\"871\">\n<p data-start=\"833\" data-end=\"871\">Leichte und komfortable Konstruktion<\/p>\n<\/li>\n<li data-start=\"872\" data-end=\"896\">\n<p data-start=\"874\" data-end=\"896\">Intensive Gelb Farbe<\/p>\n<\/li>\n<li data-start=\"897\" data-end=\"944\" data-is-last-node=\"\">\n<p data-start=\"899\" data-end=\"944\" data-is-last-node=\"\">Ideal f\u00fcr Laub, Gras und kleine Gartenabf\u00e4lle<\/p>\n<\/li>\n<\/ul>\n","protected":false},"excerpt":{"rendered":"<div class=\"text-base my-auto mx-auto [--thread-content-margin:--spacing(4)] @w-sm\/main:[--thread-content-margin:--spacing(6)] @w-lg\/main:[--thread-content-margin:--spacing(16)] px-(--thread-content-margin)\">\n<div class=\"[--thread-content-max-width:40rem] @w-lg\/main:[--thread-content-max-width:48rem] mx-auto max-w-(--thread-content-max-width) flex-1 group\/turn-messages focus-visible:outline-hidden relative flex w-full min-w-0 flex-col agent-turn\" tabindex=\"-1\">\n<div class=\"flex max-w-full flex-col grow AIPRM__conversation__response\">\n<div class=\"min-h-8 text-message relative flex w-full flex-col items-end gap-2 text-start break-words whitespace-normal [.text-message+&amp;]:mt-1\" dir=\"auto\" data-message-author-role=\"assistant\" data-message-id=\"cfe1a043-2c89-4387-adb4-78b35b7804bc\" data-message-model-slug=\"gpt-5-3\">\n<div class=\"flex w-full flex-col gap-1 empty:hidden first:pt-[1px]\">\n<div class=\"markdown prose dark:prose-invert w-full wrap-break-word dark markdown-new-styling\">\n<p data-start=\"0\" data-end=\"75\" data-is-last-node=\"\" data-is-only-node=\"\"><strong data-start=\"0\" data-end=\"75\" data-is-last-node=\"\" data-is-only-node=\"\">Produkt ist in vollen Palettenmengen sowie als Paletten-MIX erh\u00e4ltlich.<\/strong><\/p>\n<\/div>\n<\/div>\n<\/div>\n<\/div>\n<div class=\"z-0 flex min-h-[46px] justify-start\"><\/div>\n<\/div>\n<\/div>\n","protected":false},"featured_media":6215,"comment_status":"open","ping_status":"closed","template":"","meta":{"_acf_changed":false,"inline_featured_image":false,"_kad_blocks_custom_css":"","_kad_blocks_head_custom_js":"","_kad_blocks_body_custom_js":"","_kad_blocks_footer_custom_js":"","_kadence_starter_templates_imported_post":false,"_kad_post_transparent":"default","_kad_post_title":"","_kad_post_layout":"default","_kad_post_sidebar_id":"","_kad_post_content_style":"default","_kad_post_vertical_padding":"default","_kad_post_feature":"","_kad_post_feature_position":"","_kad_post_header":false,"_kad_post_footer":false},"product_brand":[],"product_cat":[439,1120],"product_tag":[],"product_brands":[],"class_list":{"0":"post-5612","1":"product","2":"type-product","3":"status-publish","4":"has-post-thumbnail","6":"product_cat-gartenprodukte","7":"product_cat-rechen","8":"HidePrice","10":"first","11":"instock","12":"featured","13":"taxable","14":"shipping-taxable","15":"purchasable","16":"product-type-simple","17":"entry","18":"content-bg","19":"loop-entry"},"acf":[],"yoast_head":"<!-- This site is optimized with the Yoast SEO plugin v26.7 - https:\/\/yoast.com\/wordpress\/plugins\/seo\/ -->\n<title>F\u00e4cherrechen \u201eCanada\u201c Gelb | LOPATO<\/title>\n<meta name=\"description\" content=\"Ein solider und einfach zu verwendender F\u00e4cherrechen zum Zusammenharken von Bl\u00e4ttern, Gras und kleinen Gartenabf\u00e4llen.\" \/>\n<meta name=\"robots\" content=\"index, follow, max-snippet:-1, max-image-preview:large, max-video-preview:-1\" \/>\n<link rel=\"canonical\" href=\"https:\/\/lopato.pl\/de\/produkt\/facherharke-kopia-3\/\" \/>\n<meta property=\"og:locale\" content=\"de_DE\" \/>\n<meta property=\"og:type\" content=\"article\" \/>\n<meta property=\"og:title\" content=\"F\u00e4cherrechen \u201eCanada\u201c Gelb | LOPATO\" \/>\n<meta property=\"og:description\" content=\"Ein solider und einfach zu verwendender F\u00e4cherrechen zum Zusammenharken von Bl\u00e4ttern, Gras und kleinen Gartenabf\u00e4llen.\" \/>\n<meta property=\"og:url\" content=\"https:\/\/lopato.pl\/de\/produkt\/facherharke-kopia-3\/\" \/>\n<meta property=\"og:site_name\" content=\"LOPATO\" \/>\n<meta property=\"article:modified_time\" content=\"2026-03-11T11:04:40+00:00\" \/>\n<meta property=\"og:image\" content=\"https:\/\/lopato.pl\/wp-content\/uploads\/2026\/02\/Grabie-do-lisci-CANADA-3.jpg\" \/>\n\t<meta property=\"og:image:width\" content=\"2000\" \/>\n\t<meta property=\"og:image:height\" content=\"2000\" \/>\n\t<meta property=\"og:image:type\" content=\"image\/jpeg\" \/>\n<meta name=\"twitter:card\" content=\"summary_large_image\" \/>\n<meta name=\"twitter:label1\" content=\"Gesch\u00e4tzte Lesezeit\" \/>\n\t<meta name=\"twitter:data1\" content=\"1 minute\" \/>\n<script type=\"application\/ld+json\" class=\"yoast-schema-graph\">{\"@context\":\"https:\/\/schema.org\",\"@graph\":[{\"@type\":\"WebPage\",\"@id\":\"https:\/\/lopato.pl\/de\/produkt\/facherharke-kopia-3\/\",\"url\":\"https:\/\/lopato.pl\/de\/produkt\/facherharke-kopia-3\/\",\"name\":\"F\u00e4cherrechen \u201eCanada\u201c Gelb | LOPATO\",\"isPartOf\":{\"@id\":\"https:\/\/lopato.pl\/de\/#website\"},\"primaryImageOfPage\":{\"@id\":\"https:\/\/lopato.pl\/de\/produkt\/facherharke-kopia-3\/#primaryimage\"},\"image\":{\"@id\":\"https:\/\/lopato.pl\/de\/produkt\/facherharke-kopia-3\/#primaryimage\"},\"thumbnailUrl\":\"https:\/\/lopato.pl\/wp-content\/uploads\/2026\/02\/Grabie-do-lisci-CANADA-3.jpg\",\"datePublished\":\"2026-02-21T15:30:23+00:00\",\"dateModified\":\"2026-03-11T11:04:40+00:00\",\"description\":\"Ein solider und einfach zu verwendender F\u00e4cherrechen zum Zusammenharken von Bl\u00e4ttern, Gras und kleinen Gartenabf\u00e4llen.\",\"breadcrumb\":{\"@id\":\"https:\/\/lopato.pl\/de\/produkt\/facherharke-kopia-3\/#breadcrumb\"},\"inLanguage\":\"de-DE\",\"potentialAction\":[{\"@type\":\"ReadAction\",\"target\":[\"https:\/\/lopato.pl\/de\/produkt\/facherharke-kopia-3\/\"]}]},{\"@type\":\"ImageObject\",\"inLanguage\":\"de-DE\",\"@id\":\"https:\/\/lopato.pl\/de\/produkt\/facherharke-kopia-3\/#primaryimage\",\"url\":\"https:\/\/lopato.pl\/wp-content\/uploads\/2026\/02\/Grabie-do-lisci-CANADA-3.jpg\",\"contentUrl\":\"https:\/\/lopato.pl\/wp-content\/uploads\/2026\/02\/Grabie-do-lisci-CANADA-3.jpg\",\"width\":2000,\"height\":2000},{\"@type\":\"BreadcrumbList\",\"@id\":\"https:\/\/lopato.pl\/de\/produkt\/facherharke-kopia-3\/#breadcrumb\",\"itemListElement\":[{\"@type\":\"ListItem\",\"position\":1,\"name\":\"Produkte\",\"item\":\"https:\/\/lopato.pl\/produkty\/\"},{\"@type\":\"ListItem\",\"position\":2,\"name\":\"F\u00e4cherrechen \u201eCanada\u201c Gelb\"}]},{\"@type\":\"WebSite\",\"@id\":\"https:\/\/lopato.pl\/de\/#website\",\"url\":\"https:\/\/lopato.pl\/de\/\",\"name\":\"LOPATO\",\"description\":\"\",\"potentialAction\":[{\"@type\":\"SearchAction\",\"target\":{\"@type\":\"EntryPoint\",\"urlTemplate\":\"https:\/\/lopato.pl\/de\/?s={search_term_string}\"},\"query-input\":{\"@type\":\"PropertyValueSpecification\",\"valueRequired\":true,\"valueName\":\"search_term_string\"}}],\"inLanguage\":\"de-DE\"}]}<\/script>\n<!-- \/ Yoast SEO plugin. -->","yoast_head_json":{"title":"F\u00e4cherrechen \u201eCanada\u201c Gelb | LOPATO","description":"Ein solider und einfach zu verwendender F\u00e4cherrechen zum Zusammenharken von Bl\u00e4ttern, Gras und kleinen Gartenabf\u00e4llen.","robots":{"index":"index","follow":"follow","max-snippet":"max-snippet:-1","max-image-preview":"max-image-preview:large","max-video-preview":"max-video-preview:-1"},"canonical":"https:\/\/lopato.pl\/de\/produkt\/facherharke-kopia-3\/","og_locale":"de_DE","og_type":"article","og_title":"F\u00e4cherrechen \u201eCanada\u201c Gelb | LOPATO","og_description":"Ein solider und einfach zu verwendender F\u00e4cherrechen zum Zusammenharken von Bl\u00e4ttern, Gras und kleinen Gartenabf\u00e4llen.","og_url":"https:\/\/lopato.pl\/de\/produkt\/facherharke-kopia-3\/","og_site_name":"LOPATO","article_modified_time":"2026-03-11T11:04:40+00:00","og_image":[{"width":2000,"height":2000,"url":"https:\/\/lopato.pl\/wp-content\/uploads\/2026\/02\/Grabie-do-lisci-CANADA-3.jpg","type":"image\/jpeg"}],"twitter_card":"summary_large_image","twitter_misc":{"Gesch\u00e4tzte Lesezeit":"1 minute"},"schema":{"@context":"https:\/\/schema.org","@graph":[{"@type":"WebPage","@id":"https:\/\/lopato.pl\/de\/produkt\/facherharke-kopia-3\/","url":"https:\/\/lopato.pl\/de\/produkt\/facherharke-kopia-3\/","name":"F\u00e4cherrechen \u201eCanada\u201c Gelb | LOPATO","isPartOf":{"@id":"https:\/\/lopato.pl\/de\/#website"},"primaryImageOfPage":{"@id":"https:\/\/lopato.pl\/de\/produkt\/facherharke-kopia-3\/#primaryimage"},"image":{"@id":"https:\/\/lopato.pl\/de\/produkt\/facherharke-kopia-3\/#primaryimage"},"thumbnailUrl":"https:\/\/lopato.pl\/wp-content\/uploads\/2026\/02\/Grabie-do-lisci-CANADA-3.jpg","datePublished":"2026-02-21T15:30:23+00:00","dateModified":"2026-03-11T11:04:40+00:00","description":"Ein solider und einfach zu verwendender F\u00e4cherrechen zum Zusammenharken von Bl\u00e4ttern, Gras und kleinen Gartenabf\u00e4llen.","breadcrumb":{"@id":"https:\/\/lopato.pl\/de\/produkt\/facherharke-kopia-3\/#breadcrumb"},"inLanguage":"de-DE","potentialAction":[{"@type":"ReadAction","target":["https:\/\/lopato.pl\/de\/produkt\/facherharke-kopia-3\/"]}]},{"@type":"ImageObject","inLanguage":"de-DE","@id":"https:\/\/lopato.pl\/de\/produkt\/facherharke-kopia-3\/#primaryimage","url":"https:\/\/lopato.pl\/wp-content\/uploads\/2026\/02\/Grabie-do-lisci-CANADA-3.jpg","contentUrl":"https:\/\/lopato.pl\/wp-content\/uploads\/2026\/02\/Grabie-do-lisci-CANADA-3.jpg","width":2000,"height":2000},{"@type":"BreadcrumbList","@id":"https:\/\/lopato.pl\/de\/produkt\/facherharke-kopia-3\/#breadcrumb","itemListElement":[{"@type":"ListItem","position":1,"name":"Produkte","item":"https:\/\/lopato.pl\/produkty\/"},{"@type":"ListItem","position":2,"name":"F\u00e4cherrechen \u201eCanada\u201c Gelb"}]},{"@type":"WebSite","@id":"https:\/\/lopato.pl\/de\/#website","url":"https:\/\/lopato.pl\/de\/","name":"LOPATO","description":"","potentialAction":[{"@type":"SearchAction","target":{"@type":"EntryPoint","urlTemplate":"https:\/\/lopato.pl\/de\/?s={search_term_string}"},"query-input":{"@type":"PropertyValueSpecification","valueRequired":true,"valueName":"search_term_string"}}],"inLanguage":"de-DE"}]}},"taxonomy_info":{"product_cat":[{"value":439,"label":"Gartenprodukte"},{"value":1120,"label":"Rechen"}]},"featured_image_src_large":["https:\/\/lopato.pl\/wp-content\/uploads\/2026\/02\/Grabie-do-lisci-CANADA-3-1200x1200.jpg",1200,1200,true],"author_info":[],"comment_info":0,"_links":{"self":[{"href":"https:\/\/lopato.pl\/de\/wp-json\/wp\/v2\/product\/5612","targetHints":{"allow":["GET"]}}],"collection":[{"href":"https:\/\/lopato.pl\/de\/wp-json\/wp\/v2\/product"}],"about":[{"href":"https:\/\/lopato.pl\/de\/wp-json\/wp\/v2\/types\/product"}],"replies":[{"embeddable":true,"href":"https:\/\/lopato.pl\/de\/wp-json\/wp\/v2\/comments?post=5612"}],"wp:featuredmedia":[{"embeddable":true,"href":"https:\/\/lopato.pl\/de\/wp-json\/wp\/v2\/media\/6215"}],"wp:attachment":[{"href":"https:\/\/lopato.pl\/de\/wp-json\/wp\/v2\/media?parent=5612"}],"wp:term":[{"taxonomy":"product_brand","embeddable":true,"href":"https:\/\/lopato.pl\/de\/wp-json\/wp\/v2\/product_brand?post=5612"},{"taxonomy":"product_cat","embeddable":true,"href":"https:\/\/lopato.pl\/de\/wp-json\/wp\/v2\/product_cat?post=5612"},{"taxonomy":"product_tag","embeddable":true,"href":"https:\/\/lopato.pl\/de\/wp-json\/wp\/v2\/product_tag?post=5612"},{"taxonomy":"product_brands","embeddable":true,"href":"https:\/\/lopato.pl\/de\/wp-json\/wp\/v2\/product_brands?post=5612"}],"curies":[{"name":"wp","href":"https:\/\/api.w.org\/{rel}","templated":true}]}}