{"id":5666,"date":"2026-02-21T16:39:12","date_gmt":"2026-02-21T15:39:12","guid":{"rendered":"https:\/\/lopato.pl\/?post_type=product&#038;p=5666"},"modified":"2026-03-11T11:55:59","modified_gmt":"2026-03-11T10:55:59","slug":"facherharke-kopia-2","status":"publish","type":"product","link":"https:\/\/lopato.pl\/de\/produkt\/facherharke-kopia-2\/","title":{"rendered":"F\u00e4cherrechen \u201eCanada\u201c \u2013 orange"},"content":{"rendered":"<p data-start=\"0\" data-end=\"36\"><strong data-start=\"0\" data-end=\"34\">F\u00e4cherrechen \u201eCanada\u201c \u2013 ORANGE<\/strong><\/p>\n<p data-start=\"38\" data-end=\"360\">Der F\u00e4cherrechen \u201eCanada\u201c in intensivem Orange ist ein robustes und praktisches Werkzeug f\u00fcr Aufr\u00e4umarbeiten im Garten, auf dem Grundst\u00fcck und rund ums Haus. Er eignet sich hervorragend zum Zusammenrechen von Laub, gem\u00e4htem Gras und kleinen Zweigen und erm\u00f6glicht ein schnelles und effektives Aufr\u00e4umen gr\u00f6\u00dferer Fl\u00e4chen.<\/p>\n<p data-start=\"362\" data-end=\"677\">Der breite, f\u00e4cherf\u00f6rmige Kopf mit flexiblen, verformungsbest\u00e4ndigen Zinken sorgt f\u00fcr gr\u00fcndliches Aufsammeln von Abf\u00e4llen, ohne Rasen oder Beete zu besch\u00e4digen. Die solide Verarbeitung garantiert Langlebigkeit und Zuverl\u00e4ssigkeit bei intensiver Nutzung, w\u00e4hrend die leichte Konstruktion den Arbeitskomfort erh\u00f6ht.<\/p>\n<p data-start=\"679\" data-end=\"701\"><strong data-start=\"679\" data-end=\"699\">Produktvorteile:<\/strong><\/p>\n<ul data-start=\"703\" data-end=\"894\" data-is-last-node=\"\" data-is-only-node=\"\">\n<li data-start=\"703\" data-end=\"743\">\n<p data-start=\"705\" data-end=\"743\">Breiter, leistungsstarker F\u00e4cherkopf<\/p>\n<\/li>\n<li data-start=\"744\" data-end=\"778\">\n<p data-start=\"746\" data-end=\"778\">Flexible und langlebige Zinken<\/p>\n<\/li>\n<li data-start=\"779\" data-end=\"817\">\n<p data-start=\"781\" data-end=\"817\">Leichte, ergonomische Konstruktion<\/p>\n<\/li>\n<li data-start=\"818\" data-end=\"846\">\n<p data-start=\"820\" data-end=\"846\">Auff\u00e4llige, orange Farbe<\/p>\n<\/li>\n<li data-start=\"847\" data-end=\"894\" data-is-last-node=\"\">\n<p data-start=\"849\" data-end=\"894\" data-is-last-node=\"\">Ideal f\u00fcr Laub, Gras und kleine Gartenabf\u00e4lle<\/p>\n<\/li>\n<\/ul>\n","protected":false},"excerpt":{"rendered":"<div class=\"text-base my-auto mx-auto [--thread-content-margin:--spacing(4)] @w-sm\/main:[--thread-content-margin:--spacing(6)] @w-lg\/main:[--thread-content-margin:--spacing(16)] px-(--thread-content-margin)\">\n<div class=\"[--thread-content-max-width:40rem] @w-lg\/main:[--thread-content-max-width:48rem] mx-auto max-w-(--thread-content-max-width) flex-1 group\/turn-messages focus-visible:outline-hidden relative flex w-full min-w-0 flex-col agent-turn\" tabindex=\"-1\">\n<div class=\"flex max-w-full flex-col grow AIPRM__conversation__response\">\n<div class=\"min-h-8 text-message relative flex w-full flex-col items-end gap-2 text-start break-words whitespace-normal [.text-message+&amp;]:mt-1\" dir=\"auto\" data-message-author-role=\"assistant\" data-message-id=\"20531971-37be-4770-a1a3-be8629361dc1\" data-message-model-slug=\"gpt-5-mini\">\n<div class=\"flex w-full flex-col gap-1 empty:hidden first:pt-[1px]\">\n<div class=\"markdown prose dark:prose-invert w-full wrap-break-word dark markdown-new-styling\">\n<p data-start=\"17\" data-end=\"96\" data-is-last-node=\"\" data-is-only-node=\"\"><strong data-start=\"17\" data-end=\"96\" data-is-last-node=\"\">Das Produkt ist in vollen Palettenmengen sowie als Paletten-MIX erh\u00e4ltlich.<\/strong><\/p>\n<\/div>\n<\/div>\n<\/div>\n<\/div>\n<div class=\"z-0 flex min-h-[46px] justify-start\"><\/div>\n<\/div>\n<\/div>\n","protected":false},"featured_media":6181,"comment_status":"open","ping_status":"closed","template":"","meta":{"_acf_changed":false,"inline_featured_image":false,"_kad_blocks_custom_css":"","_kad_blocks_head_custom_js":"","_kad_blocks_body_custom_js":"","_kad_blocks_footer_custom_js":"","_kadence_starter_templates_imported_post":false,"_kad_post_transparent":"default","_kad_post_title":"","_kad_post_layout":"default","_kad_post_sidebar_id":"","_kad_post_content_style":"default","_kad_post_vertical_padding":"default","_kad_post_feature":"","_kad_post_feature_position":"","_kad_post_header":false,"_kad_post_footer":false},"product_brand":[],"product_cat":[439,1120],"product_tag":[],"product_brands":[],"class_list":{"0":"post-5666","1":"product","2":"type-product","3":"status-publish","4":"has-post-thumbnail","6":"product_cat-gartenprodukte","7":"product_cat-rechen","8":"HidePrice","10":"first","11":"instock","12":"featured","13":"taxable","14":"shipping-taxable","15":"purchasable","16":"product-type-simple","17":"entry","18":"content-bg","19":"loop-entry"},"acf":[],"yoast_head":"<!-- This site is optimized with the Yoast SEO plugin v26.7 - https:\/\/yoast.com\/wordpress\/plugins\/seo\/ -->\n<title>F\u00e4cherrechen \u201eCanada\u201c \u2013 orange | LOPATO<\/title>\n<meta name=\"description\" content=\"Ein solider und einfach zu verwendender F\u00e4cherrechen zum Zusammenharken von Bl\u00e4ttern, Gras und kleinen Gartenabf\u00e4llen.\" \/>\n<meta name=\"robots\" content=\"index, follow, max-snippet:-1, max-image-preview:large, max-video-preview:-1\" \/>\n<link rel=\"canonical\" href=\"https:\/\/lopato.pl\/de\/produkt\/facherharke-kopia-2\/\" \/>\n<meta property=\"og:locale\" content=\"de_DE\" \/>\n<meta property=\"og:type\" content=\"article\" \/>\n<meta property=\"og:title\" content=\"F\u00e4cherrechen \u201eCanada\u201c \u2013 orange | LOPATO\" \/>\n<meta property=\"og:description\" content=\"Ein solider und einfach zu verwendender F\u00e4cherrechen zum Zusammenharken von Bl\u00e4ttern, Gras und kleinen Gartenabf\u00e4llen.\" \/>\n<meta property=\"og:url\" content=\"https:\/\/lopato.pl\/de\/produkt\/facherharke-kopia-2\/\" \/>\n<meta property=\"og:site_name\" content=\"LOPATO\" \/>\n<meta property=\"article:modified_time\" content=\"2026-03-11T10:55:59+00:00\" \/>\n<meta property=\"og:image\" content=\"https:\/\/lopato.pl\/wp-content\/uploads\/2026\/02\/Grabie-do-lisci-CANADA-4.jpg\" \/>\n\t<meta property=\"og:image:width\" content=\"2000\" \/>\n\t<meta property=\"og:image:height\" content=\"2000\" \/>\n\t<meta property=\"og:image:type\" content=\"image\/jpeg\" \/>\n<meta name=\"twitter:card\" content=\"summary_large_image\" \/>\n<meta name=\"twitter:label1\" content=\"Gesch\u00e4tzte Lesezeit\" \/>\n\t<meta name=\"twitter:data1\" content=\"1 minute\" \/>\n<script type=\"application\/ld+json\" class=\"yoast-schema-graph\">{\"@context\":\"https:\/\/schema.org\",\"@graph\":[{\"@type\":\"WebPage\",\"@id\":\"https:\/\/lopato.pl\/de\/produkt\/facherharke-kopia-2\/\",\"url\":\"https:\/\/lopato.pl\/de\/produkt\/facherharke-kopia-2\/\",\"name\":\"F\u00e4cherrechen \u201eCanada\u201c \u2013 orange | LOPATO\",\"isPartOf\":{\"@id\":\"https:\/\/lopato.pl\/de\/#website\"},\"primaryImageOfPage\":{\"@id\":\"https:\/\/lopato.pl\/de\/produkt\/facherharke-kopia-2\/#primaryimage\"},\"image\":{\"@id\":\"https:\/\/lopato.pl\/de\/produkt\/facherharke-kopia-2\/#primaryimage\"},\"thumbnailUrl\":\"https:\/\/lopato.pl\/wp-content\/uploads\/2026\/02\/Grabie-do-lisci-CANADA-4.jpg\",\"datePublished\":\"2026-02-21T15:39:12+00:00\",\"dateModified\":\"2026-03-11T10:55:59+00:00\",\"description\":\"Ein solider und einfach zu verwendender F\u00e4cherrechen zum Zusammenharken von Bl\u00e4ttern, Gras und kleinen Gartenabf\u00e4llen.\",\"breadcrumb\":{\"@id\":\"https:\/\/lopato.pl\/de\/produkt\/facherharke-kopia-2\/#breadcrumb\"},\"inLanguage\":\"de-DE\",\"potentialAction\":[{\"@type\":\"ReadAction\",\"target\":[\"https:\/\/lopato.pl\/de\/produkt\/facherharke-kopia-2\/\"]}]},{\"@type\":\"ImageObject\",\"inLanguage\":\"de-DE\",\"@id\":\"https:\/\/lopato.pl\/de\/produkt\/facherharke-kopia-2\/#primaryimage\",\"url\":\"https:\/\/lopato.pl\/wp-content\/uploads\/2026\/02\/Grabie-do-lisci-CANADA-4.jpg\",\"contentUrl\":\"https:\/\/lopato.pl\/wp-content\/uploads\/2026\/02\/Grabie-do-lisci-CANADA-4.jpg\",\"width\":2000,\"height\":2000},{\"@type\":\"BreadcrumbList\",\"@id\":\"https:\/\/lopato.pl\/de\/produkt\/facherharke-kopia-2\/#breadcrumb\",\"itemListElement\":[{\"@type\":\"ListItem\",\"position\":1,\"name\":\"Produkte\",\"item\":\"https:\/\/lopato.pl\/produkty\/\"},{\"@type\":\"ListItem\",\"position\":2,\"name\":\"F\u00e4cherrechen \u201eCanada\u201c \u2013 orange\"}]},{\"@type\":\"WebSite\",\"@id\":\"https:\/\/lopato.pl\/de\/#website\",\"url\":\"https:\/\/lopato.pl\/de\/\",\"name\":\"LOPATO\",\"description\":\"\",\"potentialAction\":[{\"@type\":\"SearchAction\",\"target\":{\"@type\":\"EntryPoint\",\"urlTemplate\":\"https:\/\/lopato.pl\/de\/?s={search_term_string}\"},\"query-input\":{\"@type\":\"PropertyValueSpecification\",\"valueRequired\":true,\"valueName\":\"search_term_string\"}}],\"inLanguage\":\"de-DE\"}]}<\/script>\n<!-- \/ Yoast SEO plugin. -->","yoast_head_json":{"title":"F\u00e4cherrechen \u201eCanada\u201c \u2013 orange | LOPATO","description":"Ein solider und einfach zu verwendender F\u00e4cherrechen zum Zusammenharken von Bl\u00e4ttern, Gras und kleinen Gartenabf\u00e4llen.","robots":{"index":"index","follow":"follow","max-snippet":"max-snippet:-1","max-image-preview":"max-image-preview:large","max-video-preview":"max-video-preview:-1"},"canonical":"https:\/\/lopato.pl\/de\/produkt\/facherharke-kopia-2\/","og_locale":"de_DE","og_type":"article","og_title":"F\u00e4cherrechen \u201eCanada\u201c \u2013 orange | LOPATO","og_description":"Ein solider und einfach zu verwendender F\u00e4cherrechen zum Zusammenharken von Bl\u00e4ttern, Gras und kleinen Gartenabf\u00e4llen.","og_url":"https:\/\/lopato.pl\/de\/produkt\/facherharke-kopia-2\/","og_site_name":"LOPATO","article_modified_time":"2026-03-11T10:55:59+00:00","og_image":[{"width":2000,"height":2000,"url":"https:\/\/lopato.pl\/wp-content\/uploads\/2026\/02\/Grabie-do-lisci-CANADA-4.jpg","type":"image\/jpeg"}],"twitter_card":"summary_large_image","twitter_misc":{"Gesch\u00e4tzte Lesezeit":"1 minute"},"schema":{"@context":"https:\/\/schema.org","@graph":[{"@type":"WebPage","@id":"https:\/\/lopato.pl\/de\/produkt\/facherharke-kopia-2\/","url":"https:\/\/lopato.pl\/de\/produkt\/facherharke-kopia-2\/","name":"F\u00e4cherrechen \u201eCanada\u201c \u2013 orange | LOPATO","isPartOf":{"@id":"https:\/\/lopato.pl\/de\/#website"},"primaryImageOfPage":{"@id":"https:\/\/lopato.pl\/de\/produkt\/facherharke-kopia-2\/#primaryimage"},"image":{"@id":"https:\/\/lopato.pl\/de\/produkt\/facherharke-kopia-2\/#primaryimage"},"thumbnailUrl":"https:\/\/lopato.pl\/wp-content\/uploads\/2026\/02\/Grabie-do-lisci-CANADA-4.jpg","datePublished":"2026-02-21T15:39:12+00:00","dateModified":"2026-03-11T10:55:59+00:00","description":"Ein solider und einfach zu verwendender F\u00e4cherrechen zum Zusammenharken von Bl\u00e4ttern, Gras und kleinen Gartenabf\u00e4llen.","breadcrumb":{"@id":"https:\/\/lopato.pl\/de\/produkt\/facherharke-kopia-2\/#breadcrumb"},"inLanguage":"de-DE","potentialAction":[{"@type":"ReadAction","target":["https:\/\/lopato.pl\/de\/produkt\/facherharke-kopia-2\/"]}]},{"@type":"ImageObject","inLanguage":"de-DE","@id":"https:\/\/lopato.pl\/de\/produkt\/facherharke-kopia-2\/#primaryimage","url":"https:\/\/lopato.pl\/wp-content\/uploads\/2026\/02\/Grabie-do-lisci-CANADA-4.jpg","contentUrl":"https:\/\/lopato.pl\/wp-content\/uploads\/2026\/02\/Grabie-do-lisci-CANADA-4.jpg","width":2000,"height":2000},{"@type":"BreadcrumbList","@id":"https:\/\/lopato.pl\/de\/produkt\/facherharke-kopia-2\/#breadcrumb","itemListElement":[{"@type":"ListItem","position":1,"name":"Produkte","item":"https:\/\/lopato.pl\/produkty\/"},{"@type":"ListItem","position":2,"name":"F\u00e4cherrechen \u201eCanada\u201c \u2013 orange"}]},{"@type":"WebSite","@id":"https:\/\/lopato.pl\/de\/#website","url":"https:\/\/lopato.pl\/de\/","name":"LOPATO","description":"","potentialAction":[{"@type":"SearchAction","target":{"@type":"EntryPoint","urlTemplate":"https:\/\/lopato.pl\/de\/?s={search_term_string}"},"query-input":{"@type":"PropertyValueSpecification","valueRequired":true,"valueName":"search_term_string"}}],"inLanguage":"de-DE"}]}},"taxonomy_info":{"product_cat":[{"value":439,"label":"Gartenprodukte"},{"value":1120,"label":"Rechen"}]},"featured_image_src_large":["https:\/\/lopato.pl\/wp-content\/uploads\/2026\/02\/Grabie-do-lisci-CANADA-4-1200x1200.jpg",1200,1200,true],"author_info":[],"comment_info":0,"_links":{"self":[{"href":"https:\/\/lopato.pl\/de\/wp-json\/wp\/v2\/product\/5666","targetHints":{"allow":["GET"]}}],"collection":[{"href":"https:\/\/lopato.pl\/de\/wp-json\/wp\/v2\/product"}],"about":[{"href":"https:\/\/lopato.pl\/de\/wp-json\/wp\/v2\/types\/product"}],"replies":[{"embeddable":true,"href":"https:\/\/lopato.pl\/de\/wp-json\/wp\/v2\/comments?post=5666"}],"wp:featuredmedia":[{"embeddable":true,"href":"https:\/\/lopato.pl\/de\/wp-json\/wp\/v2\/media\/6181"}],"wp:attachment":[{"href":"https:\/\/lopato.pl\/de\/wp-json\/wp\/v2\/media?parent=5666"}],"wp:term":[{"taxonomy":"product_brand","embeddable":true,"href":"https:\/\/lopato.pl\/de\/wp-json\/wp\/v2\/product_brand?post=5666"},{"taxonomy":"product_cat","embeddable":true,"href":"https:\/\/lopato.pl\/de\/wp-json\/wp\/v2\/product_cat?post=5666"},{"taxonomy":"product_tag","embeddable":true,"href":"https:\/\/lopato.pl\/de\/wp-json\/wp\/v2\/product_tag?post=5666"},{"taxonomy":"product_brands","embeddable":true,"href":"https:\/\/lopato.pl\/de\/wp-json\/wp\/v2\/product_brands?post=5666"}],"curies":[{"name":"wp","href":"https:\/\/api.w.org\/{rel}","templated":true}]}}