{"id":5724,"date":"2026-02-22T16:42:54","date_gmt":"2026-02-22T15:42:54","guid":{"rendered":"https:\/\/lopato.pl\/?post_type=product&#038;p=5724"},"modified":"2026-03-18T17:27:45","modified_gmt":"2026-03-18T16:27:45","slug":"lochkorb-kopia-kopia-kopia-kopia-kopia","status":"publish","type":"product","link":"https:\/\/lopato.pl\/de\/produkt\/lochkorb-kopia-kopia-kopia-kopia-kopia\/","title":{"rendered":"Lochkorb FI500 BLAU"},"content":{"rendered":"<p data-start=\"106\" data-end=\"338\">Plastikkorb mit Lochmuster 45\u202fL<br data-start=\"137\" data-end=\"140\" \/>Leichter und funktionaler Lochkorb aus robustem Kunststoff. Ideal zur Aufbewahrung von W\u00e4sche, Spielzeug, Werkzeugen, Lebensmitteln oder kleinen Accessoires zu Hause, im B\u00fcro, Lager oder Gesch\u00e4ft.<\/p>\n<p data-start=\"340\" data-end=\"361\"><strong data-start=\"340\" data-end=\"354\">Kapazit\u00e4t:<\/strong> 45\u202fL<\/p>\n<ul data-start=\"363\" data-end=\"577\">\n<li data-section-id=\"sziji\" data-start=\"363\" data-end=\"411\">\n<p data-start=\"365\" data-end=\"411\">Lochkonstruktion \u2013 sorgt f\u00fcr Luftzirkulation<\/p>\n<\/li>\n<li data-section-id=\"934n44\" data-start=\"412\" data-end=\"451\">\n<p data-start=\"414\" data-end=\"451\">Bequeme Griffe f\u00fcr einfaches Tragen<\/p>\n<\/li>\n<li data-section-id=\"1shscnw\" data-start=\"452\" data-end=\"500\">\n<p data-start=\"454\" data-end=\"500\">\u00c4sthetisches Design \u2013 passt in jede Umgebung<\/p>\n<\/li>\n<li data-section-id=\"zlmyah\" data-start=\"501\" data-end=\"577\">\n<p data-start=\"503\" data-end=\"577\">Praktische L\u00f6sung zur Organisation von Raum zu Hause und am Arbeitsplatz<\/p>\n<\/li>\n<\/ul>\n","protected":false},"excerpt":{"rendered":"<p>Produkt ist in vollen Palettenmengen sowie im MIX-Paletten-Format erh\u00e4ltlich.<\/p>\n","protected":false},"featured_media":5713,"comment_status":"open","ping_status":"closed","template":"","meta":{"_acf_changed":false,"inline_featured_image":false,"_kad_blocks_custom_css":"","_kad_blocks_head_custom_js":"","_kad_blocks_body_custom_js":"","_kad_blocks_footer_custom_js":"","_kadence_starter_templates_imported_post":false,"_kad_post_transparent":"default","_kad_post_title":"","_kad_post_layout":"default","_kad_post_sidebar_id":"","_kad_post_content_style":"default","_kad_post_vertical_padding":"default","_kad_post_feature":"","_kad_post_feature_position":"","_kad_post_header":false,"_kad_post_footer":false},"product_brand":[],"product_cat":[1142,1137,439,441],"product_tag":[],"product_brands":[],"class_list":{"0":"post-5724","1":"product","2":"type-product","3":"status-publish","4":"has-post-thumbnail","6":"product_cat-baskets","7":"product_cat-behalter-und-korbe","8":"product_cat-gartenprodukte","9":"product_cat-haushaltswaren","10":"pa_pojemnosc-45l","11":"HidePrice","13":"first","14":"instock","15":"featured","16":"taxable","17":"shipping-taxable","18":"purchasable","19":"product-type-simple","20":"entry","21":"content-bg","22":"loop-entry"},"acf":[],"yoast_head":"<!-- This site is optimized with the Yoast SEO plugin v26.7 - https:\/\/yoast.com\/wordpress\/plugins\/seo\/ -->\n<title>Lochkorb FI500 BLAU | LOPATO<\/title>\n<meta name=\"description\" content=\"Ein leichter und funktionaler Netzkorb aus strapazierf\u00e4higem Kunststoff. Perfekt zur Aufbewahrung von W\u00e4sche, Spielzeug und Werkzeug.\" \/>\n<meta name=\"robots\" content=\"index, follow, max-snippet:-1, max-image-preview:large, max-video-preview:-1\" \/>\n<link rel=\"canonical\" href=\"https:\/\/lopato.pl\/de\/produkt\/lochkorb-kopia-kopia-kopia-kopia-kopia\/\" \/>\n<meta property=\"og:locale\" content=\"de_DE\" \/>\n<meta property=\"og:type\" content=\"article\" \/>\n<meta property=\"og:title\" content=\"Lochkorb FI500 BLAU | LOPATO\" \/>\n<meta property=\"og:description\" content=\"Ein leichter und funktionaler Netzkorb aus strapazierf\u00e4higem Kunststoff. Perfekt zur Aufbewahrung von W\u00e4sche, Spielzeug und Werkzeug.\" \/>\n<meta property=\"og:url\" content=\"https:\/\/lopato.pl\/de\/produkt\/lochkorb-kopia-kopia-kopia-kopia-kopia\/\" \/>\n<meta property=\"og:site_name\" content=\"LOPATO\" \/>\n<meta property=\"article:modified_time\" content=\"2026-03-18T16:27:45+00:00\" \/>\n<meta property=\"og:image\" content=\"https:\/\/lopato.pl\/wp-content\/uploads\/2026\/02\/KOSZ-AZUROWY-NIEBIESKI-1-1.jpg\" \/>\n\t<meta property=\"og:image:width\" content=\"2000\" \/>\n\t<meta property=\"og:image:height\" content=\"2000\" \/>\n\t<meta property=\"og:image:type\" content=\"image\/jpeg\" \/>\n<meta name=\"twitter:card\" content=\"summary_large_image\" \/>\n<script type=\"application\/ld+json\" class=\"yoast-schema-graph\">{\"@context\":\"https:\/\/schema.org\",\"@graph\":[{\"@type\":\"WebPage\",\"@id\":\"https:\/\/lopato.pl\/de\/produkt\/lochkorb-kopia-kopia-kopia-kopia-kopia\/\",\"url\":\"https:\/\/lopato.pl\/de\/produkt\/lochkorb-kopia-kopia-kopia-kopia-kopia\/\",\"name\":\"Lochkorb FI500 BLAU | LOPATO\",\"isPartOf\":{\"@id\":\"https:\/\/lopato.pl\/de\/#website\"},\"primaryImageOfPage\":{\"@id\":\"https:\/\/lopato.pl\/de\/produkt\/lochkorb-kopia-kopia-kopia-kopia-kopia\/#primaryimage\"},\"image\":{\"@id\":\"https:\/\/lopato.pl\/de\/produkt\/lochkorb-kopia-kopia-kopia-kopia-kopia\/#primaryimage\"},\"thumbnailUrl\":\"https:\/\/lopato.pl\/wp-content\/uploads\/2026\/02\/KOSZ-AZUROWY-NIEBIESKI-1-1.jpg\",\"datePublished\":\"2026-02-22T15:42:54+00:00\",\"dateModified\":\"2026-03-18T16:27:45+00:00\",\"description\":\"Ein leichter und funktionaler Netzkorb aus strapazierf\u00e4higem Kunststoff. Perfekt zur Aufbewahrung von W\u00e4sche, Spielzeug und Werkzeug.\",\"breadcrumb\":{\"@id\":\"https:\/\/lopato.pl\/de\/produkt\/lochkorb-kopia-kopia-kopia-kopia-kopia\/#breadcrumb\"},\"inLanguage\":\"de-DE\",\"potentialAction\":[{\"@type\":\"ReadAction\",\"target\":[\"https:\/\/lopato.pl\/de\/produkt\/lochkorb-kopia-kopia-kopia-kopia-kopia\/\"]}]},{\"@type\":\"ImageObject\",\"inLanguage\":\"de-DE\",\"@id\":\"https:\/\/lopato.pl\/de\/produkt\/lochkorb-kopia-kopia-kopia-kopia-kopia\/#primaryimage\",\"url\":\"https:\/\/lopato.pl\/wp-content\/uploads\/2026\/02\/KOSZ-AZUROWY-NIEBIESKI-1-1.jpg\",\"contentUrl\":\"https:\/\/lopato.pl\/wp-content\/uploads\/2026\/02\/KOSZ-AZUROWY-NIEBIESKI-1-1.jpg\",\"width\":2000,\"height\":2000},{\"@type\":\"BreadcrumbList\",\"@id\":\"https:\/\/lopato.pl\/de\/produkt\/lochkorb-kopia-kopia-kopia-kopia-kopia\/#breadcrumb\",\"itemListElement\":[{\"@type\":\"ListItem\",\"position\":1,\"name\":\"Produkte\",\"item\":\"https:\/\/lopato.pl\/produkty\/\"},{\"@type\":\"ListItem\",\"position\":2,\"name\":\"Lochkorb FI500 BLAU\"}]},{\"@type\":\"WebSite\",\"@id\":\"https:\/\/lopato.pl\/de\/#website\",\"url\":\"https:\/\/lopato.pl\/de\/\",\"name\":\"LOPATO\",\"description\":\"\",\"potentialAction\":[{\"@type\":\"SearchAction\",\"target\":{\"@type\":\"EntryPoint\",\"urlTemplate\":\"https:\/\/lopato.pl\/de\/?s={search_term_string}\"},\"query-input\":{\"@type\":\"PropertyValueSpecification\",\"valueRequired\":true,\"valueName\":\"search_term_string\"}}],\"inLanguage\":\"de-DE\"}]}<\/script>\n<!-- \/ Yoast SEO plugin. -->","yoast_head_json":{"title":"Lochkorb FI500 BLAU | LOPATO","description":"Ein leichter und funktionaler Netzkorb aus strapazierf\u00e4higem Kunststoff. Perfekt zur Aufbewahrung von W\u00e4sche, Spielzeug und Werkzeug.","robots":{"index":"index","follow":"follow","max-snippet":"max-snippet:-1","max-image-preview":"max-image-preview:large","max-video-preview":"max-video-preview:-1"},"canonical":"https:\/\/lopato.pl\/de\/produkt\/lochkorb-kopia-kopia-kopia-kopia-kopia\/","og_locale":"de_DE","og_type":"article","og_title":"Lochkorb FI500 BLAU | LOPATO","og_description":"Ein leichter und funktionaler Netzkorb aus strapazierf\u00e4higem Kunststoff. Perfekt zur Aufbewahrung von W\u00e4sche, Spielzeug und Werkzeug.","og_url":"https:\/\/lopato.pl\/de\/produkt\/lochkorb-kopia-kopia-kopia-kopia-kopia\/","og_site_name":"LOPATO","article_modified_time":"2026-03-18T16:27:45+00:00","og_image":[{"width":2000,"height":2000,"url":"https:\/\/lopato.pl\/wp-content\/uploads\/2026\/02\/KOSZ-AZUROWY-NIEBIESKI-1-1.jpg","type":"image\/jpeg"}],"twitter_card":"summary_large_image","schema":{"@context":"https:\/\/schema.org","@graph":[{"@type":"WebPage","@id":"https:\/\/lopato.pl\/de\/produkt\/lochkorb-kopia-kopia-kopia-kopia-kopia\/","url":"https:\/\/lopato.pl\/de\/produkt\/lochkorb-kopia-kopia-kopia-kopia-kopia\/","name":"Lochkorb FI500 BLAU | LOPATO","isPartOf":{"@id":"https:\/\/lopato.pl\/de\/#website"},"primaryImageOfPage":{"@id":"https:\/\/lopato.pl\/de\/produkt\/lochkorb-kopia-kopia-kopia-kopia-kopia\/#primaryimage"},"image":{"@id":"https:\/\/lopato.pl\/de\/produkt\/lochkorb-kopia-kopia-kopia-kopia-kopia\/#primaryimage"},"thumbnailUrl":"https:\/\/lopato.pl\/wp-content\/uploads\/2026\/02\/KOSZ-AZUROWY-NIEBIESKI-1-1.jpg","datePublished":"2026-02-22T15:42:54+00:00","dateModified":"2026-03-18T16:27:45+00:00","description":"Ein leichter und funktionaler Netzkorb aus strapazierf\u00e4higem Kunststoff. Perfekt zur Aufbewahrung von W\u00e4sche, Spielzeug und Werkzeug.","breadcrumb":{"@id":"https:\/\/lopato.pl\/de\/produkt\/lochkorb-kopia-kopia-kopia-kopia-kopia\/#breadcrumb"},"inLanguage":"de-DE","potentialAction":[{"@type":"ReadAction","target":["https:\/\/lopato.pl\/de\/produkt\/lochkorb-kopia-kopia-kopia-kopia-kopia\/"]}]},{"@type":"ImageObject","inLanguage":"de-DE","@id":"https:\/\/lopato.pl\/de\/produkt\/lochkorb-kopia-kopia-kopia-kopia-kopia\/#primaryimage","url":"https:\/\/lopato.pl\/wp-content\/uploads\/2026\/02\/KOSZ-AZUROWY-NIEBIESKI-1-1.jpg","contentUrl":"https:\/\/lopato.pl\/wp-content\/uploads\/2026\/02\/KOSZ-AZUROWY-NIEBIESKI-1-1.jpg","width":2000,"height":2000},{"@type":"BreadcrumbList","@id":"https:\/\/lopato.pl\/de\/produkt\/lochkorb-kopia-kopia-kopia-kopia-kopia\/#breadcrumb","itemListElement":[{"@type":"ListItem","position":1,"name":"Produkte","item":"https:\/\/lopato.pl\/produkty\/"},{"@type":"ListItem","position":2,"name":"Lochkorb FI500 BLAU"}]},{"@type":"WebSite","@id":"https:\/\/lopato.pl\/de\/#website","url":"https:\/\/lopato.pl\/de\/","name":"LOPATO","description":"","potentialAction":[{"@type":"SearchAction","target":{"@type":"EntryPoint","urlTemplate":"https:\/\/lopato.pl\/de\/?s={search_term_string}"},"query-input":{"@type":"PropertyValueSpecification","valueRequired":true,"valueName":"search_term_string"}}],"inLanguage":"de-DE"}]}},"taxonomy_info":{"product_cat":[{"value":1142,"label":"Baskets"},{"value":1137,"label":"Beh\u00e4lter und K\u00f6rbe"},{"value":439,"label":"Gartenprodukte"},{"value":441,"label":"Haushaltswaren"}],"pa_pojemnosc":[{"value":1007,"label":"45L"}]},"featured_image_src_large":["https:\/\/lopato.pl\/wp-content\/uploads\/2026\/02\/KOSZ-AZUROWY-NIEBIESKI-1-1-1024x1024.jpg",1024,1024,true],"author_info":[],"comment_info":0,"_links":{"self":[{"href":"https:\/\/lopato.pl\/de\/wp-json\/wp\/v2\/product\/5724","targetHints":{"allow":["GET"]}}],"collection":[{"href":"https:\/\/lopato.pl\/de\/wp-json\/wp\/v2\/product"}],"about":[{"href":"https:\/\/lopato.pl\/de\/wp-json\/wp\/v2\/types\/product"}],"replies":[{"embeddable":true,"href":"https:\/\/lopato.pl\/de\/wp-json\/wp\/v2\/comments?post=5724"}],"wp:featuredmedia":[{"embeddable":true,"href":"https:\/\/lopato.pl\/de\/wp-json\/wp\/v2\/media\/5713"}],"wp:attachment":[{"href":"https:\/\/lopato.pl\/de\/wp-json\/wp\/v2\/media?parent=5724"}],"wp:term":[{"taxonomy":"product_brand","embeddable":true,"href":"https:\/\/lopato.pl\/de\/wp-json\/wp\/v2\/product_brand?post=5724"},{"taxonomy":"product_cat","embeddable":true,"href":"https:\/\/lopato.pl\/de\/wp-json\/wp\/v2\/product_cat?post=5724"},{"taxonomy":"product_tag","embeddable":true,"href":"https:\/\/lopato.pl\/de\/wp-json\/wp\/v2\/product_tag?post=5724"},{"taxonomy":"product_brands","embeddable":true,"href":"https:\/\/lopato.pl\/de\/wp-json\/wp\/v2\/product_brands?post=5724"}],"curies":[{"name":"wp","href":"https:\/\/api.w.org\/{rel}","templated":true}]}}