{"id":5745,"date":"2026-02-22T20:14:34","date_gmt":"2026-02-22T19:14:34","guid":{"rendered":"https:\/\/lopato.pl\/?post_type=product&#038;p=5745"},"modified":"2026-03-11T11:40:47","modified_gmt":"2026-03-11T10:40:47","slug":"facherharke-kopia-kopia-3","status":"publish","type":"product","link":"https:\/\/lopato.pl\/de\/produkt\/facherharke-kopia-kopia-3\/","title":{"rendered":"F\u00e4cherrechen \u201eCanada\u201c \u2013 Schwarz"},"content":{"rendered":"<p data-start=\"0\" data-end=\"35\"><strong data-start=\"0\" data-end=\"35\">F\u00e4cherrechen \u201eCanada\u201c \u2013 SCHWARZ<\/strong><\/p>\n<p data-start=\"37\" data-end=\"405\">Der F\u00e4cherrechen \u201eCanada\u201c in elegantem Schwarz ist ein langlebiges und funktionales Werkzeug, das f\u00fcr komfortable und effiziente Aufr\u00e4umarbeiten im Garten, auf dem Grundst\u00fcck und rund ums Haus entwickelt wurde. Er eignet sich hervorragend zum Zusammenrechen von Laub, gem\u00e4htem Gras und kleinen Zweigen und erm\u00f6glicht eine schnelle und ordentliche Reinigung der Fl\u00e4che.<\/p>\n<p data-start=\"407\" data-end=\"770\">Der breite, f\u00e4cherf\u00f6rmige Kopf ist mit flexiblen und verformungsbest\u00e4ndigen Zinken ausgestattet, die Verschmutzungen effektiv aufnehmen, ohne den Rasen oder die Pflanzen zu besch\u00e4digen. Die solide Verarbeitung sorgt f\u00fcr eine lange Lebensdauer des Werkzeugs, w\u00e4hrend die leichte und ergonomische Konstruktion auch bei l\u00e4ngerer Arbeit f\u00fcr hohen Bedienkomfort sorgt.<\/p>\n<p data-start=\"772\" data-end=\"792\"><strong data-start=\"772\" data-end=\"792\">Produktvorteile:<\/strong><\/p>\n<ul data-start=\"794\" data-end=\"989\" data-is-last-node=\"\" data-is-only-node=\"\">\n<li data-start=\"794\" data-end=\"837\">\n<p data-start=\"796\" data-end=\"837\">Breiter und leistungsstarker F\u00e4cherkopf<\/p>\n<\/li>\n<li data-start=\"838\" data-end=\"869\">\n<p data-start=\"840\" data-end=\"869\">Flexible, langlebige Zinken<\/p>\n<\/li>\n<li data-start=\"870\" data-end=\"911\">\n<p data-start=\"872\" data-end=\"911\">Leichte und ergonomische Konstruktion<\/p>\n<\/li>\n<li data-start=\"942\" data-end=\"989\" data-is-last-node=\"\">\n<p data-start=\"944\" data-end=\"989\" data-is-last-node=\"\">Ideal f\u00fcr Laub, Gras und kleine Gartenabf\u00e4lle<\/p>\n<\/li>\n<\/ul>\n","protected":false},"excerpt":{"rendered":"<p>Das Produkt ist in vollen Palettenmengen sowie als Paletten-MIX erh\u00e4ltlich.<\/p>\n","protected":false},"featured_media":0,"comment_status":"open","ping_status":"closed","template":"","meta":{"_acf_changed":false,"inline_featured_image":false,"_kad_blocks_custom_css":"","_kad_blocks_head_custom_js":"","_kad_blocks_body_custom_js":"","_kad_blocks_footer_custom_js":"","_kadence_starter_templates_imported_post":false,"_kad_post_transparent":"default","_kad_post_title":"","_kad_post_layout":"default","_kad_post_sidebar_id":"","_kad_post_content_style":"default","_kad_post_vertical_padding":"default","_kad_post_feature":"","_kad_post_feature_position":"","_kad_post_header":false,"_kad_post_footer":false},"product_brand":[],"product_cat":[439,1120],"product_tag":[],"product_brands":[],"class_list":{"0":"post-5745","1":"product","2":"type-product","3":"status-publish","5":"product_cat-gartenprodukte","6":"product_cat-rechen","7":"HidePrice","9":"first","10":"instock","11":"featured","12":"taxable","13":"shipping-taxable","14":"purchasable","15":"product-type-simple","16":"entry","17":"content-bg","18":"loop-entry"},"acf":[],"yoast_head":"<!-- This site is optimized with the Yoast SEO plugin v26.7 - https:\/\/yoast.com\/wordpress\/plugins\/seo\/ -->\n<title>F\u00e4cherrechen \u201eCanada\u201c \u2013 Schwarz | LOPATO<\/title>\n<meta name=\"description\" content=\"Ein solider und einfach zu verwendender F\u00e4cherrechen zum Zusammenharken von Bl\u00e4ttern, Gras und kleinen Gartenabf\u00e4llen.\" \/>\n<meta name=\"robots\" content=\"index, follow, max-snippet:-1, max-image-preview:large, max-video-preview:-1\" \/>\n<link rel=\"canonical\" href=\"https:\/\/lopato.pl\/de\/produkt\/facherharke-kopia-kopia-3\/\" \/>\n<meta property=\"og:locale\" content=\"de_DE\" \/>\n<meta property=\"og:type\" content=\"article\" \/>\n<meta property=\"og:title\" content=\"F\u00e4cherrechen \u201eCanada\u201c \u2013 Schwarz | LOPATO\" \/>\n<meta property=\"og:description\" content=\"Ein solider und einfach zu verwendender F\u00e4cherrechen zum Zusammenharken von Bl\u00e4ttern, Gras und kleinen Gartenabf\u00e4llen.\" \/>\n<meta property=\"og:url\" content=\"https:\/\/lopato.pl\/de\/produkt\/facherharke-kopia-kopia-3\/\" \/>\n<meta property=\"og:site_name\" content=\"LOPATO\" \/>\n<meta property=\"article:modified_time\" content=\"2026-03-11T10:40:47+00:00\" \/>\n<meta property=\"og:image\" content=\"https:\/\/lopato.pl\/wp-content\/uploads\/2025\/06\/lopato-no-image-brak-obrazka-zaslepka.png\" \/>\n\t<meta property=\"og:image:width\" content=\"235\" \/>\n\t<meta property=\"og:image:height\" content=\"235\" \/>\n\t<meta property=\"og:image:type\" content=\"image\/png\" \/>\n<meta name=\"twitter:card\" content=\"summary_large_image\" \/>\n<meta name=\"twitter:label1\" content=\"Gesch\u00e4tzte Lesezeit\" \/>\n\t<meta name=\"twitter:data1\" content=\"1 minute\" \/>\n<script type=\"application\/ld+json\" class=\"yoast-schema-graph\">{\"@context\":\"https:\/\/schema.org\",\"@graph\":[{\"@type\":\"WebPage\",\"@id\":\"https:\/\/lopato.pl\/de\/produkt\/facherharke-kopia-kopia-3\/\",\"url\":\"https:\/\/lopato.pl\/de\/produkt\/facherharke-kopia-kopia-3\/\",\"name\":\"F\u00e4cherrechen \u201eCanada\u201c \u2013 Schwarz | LOPATO\",\"isPartOf\":{\"@id\":\"https:\/\/lopato.pl\/de\/#website\"},\"datePublished\":\"2026-02-22T19:14:34+00:00\",\"dateModified\":\"2026-03-11T10:40:47+00:00\",\"description\":\"Ein solider und einfach zu verwendender F\u00e4cherrechen zum Zusammenharken von Bl\u00e4ttern, Gras und kleinen Gartenabf\u00e4llen.\",\"breadcrumb\":{\"@id\":\"https:\/\/lopato.pl\/de\/produkt\/facherharke-kopia-kopia-3\/#breadcrumb\"},\"inLanguage\":\"de-DE\",\"potentialAction\":[{\"@type\":\"ReadAction\",\"target\":[\"https:\/\/lopato.pl\/de\/produkt\/facherharke-kopia-kopia-3\/\"]}]},{\"@type\":\"BreadcrumbList\",\"@id\":\"https:\/\/lopato.pl\/de\/produkt\/facherharke-kopia-kopia-3\/#breadcrumb\",\"itemListElement\":[{\"@type\":\"ListItem\",\"position\":1,\"name\":\"Produkte\",\"item\":\"https:\/\/lopato.pl\/produkty\/\"},{\"@type\":\"ListItem\",\"position\":2,\"name\":\"F\u00e4cherrechen \u201eCanada\u201c \u2013 Schwarz\"}]},{\"@type\":\"WebSite\",\"@id\":\"https:\/\/lopato.pl\/de\/#website\",\"url\":\"https:\/\/lopato.pl\/de\/\",\"name\":\"LOPATO\",\"description\":\"\",\"potentialAction\":[{\"@type\":\"SearchAction\",\"target\":{\"@type\":\"EntryPoint\",\"urlTemplate\":\"https:\/\/lopato.pl\/de\/?s={search_term_string}\"},\"query-input\":{\"@type\":\"PropertyValueSpecification\",\"valueRequired\":true,\"valueName\":\"search_term_string\"}}],\"inLanguage\":\"de-DE\"}]}<\/script>\n<!-- \/ Yoast SEO plugin. -->","yoast_head_json":{"title":"F\u00e4cherrechen \u201eCanada\u201c \u2013 Schwarz | LOPATO","description":"Ein solider und einfach zu verwendender F\u00e4cherrechen zum Zusammenharken von Bl\u00e4ttern, Gras und kleinen Gartenabf\u00e4llen.","robots":{"index":"index","follow":"follow","max-snippet":"max-snippet:-1","max-image-preview":"max-image-preview:large","max-video-preview":"max-video-preview:-1"},"canonical":"https:\/\/lopato.pl\/de\/produkt\/facherharke-kopia-kopia-3\/","og_locale":"de_DE","og_type":"article","og_title":"F\u00e4cherrechen \u201eCanada\u201c \u2013 Schwarz | LOPATO","og_description":"Ein solider und einfach zu verwendender F\u00e4cherrechen zum Zusammenharken von Bl\u00e4ttern, Gras und kleinen Gartenabf\u00e4llen.","og_url":"https:\/\/lopato.pl\/de\/produkt\/facherharke-kopia-kopia-3\/","og_site_name":"LOPATO","article_modified_time":"2026-03-11T10:40:47+00:00","og_image":[{"width":235,"height":235,"url":"https:\/\/lopato.pl\/wp-content\/uploads\/2025\/06\/lopato-no-image-brak-obrazka-zaslepka.png","type":"image\/png"}],"twitter_card":"summary_large_image","twitter_misc":{"Gesch\u00e4tzte Lesezeit":"1 minute"},"schema":{"@context":"https:\/\/schema.org","@graph":[{"@type":"WebPage","@id":"https:\/\/lopato.pl\/de\/produkt\/facherharke-kopia-kopia-3\/","url":"https:\/\/lopato.pl\/de\/produkt\/facherharke-kopia-kopia-3\/","name":"F\u00e4cherrechen \u201eCanada\u201c \u2013 Schwarz | LOPATO","isPartOf":{"@id":"https:\/\/lopato.pl\/de\/#website"},"datePublished":"2026-02-22T19:14:34+00:00","dateModified":"2026-03-11T10:40:47+00:00","description":"Ein solider und einfach zu verwendender F\u00e4cherrechen zum Zusammenharken von Bl\u00e4ttern, Gras und kleinen Gartenabf\u00e4llen.","breadcrumb":{"@id":"https:\/\/lopato.pl\/de\/produkt\/facherharke-kopia-kopia-3\/#breadcrumb"},"inLanguage":"de-DE","potentialAction":[{"@type":"ReadAction","target":["https:\/\/lopato.pl\/de\/produkt\/facherharke-kopia-kopia-3\/"]}]},{"@type":"BreadcrumbList","@id":"https:\/\/lopato.pl\/de\/produkt\/facherharke-kopia-kopia-3\/#breadcrumb","itemListElement":[{"@type":"ListItem","position":1,"name":"Produkte","item":"https:\/\/lopato.pl\/produkty\/"},{"@type":"ListItem","position":2,"name":"F\u00e4cherrechen \u201eCanada\u201c \u2013 Schwarz"}]},{"@type":"WebSite","@id":"https:\/\/lopato.pl\/de\/#website","url":"https:\/\/lopato.pl\/de\/","name":"LOPATO","description":"","potentialAction":[{"@type":"SearchAction","target":{"@type":"EntryPoint","urlTemplate":"https:\/\/lopato.pl\/de\/?s={search_term_string}"},"query-input":{"@type":"PropertyValueSpecification","valueRequired":true,"valueName":"search_term_string"}}],"inLanguage":"de-DE"}]}},"taxonomy_info":{"product_cat":[{"value":439,"label":"Gartenprodukte"},{"value":1120,"label":"Rechen"}]},"featured_image_src_large":false,"author_info":[],"comment_info":0,"_links":{"self":[{"href":"https:\/\/lopato.pl\/de\/wp-json\/wp\/v2\/product\/5745","targetHints":{"allow":["GET"]}}],"collection":[{"href":"https:\/\/lopato.pl\/de\/wp-json\/wp\/v2\/product"}],"about":[{"href":"https:\/\/lopato.pl\/de\/wp-json\/wp\/v2\/types\/product"}],"replies":[{"embeddable":true,"href":"https:\/\/lopato.pl\/de\/wp-json\/wp\/v2\/comments?post=5745"}],"wp:attachment":[{"href":"https:\/\/lopato.pl\/de\/wp-json\/wp\/v2\/media?parent=5745"}],"wp:term":[{"taxonomy":"product_brand","embeddable":true,"href":"https:\/\/lopato.pl\/de\/wp-json\/wp\/v2\/product_brand?post=5745"},{"taxonomy":"product_cat","embeddable":true,"href":"https:\/\/lopato.pl\/de\/wp-json\/wp\/v2\/product_cat?post=5745"},{"taxonomy":"product_tag","embeddable":true,"href":"https:\/\/lopato.pl\/de\/wp-json\/wp\/v2\/product_tag?post=5745"},{"taxonomy":"product_brands","embeddable":true,"href":"https:\/\/lopato.pl\/de\/wp-json\/wp\/v2\/product_brands?post=5745"}],"curies":[{"name":"wp","href":"https:\/\/api.w.org\/{rel}","templated":true}]}}