{"id":5816,"date":"2026-02-21T16:12:58","date_gmt":"2026-02-21T15:12:58","guid":{"rendered":"https:\/\/lopato.pl\/produkt\/po-niemiecku-grabie-wachlarzowe-wachlarze-czarny-to-faecherrechen-wachlarze-schwarz\/"},"modified":"2026-03-12T10:05:29","modified_gmt":"2026-03-12T09:05:29","slug":"po-niemiecku-grabie-wachlarzowe-wachlarze-czarny-to-faecherrechen-wachlarze-schwarz","status":"publish","type":"product","link":"https:\/\/lopato.pl\/de\/produkt\/po-niemiecku-grabie-wachlarzowe-wachlarze-czarny-to-faecherrechen-wachlarze-schwarz\/","title":{"rendered":"F\u00e4cherrechen \u201eWachlarze\u201c \u2013 Schwarz"},"content":{"rendered":"<p data-start=\"0\" data-end=\"38\"><strong data-start=\"0\" data-end=\"38\">F\u00e4cherrechen \u201eWachlarze\u201c \u2013 SCHWARZ<\/strong><\/p>\n<p data-start=\"40\" data-end=\"289\">Der F\u00e4cherrechen \u201eWachlarze\u201c in elegantem Schwarz ist ein solides und funktionales Werkzeug f\u00fcr Aufr\u00e4umarbeiten im Garten und rund ums Haus. Er eignet sich ideal zum Zusammenrechen von Laub, gem\u00e4htem Gras, kleinen Zweigen und anderen Gartenabf\u00e4llen.<\/p>\n<p data-start=\"291\" data-end=\"614\">Der breite, f\u00e4cherf\u00f6rmige Kopf sowie die flexiblen, optimal angeordneten Zinken sorgen f\u00fcr ein effektives und gr\u00fcndliches Aufsammeln von Verschmutzungen, ohne den Rasen oder Beete zu besch\u00e4digen. Die leichte und ergonomische Konstruktion erh\u00f6ht den Arbeitskomfort und erm\u00f6glicht eine bequeme Nutzung auch \u00fcber l\u00e4ngere Zeit.<\/p>\n<p data-start=\"616\" data-end=\"636\"><strong data-start=\"616\" data-end=\"636\">Produktvorteile:<\/strong><\/p>\n<ul data-start=\"638\" data-end=\"824\" data-is-last-node=\"\" data-is-only-node=\"\">\n<li data-start=\"638\" data-end=\"670\">\n<p data-start=\"640\" data-end=\"670\">Breiter, f\u00e4cherf\u00f6rmiger Kopf<\/p>\n<\/li>\n<li data-start=\"671\" data-end=\"705\">\n<p data-start=\"673\" data-end=\"705\">Flexible und langlebige Zinken<\/p>\n<\/li>\n<li data-start=\"706\" data-end=\"746\">\n<p data-start=\"708\" data-end=\"746\">Leichte und komfortable Konstruktion<\/p>\n<\/li>\n<li data-start=\"777\" data-end=\"824\" data-is-last-node=\"\">\n<p data-start=\"779\" data-end=\"824\" data-is-last-node=\"\">Ideal f\u00fcr Laub, Gras und kleine Gartenabf\u00e4lle<\/p>\n<\/li>\n<\/ul>\n","protected":false},"excerpt":{"rendered":"<div class=\"flex flex-col text-sm pb-25\">\n<article class=\"text-token-text-primary w-full focus:outline-none [--shadow-height:45px] has-data-writing-block:pointer-events-none has-data-writing-block:-mt-(--shadow-height) has-data-writing-block:pt-(--shadow-height) [&amp;:has([data-writing-block])&gt;*]:pointer-events-auto scroll-mt-[calc(var(--header-height)+min(200px,max(70px,20svh)))] sm:AIPRM__conversation__response\" dir=\"auto\" tabindex=\"-1\" data-turn-id=\"request-WEB:1f2069ce-c8d3-4ae5-8d0b-c187fb42399d-40\" data-testid=\"conversation-turn-69\" data-scroll-anchor=\"true\" data-turn=\"assistant\">\n<div class=\"text-base my-auto mx-auto pb-10 [--thread-content-margin:--spacing(4)] @w-sm\/main:[--thread-content-margin:--spacing(6)] @w-lg\/main:[--thread-content-margin:--spacing(16)] px-(--thread-content-margin)\">\n<div class=\"[--thread-content-max-width:40rem] @w-lg\/main:[--thread-content-max-width:48rem] mx-auto max-w-(--thread-content-max-width) flex-1 group\/turn-messages focus-visible:outline-hidden relative flex w-full min-w-0 flex-col agent-turn\" tabindex=\"-1\">\n<div class=\"flex max-w-full flex-col grow AIPRM__conversation__response\">\n<div class=\"min-h-8 text-message relative flex w-full flex-col items-end gap-2 text-start break-words whitespace-normal [.text-message+&amp;]:mt-1\" dir=\"auto\" data-message-author-role=\"assistant\" data-message-id=\"bf652dba-12c5-4b8a-a360-529c17e301b7\" data-message-model-slug=\"gpt-5-mini\">\n<div class=\"flex w-full flex-col gap-1 empty:hidden first:pt-[1px]\">\n<div class=\"markdown prose dark:prose-invert w-full wrap-break-word dark markdown-new-styling\">\n<p data-start=\"15\" data-end=\"94\" data-is-last-node=\"\" data-is-only-node=\"\"><strong data-start=\"15\" data-end=\"94\" data-is-last-node=\"\">Das Produkt ist in vollen Palettenmengen sowie als Paletten-MIX erh\u00e4ltlich.<\/strong><\/p>\n<\/div>\n<\/div>\n<\/div>\n<\/div>\n<div class=\"z-0 flex min-h-[46px] justify-start\"><\/div>\n<div class=\"mt-3 w-full empty:hidden\">\n<div class=\"text-center\"><\/div>\n<\/div>\n<\/div>\n<\/div>\n<\/article>\n<\/div>\n<div class=\"pointer-events-none h-px w-px absolute bottom-0\" aria-hidden=\"true\" data-edge=\"true\"><\/div>\n","protected":false},"featured_media":0,"comment_status":"open","ping_status":"closed","template":"","meta":{"_acf_changed":false,"inline_featured_image":false,"_kad_blocks_custom_css":"","_kad_blocks_head_custom_js":"","_kad_blocks_body_custom_js":"","_kad_blocks_footer_custom_js":"","_kadence_starter_templates_imported_post":false,"_kad_post_transparent":"","_kad_post_title":"","_kad_post_layout":"","_kad_post_sidebar_id":"","_kad_post_content_style":"","_kad_post_vertical_padding":"","_kad_post_feature":"","_kad_post_feature_position":"","_kad_post_header":false,"_kad_post_footer":false},"product_brand":[],"product_cat":[439,1120],"product_tag":[],"product_brands":[],"class_list":{"0":"post-5816","1":"product","2":"type-product","3":"status-publish","5":"product_cat-gartenprodukte","6":"product_cat-rechen","7":"HidePrice","9":"first","10":"instock","11":"taxable","12":"shipping-taxable","13":"purchasable","14":"product-type-simple","15":"entry","16":"content-bg","17":"loop-entry"},"acf":[],"yoast_head":"<!-- This site is optimized with the Yoast SEO plugin v26.7 - https:\/\/yoast.com\/wordpress\/plugins\/seo\/ -->\n<title>F\u00e4cherrechen \u201eWachlarze\u201c \u2013 Schwarz | LOPATO<\/title>\n<meta name=\"description\" content=\"F\u00e4cherrechen \u201eWachlarze\u201c Schwarz \u2013 leichtes und langlebiges Werkzeug zum Zusammenrechen von Laub, Gras und kleinen Gartenabf\u00e4llen. Ideal f\u00fcr jeden Garten.\" \/>\n<meta name=\"robots\" content=\"index, follow, max-snippet:-1, max-image-preview:large, max-video-preview:-1\" \/>\n<link rel=\"canonical\" href=\"https:\/\/lopato.pl\/de\/produkt\/po-niemiecku-grabie-wachlarzowe-wachlarze-czarny-to-faecherrechen-wachlarze-schwarz\/\" \/>\n<meta property=\"og:locale\" content=\"de_DE\" \/>\n<meta property=\"og:type\" content=\"article\" \/>\n<meta property=\"og:title\" content=\"F\u00e4cherrechen \u201eWachlarze\u201c \u2013 Schwarz | LOPATO\" \/>\n<meta property=\"og:description\" content=\"F\u00e4cherrechen \u201eWachlarze\u201c Schwarz \u2013 leichtes und langlebiges Werkzeug zum Zusammenrechen von Laub, Gras und kleinen Gartenabf\u00e4llen. Ideal f\u00fcr jeden Garten.\" \/>\n<meta property=\"og:url\" content=\"https:\/\/lopato.pl\/de\/produkt\/po-niemiecku-grabie-wachlarzowe-wachlarze-czarny-to-faecherrechen-wachlarze-schwarz\/\" \/>\n<meta property=\"og:site_name\" content=\"LOPATO\" \/>\n<meta property=\"article:modified_time\" content=\"2026-03-12T09:05:29+00:00\" \/>\n<meta property=\"og:image\" content=\"https:\/\/lopato.pl\/wp-content\/uploads\/2025\/06\/lopato-no-image-brak-obrazka-zaslepka.png\" \/>\n\t<meta property=\"og:image:width\" content=\"235\" \/>\n\t<meta property=\"og:image:height\" content=\"235\" \/>\n\t<meta property=\"og:image:type\" content=\"image\/png\" \/>\n<meta name=\"twitter:card\" content=\"summary_large_image\" \/>\n<meta name=\"twitter:label1\" content=\"Gesch\u00e4tzte Lesezeit\" \/>\n\t<meta name=\"twitter:data1\" content=\"1 minute\" \/>\n<script type=\"application\/ld+json\" class=\"yoast-schema-graph\">{\"@context\":\"https:\/\/schema.org\",\"@graph\":[{\"@type\":\"WebPage\",\"@id\":\"https:\/\/lopato.pl\/de\/produkt\/po-niemiecku-grabie-wachlarzowe-wachlarze-czarny-to-faecherrechen-wachlarze-schwarz\/\",\"url\":\"https:\/\/lopato.pl\/de\/produkt\/po-niemiecku-grabie-wachlarzowe-wachlarze-czarny-to-faecherrechen-wachlarze-schwarz\/\",\"name\":\"F\u00e4cherrechen \u201eWachlarze\u201c \u2013 Schwarz | LOPATO\",\"isPartOf\":{\"@id\":\"https:\/\/lopato.pl\/de\/#website\"},\"datePublished\":\"2026-02-21T15:12:58+00:00\",\"dateModified\":\"2026-03-12T09:05:29+00:00\",\"description\":\"F\u00e4cherrechen \u201eWachlarze\u201c Schwarz \u2013 leichtes und langlebiges Werkzeug zum Zusammenrechen von Laub, Gras und kleinen Gartenabf\u00e4llen. Ideal f\u00fcr jeden Garten.\",\"breadcrumb\":{\"@id\":\"https:\/\/lopato.pl\/de\/produkt\/po-niemiecku-grabie-wachlarzowe-wachlarze-czarny-to-faecherrechen-wachlarze-schwarz\/#breadcrumb\"},\"inLanguage\":\"de-DE\",\"potentialAction\":[{\"@type\":\"ReadAction\",\"target\":[\"https:\/\/lopato.pl\/de\/produkt\/po-niemiecku-grabie-wachlarzowe-wachlarze-czarny-to-faecherrechen-wachlarze-schwarz\/\"]}]},{\"@type\":\"BreadcrumbList\",\"@id\":\"https:\/\/lopato.pl\/de\/produkt\/po-niemiecku-grabie-wachlarzowe-wachlarze-czarny-to-faecherrechen-wachlarze-schwarz\/#breadcrumb\",\"itemListElement\":[{\"@type\":\"ListItem\",\"position\":1,\"name\":\"Produkte\",\"item\":\"https:\/\/lopato.pl\/produkty\/\"},{\"@type\":\"ListItem\",\"position\":2,\"name\":\"F\u00e4cherrechen \u201eWachlarze\u201c \u2013 Schwarz\"}]},{\"@type\":\"WebSite\",\"@id\":\"https:\/\/lopato.pl\/de\/#website\",\"url\":\"https:\/\/lopato.pl\/de\/\",\"name\":\"LOPATO\",\"description\":\"\",\"potentialAction\":[{\"@type\":\"SearchAction\",\"target\":{\"@type\":\"EntryPoint\",\"urlTemplate\":\"https:\/\/lopato.pl\/de\/?s={search_term_string}\"},\"query-input\":{\"@type\":\"PropertyValueSpecification\",\"valueRequired\":true,\"valueName\":\"search_term_string\"}}],\"inLanguage\":\"de-DE\"}]}<\/script>\n<!-- \/ Yoast SEO plugin. -->","yoast_head_json":{"title":"F\u00e4cherrechen \u201eWachlarze\u201c \u2013 Schwarz | LOPATO","description":"F\u00e4cherrechen \u201eWachlarze\u201c Schwarz \u2013 leichtes und langlebiges Werkzeug zum Zusammenrechen von Laub, Gras und kleinen Gartenabf\u00e4llen. Ideal f\u00fcr jeden Garten.","robots":{"index":"index","follow":"follow","max-snippet":"max-snippet:-1","max-image-preview":"max-image-preview:large","max-video-preview":"max-video-preview:-1"},"canonical":"https:\/\/lopato.pl\/de\/produkt\/po-niemiecku-grabie-wachlarzowe-wachlarze-czarny-to-faecherrechen-wachlarze-schwarz\/","og_locale":"de_DE","og_type":"article","og_title":"F\u00e4cherrechen \u201eWachlarze\u201c \u2013 Schwarz | LOPATO","og_description":"F\u00e4cherrechen \u201eWachlarze\u201c Schwarz \u2013 leichtes und langlebiges Werkzeug zum Zusammenrechen von Laub, Gras und kleinen Gartenabf\u00e4llen. Ideal f\u00fcr jeden Garten.","og_url":"https:\/\/lopato.pl\/de\/produkt\/po-niemiecku-grabie-wachlarzowe-wachlarze-czarny-to-faecherrechen-wachlarze-schwarz\/","og_site_name":"LOPATO","article_modified_time":"2026-03-12T09:05:29+00:00","og_image":[{"width":235,"height":235,"url":"https:\/\/lopato.pl\/wp-content\/uploads\/2025\/06\/lopato-no-image-brak-obrazka-zaslepka.png","type":"image\/png"}],"twitter_card":"summary_large_image","twitter_misc":{"Gesch\u00e4tzte Lesezeit":"1 minute"},"schema":{"@context":"https:\/\/schema.org","@graph":[{"@type":"WebPage","@id":"https:\/\/lopato.pl\/de\/produkt\/po-niemiecku-grabie-wachlarzowe-wachlarze-czarny-to-faecherrechen-wachlarze-schwarz\/","url":"https:\/\/lopato.pl\/de\/produkt\/po-niemiecku-grabie-wachlarzowe-wachlarze-czarny-to-faecherrechen-wachlarze-schwarz\/","name":"F\u00e4cherrechen \u201eWachlarze\u201c \u2013 Schwarz | LOPATO","isPartOf":{"@id":"https:\/\/lopato.pl\/de\/#website"},"datePublished":"2026-02-21T15:12:58+00:00","dateModified":"2026-03-12T09:05:29+00:00","description":"F\u00e4cherrechen \u201eWachlarze\u201c Schwarz \u2013 leichtes und langlebiges Werkzeug zum Zusammenrechen von Laub, Gras und kleinen Gartenabf\u00e4llen. Ideal f\u00fcr jeden Garten.","breadcrumb":{"@id":"https:\/\/lopato.pl\/de\/produkt\/po-niemiecku-grabie-wachlarzowe-wachlarze-czarny-to-faecherrechen-wachlarze-schwarz\/#breadcrumb"},"inLanguage":"de-DE","potentialAction":[{"@type":"ReadAction","target":["https:\/\/lopato.pl\/de\/produkt\/po-niemiecku-grabie-wachlarzowe-wachlarze-czarny-to-faecherrechen-wachlarze-schwarz\/"]}]},{"@type":"BreadcrumbList","@id":"https:\/\/lopato.pl\/de\/produkt\/po-niemiecku-grabie-wachlarzowe-wachlarze-czarny-to-faecherrechen-wachlarze-schwarz\/#breadcrumb","itemListElement":[{"@type":"ListItem","position":1,"name":"Produkte","item":"https:\/\/lopato.pl\/produkty\/"},{"@type":"ListItem","position":2,"name":"F\u00e4cherrechen \u201eWachlarze\u201c \u2013 Schwarz"}]},{"@type":"WebSite","@id":"https:\/\/lopato.pl\/de\/#website","url":"https:\/\/lopato.pl\/de\/","name":"LOPATO","description":"","potentialAction":[{"@type":"SearchAction","target":{"@type":"EntryPoint","urlTemplate":"https:\/\/lopato.pl\/de\/?s={search_term_string}"},"query-input":{"@type":"PropertyValueSpecification","valueRequired":true,"valueName":"search_term_string"}}],"inLanguage":"de-DE"}]}},"taxonomy_info":{"product_cat":[{"value":439,"label":"Gartenprodukte"},{"value":1120,"label":"Rechen"}]},"featured_image_src_large":false,"author_info":[],"comment_info":0,"_links":{"self":[{"href":"https:\/\/lopato.pl\/de\/wp-json\/wp\/v2\/product\/5816","targetHints":{"allow":["GET"]}}],"collection":[{"href":"https:\/\/lopato.pl\/de\/wp-json\/wp\/v2\/product"}],"about":[{"href":"https:\/\/lopato.pl\/de\/wp-json\/wp\/v2\/types\/product"}],"replies":[{"embeddable":true,"href":"https:\/\/lopato.pl\/de\/wp-json\/wp\/v2\/comments?post=5816"}],"wp:attachment":[{"href":"https:\/\/lopato.pl\/de\/wp-json\/wp\/v2\/media?parent=5816"}],"wp:term":[{"taxonomy":"product_brand","embeddable":true,"href":"https:\/\/lopato.pl\/de\/wp-json\/wp\/v2\/product_brand?post=5816"},{"taxonomy":"product_cat","embeddable":true,"href":"https:\/\/lopato.pl\/de\/wp-json\/wp\/v2\/product_cat?post=5816"},{"taxonomy":"product_tag","embeddable":true,"href":"https:\/\/lopato.pl\/de\/wp-json\/wp\/v2\/product_tag?post=5816"},{"taxonomy":"product_brands","embeddable":true,"href":"https:\/\/lopato.pl\/de\/wp-json\/wp\/v2\/product_brands?post=5816"}],"curies":[{"name":"wp","href":"https:\/\/api.w.org\/{rel}","templated":true}]}}