{"id":5821,"date":"2026-02-21T15:56:46","date_gmt":"2026-02-21T14:56:46","guid":{"rendered":"https:\/\/lopato.pl\/produkt\/faecherrechen-wachlarze-rot\/"},"modified":"2026-02-21T15:56:46","modified_gmt":"2026-02-21T14:56:46","slug":"faecherrechen-wachlarze-rot","status":"publish","type":"product","link":"https:\/\/lopato.pl\/de\/produkt\/faecherrechen-wachlarze-rot\/","title":{"rendered":"F\u00e4cherrechen \u201eWachlarze\u201c ROT"},"content":{"rendered":"<div class=\"flex max-w-full flex-col gap-4 grow AIPRM__conversation__response\">\n<div class=\"min-h-8 text-message relative flex w-full flex-col items-end gap-2 text-start break-words whitespace-normal [.text-message+&amp;]:mt-1\" dir=\"auto\" data-message-author-role=\"assistant\" data-message-id=\"dcb2eb51-c3ad-431b-a8db-3983fd884b07\" data-message-model-slug=\"gpt-5-3\">\n<div class=\"flex w-full flex-col gap-1 empty:hidden\">\n<div class=\"markdown prose dark:prose-invert w-full wrap-break-word dark markdown-new-styling\">\n<p data-start=\"0\" data-end=\"34\"><strong data-start=\"0\" data-end=\"34\">F\u00e4cherrechen \u201eWachlarze\u201c \u2013 ROT<\/strong><\/p>\n<p data-start=\"36\" data-end=\"391\">Der F\u00e4cherrechen \u201eWachlarze\u201c in intensiver roter Farbe ist ein funktionales und langlebiges Gartenger\u00e4t, das sich ideal f\u00fcr t\u00e4gliche Aufr\u00e4umarbeiten im Garten eignet. Er ist perfekt zum Zusammenrechen von Laub, gem\u00e4htem Gras sowie kleinen Zweigen und hilft dabei, den Garten, das Grundst\u00fcck oder den Bereich rund um das Haus schnell in Ordnung zu bringen.<\/p>\n<p data-start=\"393\" data-end=\"674\">Der breite, f\u00e4cherf\u00f6rmige Kopf sowie die flexiblen, optimal angeordneten Zinken erm\u00f6glichen ein effektives Sammeln von Gartenabf\u00e4llen, ohne den Rasen zu besch\u00e4digen. Die leichte Konstruktion sorgt f\u00fcr eine komfortable Handhabung und reduziert die Erm\u00fcdung auch bei l\u00e4ngerer Arbeit.<\/p>\n<p data-start=\"676\" data-end=\"696\"><strong data-start=\"676\" data-end=\"696\">Produktvorteile:<\/strong><\/p>\n<ul data-start=\"698\" data-end=\"884\" data-is-last-node=\"\" data-is-only-node=\"\">\n<li data-section-id=\"1ybf92u\" data-start=\"698\" data-end=\"736\">\n<p data-start=\"700\" data-end=\"736\">Breiter, f\u00e4cherf\u00f6rmiger Rechenkopf<\/p>\n<\/li>\n<li data-section-id=\"1t30iyj\" data-start=\"737\" data-end=\"771\">\n<p data-start=\"739\" data-end=\"771\">Flexible und langlebige Zinken<\/p>\n<\/li>\n<li data-section-id=\"1fbeb38\" data-start=\"772\" data-end=\"810\">\n<p data-start=\"774\" data-end=\"810\">Leichte, ergonomische Konstruktion<\/p>\n<\/li>\n<li data-section-id=\"1399sd\" data-start=\"811\" data-end=\"836\">\n<p data-start=\"813\" data-end=\"836\">Auff\u00e4llige rote Farbe<\/p>\n<\/li>\n<li data-section-id=\"1j88s4k\" data-start=\"837\" data-end=\"884\" data-is-last-node=\"\">\n<p data-start=\"839\" data-end=\"884\" data-is-last-node=\"\">Ideal f\u00fcr Laub, Gras und kleine Gartenabf\u00e4lle<\/p>\n<\/li>\n<\/ul>\n<\/div>\n<\/div>\n<\/div>\n<\/div>\n<div class=\"z-0 flex min-h-[46px] justify-start\"><\/div>\n<div class=\"mt-3 w-full empty:hidden\">\n<div class=\"text-center\">\n<div>\n<div class=\"inline-flex border border-gray-100 dark:border-gray-700 rounded-xl\">\n<div class=\"text-token-text-secondary flex items-center justify-center gap-4 px-4 py-2.5 text-sm whitespace-nowrap\"><\/div>\n<\/div>\n<\/div>\n<\/div>\n<\/div>\n","protected":false},"excerpt":{"rendered":"<div class=\"flex flex-col text-sm pb-25\">\n<article class=\"text-token-text-primary w-full focus:outline-none [--shadow-height:45px] has-data-writing-block:pointer-events-none has-data-writing-block:-mt-(--shadow-height) has-data-writing-block:pt-(--shadow-height) [&amp;:has([data-writing-block])&gt;*]:pointer-events-auto scroll-mt-[calc(var(--header-height)+min(200px,max(70px,20svh)))] sm:AIPRM__conversation__response\" dir=\"auto\" tabindex=\"-1\" data-turn-id=\"request-WEB:c7d2e2fc-f6c2-4e4a-968f-ca00de123bb5-12\" data-testid=\"conversation-turn-8\" data-scroll-anchor=\"true\" data-turn=\"assistant\">\n<div class=\"text-base my-auto mx-auto pb-10 [--thread-content-margin:var(--thread-content-margin-xs,calc(var(--spacing)*4))] @w-sm\/main:[--thread-content-margin:var(--thread-content-margin-sm,calc(var(--spacing)*6))] @w-lg\/main:[--thread-content-margin:var(--thread-content-margin-lg,calc(var(--spacing)*16))] px-(--thread-content-margin)\">\n<div class=\"[--thread-content-max-width:40rem] @w-lg\/main:[--thread-content-max-width:48rem] mx-auto max-w-(--thread-content-max-width) flex-1 group\/turn-messages focus-visible:outline-hidden relative flex w-full min-w-0 flex-col agent-turn\" tabindex=\"-1\">\n<div class=\"flex max-w-full flex-col gap-4 grow AIPRM__conversation__response\">\n<div class=\"min-h-8 text-message relative flex w-full flex-col items-end gap-2 text-start break-words whitespace-normal [.text-message+&amp;]:mt-1\" dir=\"auto\" data-message-author-role=\"assistant\" data-message-id=\"d0a4d81e-bc91-47e4-b53e-f988efe9b65a\" data-message-model-slug=\"gpt-5-3\">\n<div class=\"flex w-full flex-col gap-1 empty:hidden\">\n<div class=\"markdown prose dark:prose-invert w-full wrap-break-word dark markdown-new-styling\">\n<p data-start=\"0\" data-end=\"87\" data-is-last-node=\"\" data-is-only-node=\"\"><strong data-start=\"0\" data-end=\"87\" data-is-last-node=\"\" data-is-only-node=\"\">Produkt ist in vollen Palettenmengen sowie in der Variante Paletten-MIX erh\u00e4ltlich.<\/strong><\/p>\n<\/div>\n<\/div>\n<\/div>\n<\/div>\n<div class=\"z-0 flex min-h-[46px] justify-start\"><\/div>\n<div class=\"mt-3 w-full empty:hidden\">\n<div class=\"text-center\"><\/div>\n<\/div>\n<\/div>\n<\/div>\n<\/article>\n<\/div>\n<div class=\"pointer-events-none h-px w-px absolute bottom-0\" aria-hidden=\"true\" data-edge=\"true\"><\/div>\n","protected":false},"featured_media":0,"comment_status":"open","ping_status":"closed","template":"","meta":{"_acf_changed":false,"inline_featured_image":false,"_kad_blocks_custom_css":"","_kad_blocks_head_custom_js":"","_kad_blocks_body_custom_js":"","_kad_blocks_footer_custom_js":"","_kadence_starter_templates_imported_post":false,"_kad_post_transparent":"","_kad_post_title":"","_kad_post_layout":"","_kad_post_sidebar_id":"","_kad_post_content_style":"","_kad_post_vertical_padding":"","_kad_post_feature":"","_kad_post_feature_position":"","_kad_post_header":false,"_kad_post_footer":false},"product_brand":[],"product_cat":[439,1120],"product_tag":[],"product_brands":[],"class_list":{"0":"post-5821","1":"product","2":"type-product","3":"status-publish","5":"product_cat-gartenprodukte","6":"product_cat-rechen","7":"HidePrice","9":"first","10":"instock","11":"taxable","12":"shipping-taxable","13":"purchasable","14":"product-type-simple","15":"entry","16":"content-bg","17":"loop-entry"},"acf":[],"yoast_head":"<!-- This site is optimized with the Yoast SEO plugin v26.7 - https:\/\/yoast.com\/wordpress\/plugins\/seo\/ -->\n<title>F\u00e4cherrechen \u201eWachlarze\u201c ROT | LOPATO<\/title>\n<meta name=\"description\" content=\"F\u00e4cherrechen \u201eWachlarze\u201c \u2013 rot \u2013 ein leichtes und robustes Werkzeug zum Zusammenrechen von Laub, Gras und kleinen Gartenabf\u00e4llen. Ideal f\u00fcr jeden Garten.\" \/>\n<meta name=\"robots\" content=\"index, follow, max-snippet:-1, max-image-preview:large, max-video-preview:-1\" \/>\n<link rel=\"canonical\" href=\"https:\/\/lopato.pl\/de\/produkt\/faecherrechen-wachlarze-rot\/\" \/>\n<meta property=\"og:locale\" content=\"de_DE\" \/>\n<meta property=\"og:type\" content=\"article\" \/>\n<meta property=\"og:title\" content=\"F\u00e4cherrechen \u201eWachlarze\u201c ROT | LOPATO\" \/>\n<meta property=\"og:description\" content=\"F\u00e4cherrechen \u201eWachlarze\u201c \u2013 rot \u2013 ein leichtes und robustes Werkzeug zum Zusammenrechen von Laub, Gras und kleinen Gartenabf\u00e4llen. Ideal f\u00fcr jeden Garten.\" \/>\n<meta property=\"og:url\" content=\"https:\/\/lopato.pl\/de\/produkt\/faecherrechen-wachlarze-rot\/\" \/>\n<meta property=\"og:site_name\" content=\"LOPATO\" \/>\n<meta property=\"og:image\" content=\"https:\/\/lopato.pl\/wp-content\/uploads\/2025\/06\/lopato-no-image-brak-obrazka-zaslepka.png\" \/>\n\t<meta property=\"og:image:width\" content=\"235\" \/>\n\t<meta property=\"og:image:height\" content=\"235\" \/>\n\t<meta property=\"og:image:type\" content=\"image\/png\" \/>\n<meta name=\"twitter:card\" content=\"summary_large_image\" \/>\n<meta name=\"twitter:label1\" content=\"Gesch\u00e4tzte Lesezeit\" \/>\n\t<meta name=\"twitter:data1\" content=\"1 minute\" \/>\n<script type=\"application\/ld+json\" class=\"yoast-schema-graph\">{\"@context\":\"https:\/\/schema.org\",\"@graph\":[{\"@type\":\"WebPage\",\"@id\":\"https:\/\/lopato.pl\/de\/produkt\/faecherrechen-wachlarze-rot\/\",\"url\":\"https:\/\/lopato.pl\/de\/produkt\/faecherrechen-wachlarze-rot\/\",\"name\":\"F\u00e4cherrechen \u201eWachlarze\u201c ROT | LOPATO\",\"isPartOf\":{\"@id\":\"https:\/\/lopato.pl\/de\/#website\"},\"datePublished\":\"2026-02-21T14:56:46+00:00\",\"description\":\"F\u00e4cherrechen \u201eWachlarze\u201c \u2013 rot \u2013 ein leichtes und robustes Werkzeug zum Zusammenrechen von Laub, Gras und kleinen Gartenabf\u00e4llen. Ideal f\u00fcr jeden Garten.\",\"breadcrumb\":{\"@id\":\"https:\/\/lopato.pl\/de\/produkt\/faecherrechen-wachlarze-rot\/#breadcrumb\"},\"inLanguage\":\"de-DE\",\"potentialAction\":[{\"@type\":\"ReadAction\",\"target\":[\"https:\/\/lopato.pl\/de\/produkt\/faecherrechen-wachlarze-rot\/\"]}]},{\"@type\":\"BreadcrumbList\",\"@id\":\"https:\/\/lopato.pl\/de\/produkt\/faecherrechen-wachlarze-rot\/#breadcrumb\",\"itemListElement\":[{\"@type\":\"ListItem\",\"position\":1,\"name\":\"Produkte\",\"item\":\"https:\/\/lopato.pl\/produkty\/\"},{\"@type\":\"ListItem\",\"position\":2,\"name\":\"F\u00e4cherrechen \u201eWachlarze\u201c ROT\"}]},{\"@type\":\"WebSite\",\"@id\":\"https:\/\/lopato.pl\/de\/#website\",\"url\":\"https:\/\/lopato.pl\/de\/\",\"name\":\"LOPATO\",\"description\":\"\",\"potentialAction\":[{\"@type\":\"SearchAction\",\"target\":{\"@type\":\"EntryPoint\",\"urlTemplate\":\"https:\/\/lopato.pl\/de\/?s={search_term_string}\"},\"query-input\":{\"@type\":\"PropertyValueSpecification\",\"valueRequired\":true,\"valueName\":\"search_term_string\"}}],\"inLanguage\":\"de-DE\"}]}<\/script>\n<!-- \/ Yoast SEO plugin. -->","yoast_head_json":{"title":"F\u00e4cherrechen \u201eWachlarze\u201c ROT | LOPATO","description":"F\u00e4cherrechen \u201eWachlarze\u201c \u2013 rot \u2013 ein leichtes und robustes Werkzeug zum Zusammenrechen von Laub, Gras und kleinen Gartenabf\u00e4llen. Ideal f\u00fcr jeden Garten.","robots":{"index":"index","follow":"follow","max-snippet":"max-snippet:-1","max-image-preview":"max-image-preview:large","max-video-preview":"max-video-preview:-1"},"canonical":"https:\/\/lopato.pl\/de\/produkt\/faecherrechen-wachlarze-rot\/","og_locale":"de_DE","og_type":"article","og_title":"F\u00e4cherrechen \u201eWachlarze\u201c ROT | LOPATO","og_description":"F\u00e4cherrechen \u201eWachlarze\u201c \u2013 rot \u2013 ein leichtes und robustes Werkzeug zum Zusammenrechen von Laub, Gras und kleinen Gartenabf\u00e4llen. Ideal f\u00fcr jeden Garten.","og_url":"https:\/\/lopato.pl\/de\/produkt\/faecherrechen-wachlarze-rot\/","og_site_name":"LOPATO","og_image":[{"width":235,"height":235,"url":"https:\/\/lopato.pl\/wp-content\/uploads\/2025\/06\/lopato-no-image-brak-obrazka-zaslepka.png","type":"image\/png"}],"twitter_card":"summary_large_image","twitter_misc":{"Gesch\u00e4tzte Lesezeit":"1 minute"},"schema":{"@context":"https:\/\/schema.org","@graph":[{"@type":"WebPage","@id":"https:\/\/lopato.pl\/de\/produkt\/faecherrechen-wachlarze-rot\/","url":"https:\/\/lopato.pl\/de\/produkt\/faecherrechen-wachlarze-rot\/","name":"F\u00e4cherrechen \u201eWachlarze\u201c ROT | LOPATO","isPartOf":{"@id":"https:\/\/lopato.pl\/de\/#website"},"datePublished":"2026-02-21T14:56:46+00:00","description":"F\u00e4cherrechen \u201eWachlarze\u201c \u2013 rot \u2013 ein leichtes und robustes Werkzeug zum Zusammenrechen von Laub, Gras und kleinen Gartenabf\u00e4llen. Ideal f\u00fcr jeden Garten.","breadcrumb":{"@id":"https:\/\/lopato.pl\/de\/produkt\/faecherrechen-wachlarze-rot\/#breadcrumb"},"inLanguage":"de-DE","potentialAction":[{"@type":"ReadAction","target":["https:\/\/lopato.pl\/de\/produkt\/faecherrechen-wachlarze-rot\/"]}]},{"@type":"BreadcrumbList","@id":"https:\/\/lopato.pl\/de\/produkt\/faecherrechen-wachlarze-rot\/#breadcrumb","itemListElement":[{"@type":"ListItem","position":1,"name":"Produkte","item":"https:\/\/lopato.pl\/produkty\/"},{"@type":"ListItem","position":2,"name":"F\u00e4cherrechen \u201eWachlarze\u201c ROT"}]},{"@type":"WebSite","@id":"https:\/\/lopato.pl\/de\/#website","url":"https:\/\/lopato.pl\/de\/","name":"LOPATO","description":"","potentialAction":[{"@type":"SearchAction","target":{"@type":"EntryPoint","urlTemplate":"https:\/\/lopato.pl\/de\/?s={search_term_string}"},"query-input":{"@type":"PropertyValueSpecification","valueRequired":true,"valueName":"search_term_string"}}],"inLanguage":"de-DE"}]}},"taxonomy_info":{"product_cat":[{"value":439,"label":"Gartenprodukte"},{"value":1120,"label":"Rechen"}]},"featured_image_src_large":false,"author_info":[],"comment_info":0,"_links":{"self":[{"href":"https:\/\/lopato.pl\/de\/wp-json\/wp\/v2\/product\/5821","targetHints":{"allow":["GET"]}}],"collection":[{"href":"https:\/\/lopato.pl\/de\/wp-json\/wp\/v2\/product"}],"about":[{"href":"https:\/\/lopato.pl\/de\/wp-json\/wp\/v2\/types\/product"}],"replies":[{"embeddable":true,"href":"https:\/\/lopato.pl\/de\/wp-json\/wp\/v2\/comments?post=5821"}],"wp:attachment":[{"href":"https:\/\/lopato.pl\/de\/wp-json\/wp\/v2\/media?parent=5821"}],"wp:term":[{"taxonomy":"product_brand","embeddable":true,"href":"https:\/\/lopato.pl\/de\/wp-json\/wp\/v2\/product_brand?post=5821"},{"taxonomy":"product_cat","embeddable":true,"href":"https:\/\/lopato.pl\/de\/wp-json\/wp\/v2\/product_cat?post=5821"},{"taxonomy":"product_tag","embeddable":true,"href":"https:\/\/lopato.pl\/de\/wp-json\/wp\/v2\/product_tag?post=5821"},{"taxonomy":"product_brands","embeddable":true,"href":"https:\/\/lopato.pl\/de\/wp-json\/wp\/v2\/product_brands?post=5821"}],"curies":[{"name":"wp","href":"https:\/\/api.w.org\/{rel}","templated":true}]}}