{"id":5823,"date":"2026-02-21T15:06:24","date_gmt":"2026-02-21T14:06:24","guid":{"rendered":"https:\/\/lopato.pl\/produkt\/faecherrechen-wachlarze-blau\/"},"modified":"2026-02-21T15:06:24","modified_gmt":"2026-02-21T14:06:24","slug":"faecherrechen-wachlarze-blau","status":"publish","type":"product","link":"https:\/\/lopato.pl\/de\/produkt\/faecherrechen-wachlarze-blau\/","title":{"rendered":"F\u00e4cherrechen \u201eWachlarze\u201c \u2013 BLAU"},"content":{"rendered":"<p data-start=\"0\" data-end=\"35\"><strong data-start=\"0\" data-end=\"35\">F\u00e4cherrechen \u201eWachlarze\u201c \u2013 Blau<\/strong><\/p>\n<p data-start=\"37\" data-end=\"344\">Der F\u00e4cherrechen \u201eWachlarze\u201c in blauer Farbe ist ein praktisches und komfortables Werkzeug f\u00fcr t\u00e4gliche Aufr\u00e4umarbeiten im Garten. Er eignet sich ideal zum Zusammenrechen von Laub, gem\u00e4htem Gras sowie kleinen Zweigen und hilft dabei, den Bereich rund um das Haus schnell und effizient in Ordnung zu bringen.<\/p>\n<p data-start=\"346\" data-end=\"665\">Der breite, f\u00e4cherf\u00f6rmige Kopf mit flexiblen Zinken erm\u00f6glicht ein gr\u00fcndliches Sammeln von Gartenabf\u00e4llen, ohne den Rasen oder Blumenbeete zu besch\u00e4digen. Die leichte Konstruktion sorgt f\u00fcr hohen Arbeitskomfort auch bei l\u00e4ngerer Nutzung, w\u00e4hrend robuste Materialien Langlebigkeit und Widerstandsf\u00e4higkeit gew\u00e4hrleisten.<\/p>\n<p data-start=\"667\" data-end=\"687\"><strong data-start=\"667\" data-end=\"687\">Produktvorteile:<\/strong><\/p>\n<ul data-start=\"689\" data-end=\"886\" data-is-last-node=\"\" data-is-only-node=\"\">\n<li data-section-id=\"142o4q8\" data-start=\"689\" data-end=\"722\">\n<p data-start=\"691\" data-end=\"722\">Breiter, flexibler F\u00e4cherkopf<\/p>\n<\/li>\n<li data-section-id=\"16cp8q\" data-start=\"723\" data-end=\"770\">\n<p data-start=\"725\" data-end=\"770\">Effektives Zusammenrechen von Laub und Gras<\/p>\n<\/li>\n<li data-section-id=\"10bkjzw\" data-start=\"771\" data-end=\"811\">\n<p data-start=\"773\" data-end=\"811\">Leichte und komfortable Konstruktion<\/p>\n<\/li>\n<li data-section-id=\"1lmlsio\" data-start=\"812\" data-end=\"849\">\n<p data-start=\"814\" data-end=\"849\">Robuste und langlebige Ausf\u00fchrung<\/p>\n<\/li>\n<li data-section-id=\"20ndrq\" data-start=\"850\" data-end=\"886\" data-is-last-node=\"\">\n<p data-start=\"852\" data-end=\"886\" data-is-last-node=\"\">\u00c4sthetische, intensive blaue Farbe<\/p>\n<\/li>\n<\/ul>\n","protected":false},"excerpt":{"rendered":"<p>Produkt ist in vollen Palettenmengen sowie in der Variante Paletten-MIX erh\u00e4ltlich.<\/p>\n","protected":false},"featured_media":0,"comment_status":"open","ping_status":"closed","template":"","meta":{"_acf_changed":false,"inline_featured_image":false,"_kad_blocks_custom_css":"","_kad_blocks_head_custom_js":"","_kad_blocks_body_custom_js":"","_kad_blocks_footer_custom_js":"","_kadence_starter_templates_imported_post":false,"_kad_post_transparent":"","_kad_post_title":"","_kad_post_layout":"","_kad_post_sidebar_id":"","_kad_post_content_style":"","_kad_post_vertical_padding":"","_kad_post_feature":"","_kad_post_feature_position":"","_kad_post_header":false,"_kad_post_footer":false},"product_brand":[],"product_cat":[439,1120],"product_tag":[],"product_brands":[],"class_list":{"0":"post-5823","1":"product","2":"type-product","3":"status-publish","5":"product_cat-gartenprodukte","6":"product_cat-rechen","7":"HidePrice","9":"first","10":"instock","11":"taxable","12":"shipping-taxable","13":"purchasable","14":"product-type-simple","15":"entry","16":"content-bg","17":"loop-entry"},"acf":[],"yoast_head":"<!-- This site is optimized with the Yoast SEO plugin v26.7 - https:\/\/yoast.com\/wordpress\/plugins\/seo\/ -->\n<title>F\u00e4cherrechen \u201eWachlarze\u201c \u2013 BLAU | LOPATO<\/title>\n<meta name=\"description\" content=\"F\u00e4cherrechen \u201eWachlarze\u201c \u2013 blau \u2013 ein leichtes und robustes Werkzeug zum Zusammenrechen von Laub, Gras und kleinen Gartenabf\u00e4llen. Ideal f\u00fcr jeden Garten.\" \/>\n<meta name=\"robots\" content=\"index, follow, max-snippet:-1, max-image-preview:large, max-video-preview:-1\" \/>\n<link rel=\"canonical\" href=\"https:\/\/lopato.pl\/de\/produkt\/faecherrechen-wachlarze-blau\/\" \/>\n<meta property=\"og:locale\" content=\"de_DE\" \/>\n<meta property=\"og:type\" content=\"article\" \/>\n<meta property=\"og:title\" content=\"F\u00e4cherrechen \u201eWachlarze\u201c \u2013 BLAU | LOPATO\" \/>\n<meta property=\"og:description\" content=\"F\u00e4cherrechen \u201eWachlarze\u201c \u2013 blau \u2013 ein leichtes und robustes Werkzeug zum Zusammenrechen von Laub, Gras und kleinen Gartenabf\u00e4llen. Ideal f\u00fcr jeden Garten.\" \/>\n<meta property=\"og:url\" content=\"https:\/\/lopato.pl\/de\/produkt\/faecherrechen-wachlarze-blau\/\" \/>\n<meta property=\"og:site_name\" content=\"LOPATO\" \/>\n<meta property=\"og:image\" content=\"https:\/\/lopato.pl\/wp-content\/uploads\/2025\/06\/lopato-no-image-brak-obrazka-zaslepka.png\" \/>\n\t<meta property=\"og:image:width\" content=\"235\" \/>\n\t<meta property=\"og:image:height\" content=\"235\" \/>\n\t<meta property=\"og:image:type\" content=\"image\/png\" \/>\n<meta name=\"twitter:card\" content=\"summary_large_image\" \/>\n<meta name=\"twitter:label1\" content=\"Gesch\u00e4tzte Lesezeit\" \/>\n\t<meta name=\"twitter:data1\" content=\"1 minute\" \/>\n<script type=\"application\/ld+json\" class=\"yoast-schema-graph\">{\"@context\":\"https:\/\/schema.org\",\"@graph\":[{\"@type\":\"WebPage\",\"@id\":\"https:\/\/lopato.pl\/de\/produkt\/faecherrechen-wachlarze-blau\/\",\"url\":\"https:\/\/lopato.pl\/de\/produkt\/faecherrechen-wachlarze-blau\/\",\"name\":\"F\u00e4cherrechen \u201eWachlarze\u201c \u2013 BLAU | LOPATO\",\"isPartOf\":{\"@id\":\"https:\/\/lopato.pl\/de\/#website\"},\"datePublished\":\"2026-02-21T14:06:24+00:00\",\"description\":\"F\u00e4cherrechen \u201eWachlarze\u201c \u2013 blau \u2013 ein leichtes und robustes Werkzeug zum Zusammenrechen von Laub, Gras und kleinen Gartenabf\u00e4llen. Ideal f\u00fcr jeden Garten.\",\"breadcrumb\":{\"@id\":\"https:\/\/lopato.pl\/de\/produkt\/faecherrechen-wachlarze-blau\/#breadcrumb\"},\"inLanguage\":\"de-DE\",\"potentialAction\":[{\"@type\":\"ReadAction\",\"target\":[\"https:\/\/lopato.pl\/de\/produkt\/faecherrechen-wachlarze-blau\/\"]}]},{\"@type\":\"BreadcrumbList\",\"@id\":\"https:\/\/lopato.pl\/de\/produkt\/faecherrechen-wachlarze-blau\/#breadcrumb\",\"itemListElement\":[{\"@type\":\"ListItem\",\"position\":1,\"name\":\"Produkte\",\"item\":\"https:\/\/lopato.pl\/produkty\/\"},{\"@type\":\"ListItem\",\"position\":2,\"name\":\"F\u00e4cherrechen \u201eWachlarze\u201c \u2013 BLAU\"}]},{\"@type\":\"WebSite\",\"@id\":\"https:\/\/lopato.pl\/de\/#website\",\"url\":\"https:\/\/lopato.pl\/de\/\",\"name\":\"LOPATO\",\"description\":\"\",\"potentialAction\":[{\"@type\":\"SearchAction\",\"target\":{\"@type\":\"EntryPoint\",\"urlTemplate\":\"https:\/\/lopato.pl\/de\/?s={search_term_string}\"},\"query-input\":{\"@type\":\"PropertyValueSpecification\",\"valueRequired\":true,\"valueName\":\"search_term_string\"}}],\"inLanguage\":\"de-DE\"}]}<\/script>\n<!-- \/ Yoast SEO plugin. -->","yoast_head_json":{"title":"F\u00e4cherrechen \u201eWachlarze\u201c \u2013 BLAU | LOPATO","description":"F\u00e4cherrechen \u201eWachlarze\u201c \u2013 blau \u2013 ein leichtes und robustes Werkzeug zum Zusammenrechen von Laub, Gras und kleinen Gartenabf\u00e4llen. Ideal f\u00fcr jeden Garten.","robots":{"index":"index","follow":"follow","max-snippet":"max-snippet:-1","max-image-preview":"max-image-preview:large","max-video-preview":"max-video-preview:-1"},"canonical":"https:\/\/lopato.pl\/de\/produkt\/faecherrechen-wachlarze-blau\/","og_locale":"de_DE","og_type":"article","og_title":"F\u00e4cherrechen \u201eWachlarze\u201c \u2013 BLAU | LOPATO","og_description":"F\u00e4cherrechen \u201eWachlarze\u201c \u2013 blau \u2013 ein leichtes und robustes Werkzeug zum Zusammenrechen von Laub, Gras und kleinen Gartenabf\u00e4llen. Ideal f\u00fcr jeden Garten.","og_url":"https:\/\/lopato.pl\/de\/produkt\/faecherrechen-wachlarze-blau\/","og_site_name":"LOPATO","og_image":[{"width":235,"height":235,"url":"https:\/\/lopato.pl\/wp-content\/uploads\/2025\/06\/lopato-no-image-brak-obrazka-zaslepka.png","type":"image\/png"}],"twitter_card":"summary_large_image","twitter_misc":{"Gesch\u00e4tzte Lesezeit":"1 minute"},"schema":{"@context":"https:\/\/schema.org","@graph":[{"@type":"WebPage","@id":"https:\/\/lopato.pl\/de\/produkt\/faecherrechen-wachlarze-blau\/","url":"https:\/\/lopato.pl\/de\/produkt\/faecherrechen-wachlarze-blau\/","name":"F\u00e4cherrechen \u201eWachlarze\u201c \u2013 BLAU | LOPATO","isPartOf":{"@id":"https:\/\/lopato.pl\/de\/#website"},"datePublished":"2026-02-21T14:06:24+00:00","description":"F\u00e4cherrechen \u201eWachlarze\u201c \u2013 blau \u2013 ein leichtes und robustes Werkzeug zum Zusammenrechen von Laub, Gras und kleinen Gartenabf\u00e4llen. Ideal f\u00fcr jeden Garten.","breadcrumb":{"@id":"https:\/\/lopato.pl\/de\/produkt\/faecherrechen-wachlarze-blau\/#breadcrumb"},"inLanguage":"de-DE","potentialAction":[{"@type":"ReadAction","target":["https:\/\/lopato.pl\/de\/produkt\/faecherrechen-wachlarze-blau\/"]}]},{"@type":"BreadcrumbList","@id":"https:\/\/lopato.pl\/de\/produkt\/faecherrechen-wachlarze-blau\/#breadcrumb","itemListElement":[{"@type":"ListItem","position":1,"name":"Produkte","item":"https:\/\/lopato.pl\/produkty\/"},{"@type":"ListItem","position":2,"name":"F\u00e4cherrechen \u201eWachlarze\u201c \u2013 BLAU"}]},{"@type":"WebSite","@id":"https:\/\/lopato.pl\/de\/#website","url":"https:\/\/lopato.pl\/de\/","name":"LOPATO","description":"","potentialAction":[{"@type":"SearchAction","target":{"@type":"EntryPoint","urlTemplate":"https:\/\/lopato.pl\/de\/?s={search_term_string}"},"query-input":{"@type":"PropertyValueSpecification","valueRequired":true,"valueName":"search_term_string"}}],"inLanguage":"de-DE"}]}},"taxonomy_info":{"product_cat":[{"value":439,"label":"Gartenprodukte"},{"value":1120,"label":"Rechen"}]},"featured_image_src_large":false,"author_info":[],"comment_info":0,"_links":{"self":[{"href":"https:\/\/lopato.pl\/de\/wp-json\/wp\/v2\/product\/5823","targetHints":{"allow":["GET"]}}],"collection":[{"href":"https:\/\/lopato.pl\/de\/wp-json\/wp\/v2\/product"}],"about":[{"href":"https:\/\/lopato.pl\/de\/wp-json\/wp\/v2\/types\/product"}],"replies":[{"embeddable":true,"href":"https:\/\/lopato.pl\/de\/wp-json\/wp\/v2\/comments?post=5823"}],"wp:attachment":[{"href":"https:\/\/lopato.pl\/de\/wp-json\/wp\/v2\/media?parent=5823"}],"wp:term":[{"taxonomy":"product_brand","embeddable":true,"href":"https:\/\/lopato.pl\/de\/wp-json\/wp\/v2\/product_brand?post=5823"},{"taxonomy":"product_cat","embeddable":true,"href":"https:\/\/lopato.pl\/de\/wp-json\/wp\/v2\/product_cat?post=5823"},{"taxonomy":"product_tag","embeddable":true,"href":"https:\/\/lopato.pl\/de\/wp-json\/wp\/v2\/product_tag?post=5823"},{"taxonomy":"product_brands","embeddable":true,"href":"https:\/\/lopato.pl\/de\/wp-json\/wp\/v2\/product_brands?post=5823"}],"curies":[{"name":"wp","href":"https:\/\/api.w.org\/{rel}","templated":true}]}}