{"id":5825,"date":"2026-02-21T15:43:41","date_gmt":"2026-02-21T14:43:41","guid":{"rendered":"https:\/\/lopato.pl\/produkt\/faecherrechen-wachlarze-orange\/"},"modified":"2026-02-21T15:43:41","modified_gmt":"2026-02-21T14:43:41","slug":"faecherrechen-wachlarze-orange","status":"publish","type":"product","link":"https:\/\/lopato.pl\/de\/produkt\/faecherrechen-wachlarze-orange\/","title":{"rendered":"F\u00e4cherrechen \u201eWachlarze\u201c \u2013 ORANGE"},"content":{"rendered":"<div class=\"flex flex-col text-sm pb-25\">\n<article class=\"text-token-text-primary w-full focus:outline-none [--shadow-height:45px] has-data-writing-block:pointer-events-none has-data-writing-block:-mt-(--shadow-height) has-data-writing-block:pt-(--shadow-height) [&amp;:has([data-writing-block])&gt;*]:pointer-events-auto scroll-mt-[calc(var(--header-height)+min(200px,max(70px,20svh)))] sm:AIPRM__conversation__response\" dir=\"auto\" tabindex=\"-1\" data-turn-id=\"request-WEB:c7d2e2fc-f6c2-4e4a-968f-ca00de123bb5-31\" data-testid=\"conversation-turn-28\" data-scroll-anchor=\"true\" data-turn=\"assistant\">\n<div class=\"text-base my-auto mx-auto pb-10 [--thread-content-margin:var(--thread-content-margin-xs,calc(var(--spacing)*4))] @w-sm\/main:[--thread-content-margin:var(--thread-content-margin-sm,calc(var(--spacing)*6))] @w-lg\/main:[--thread-content-margin:var(--thread-content-margin-lg,calc(var(--spacing)*16))] px-(--thread-content-margin)\">\n<div class=\"[--thread-content-max-width:40rem] @w-lg\/main:[--thread-content-max-width:48rem] mx-auto max-w-(--thread-content-max-width) flex-1 group\/turn-messages focus-visible:outline-hidden relative flex w-full min-w-0 flex-col agent-turn\" tabindex=\"-1\">\n<div class=\"flex max-w-full flex-col gap-4 grow AIPRM__conversation__response\">\n<div class=\"min-h-8 text-message relative flex w-full flex-col items-end gap-2 text-start break-words whitespace-normal [.text-message+&amp;]:mt-1\" dir=\"auto\" data-message-author-role=\"assistant\" data-message-id=\"25216764-25f8-4e67-b8cb-40e8aff38533\" data-message-model-slug=\"gpt-5-3\">\n<div class=\"flex w-full flex-col gap-1 empty:hidden\">\n<div class=\"markdown prose dark:prose-invert w-full wrap-break-word dark markdown-new-styling\">\n<p data-start=\"0\" data-end=\"37\"><strong data-start=\"0\" data-end=\"37\">F\u00e4cherrechen \u201eWachlarze\u201c \u2013 Orange<\/strong><\/p>\n<p data-start=\"39\" data-end=\"347\">Der F\u00e4cherrechen \u201eWachlarze\u201c in orangefarbener Ausf\u00fchrung ist ein praktisches und komfortables Werkzeug f\u00fcr t\u00e4gliche Aufr\u00e4umarbeiten im Garten. Er eignet sich ideal zum Zusammenrechen von Laub, gem\u00e4htem Gras sowie kleinen Zweigen und hilft dabei, den Bereich rund um das Haus schnell und effizient zu ordnen.<\/p>\n<p data-start=\"349\" data-end=\"668\">Der breite, f\u00e4cherf\u00f6rmige Kopf mit flexiblen Zinken erm\u00f6glicht ein gr\u00fcndliches Sammeln von Gartenabf\u00e4llen, ohne den Rasen oder Blumenbeete zu besch\u00e4digen. Die leichte Konstruktion sorgt f\u00fcr hohen Arbeitskomfort auch bei l\u00e4ngerer Nutzung, w\u00e4hrend robuste Materialien Langlebigkeit und Widerstandsf\u00e4higkeit gew\u00e4hrleisten.<\/p>\n<p data-start=\"670\" data-end=\"690\"><strong data-start=\"670\" data-end=\"690\">Produktvorteile:<\/strong><\/p>\n<ul data-start=\"692\" data-end=\"893\" data-is-last-node=\"\" data-is-only-node=\"\">\n<li data-section-id=\"142o4q8\" data-start=\"692\" data-end=\"725\">\n<p data-start=\"694\" data-end=\"725\">Breiter, flexibler F\u00e4cherkopf<\/p>\n<\/li>\n<li data-section-id=\"16cp8q\" data-start=\"726\" data-end=\"773\">\n<p data-start=\"728\" data-end=\"773\">Effektives Zusammenrechen von Laub und Gras<\/p>\n<\/li>\n<li data-section-id=\"10bkjzw\" data-start=\"774\" data-end=\"814\">\n<p data-start=\"776\" data-end=\"814\">Leichte und komfortable Konstruktion<\/p>\n<\/li>\n<li data-section-id=\"1lmlsio\" data-start=\"815\" data-end=\"852\">\n<p data-start=\"817\" data-end=\"852\">Robuste und langlebige Ausf\u00fchrung<\/p>\n<\/li>\n<li data-section-id=\"1fza3ev\" data-start=\"853\" data-end=\"893\" data-is-last-node=\"\">\n<p data-start=\"855\" data-end=\"893\" data-is-last-node=\"\">\u00c4sthetische, intensive orange Farbe<\/p>\n<\/li>\n<\/ul>\n<\/div>\n<\/div>\n<\/div>\n<\/div>\n<div class=\"z-0 flex min-h-[46px] justify-start\"><\/div>\n<div class=\"mt-3 w-full empty:hidden\">\n<div class=\"text-center\"><\/div>\n<\/div>\n<\/div>\n<\/div>\n<\/article>\n<\/div>\n<div class=\"pointer-events-none h-px w-px absolute bottom-0\" aria-hidden=\"true\" data-edge=\"true\"><\/div>\n","protected":false},"excerpt":{"rendered":"<p>Produkt ist in vollen Palettenmengen sowie als Paletten-MIX erh\u00e4ltlich.<\/p>\n","protected":false},"featured_media":6187,"comment_status":"open","ping_status":"closed","template":"","meta":{"_acf_changed":false,"inline_featured_image":false,"_kad_blocks_custom_css":"","_kad_blocks_head_custom_js":"","_kad_blocks_body_custom_js":"","_kad_blocks_footer_custom_js":"","_kadence_starter_templates_imported_post":false,"_kad_post_transparent":"","_kad_post_title":"","_kad_post_layout":"","_kad_post_sidebar_id":"","_kad_post_content_style":"","_kad_post_vertical_padding":"","_kad_post_feature":"","_kad_post_feature_position":"","_kad_post_header":false,"_kad_post_footer":false},"product_brand":[],"product_cat":[439,1120],"product_tag":[],"product_brands":[],"class_list":{"0":"post-5825","1":"product","2":"type-product","3":"status-publish","4":"has-post-thumbnail","6":"product_cat-gartenprodukte","7":"product_cat-rechen","8":"HidePrice","10":"first","11":"instock","12":"taxable","13":"shipping-taxable","14":"purchasable","15":"product-type-simple","16":"entry","17":"content-bg","18":"loop-entry"},"acf":[],"yoast_head":"<!-- This site is optimized with the Yoast SEO plugin v26.7 - https:\/\/yoast.com\/wordpress\/plugins\/seo\/ -->\n<title>F\u00e4cherrechen \u201eWachlarze\u201c \u2013 ORANGE | LOPATO<\/title>\n<meta name=\"description\" content=\"F\u00e4cherrechen \u201eWachlarze\u201c \u2013 orange \u2013 ein leichtes und robustes Werkzeug zum Zusammenrechen von Laub, Gras und kleinen Gartenabf\u00e4llen.\" \/>\n<meta name=\"robots\" content=\"index, follow, max-snippet:-1, max-image-preview:large, max-video-preview:-1\" \/>\n<link rel=\"canonical\" href=\"https:\/\/lopato.pl\/de\/produkt\/faecherrechen-wachlarze-orange\/\" \/>\n<meta property=\"og:locale\" content=\"de_DE\" \/>\n<meta property=\"og:type\" content=\"article\" \/>\n<meta property=\"og:title\" content=\"F\u00e4cherrechen \u201eWachlarze\u201c \u2013 ORANGE | LOPATO\" \/>\n<meta property=\"og:description\" content=\"F\u00e4cherrechen \u201eWachlarze\u201c \u2013 orange \u2013 ein leichtes und robustes Werkzeug zum Zusammenrechen von Laub, Gras und kleinen Gartenabf\u00e4llen.\" \/>\n<meta property=\"og:url\" content=\"https:\/\/lopato.pl\/de\/produkt\/faecherrechen-wachlarze-orange\/\" \/>\n<meta property=\"og:site_name\" content=\"LOPATO\" \/>\n<meta property=\"og:image\" content=\"https:\/\/lopato.pl\/wp-content\/uploads\/2026\/02\/Grabie-do-lisci-WACHLARZ-4.jpg\" \/>\n\t<meta property=\"og:image:width\" content=\"2000\" \/>\n\t<meta property=\"og:image:height\" content=\"2000\" \/>\n\t<meta property=\"og:image:type\" content=\"image\/jpeg\" \/>\n<meta name=\"twitter:card\" content=\"summary_large_image\" \/>\n<meta name=\"twitter:label1\" content=\"Gesch\u00e4tzte Lesezeit\" \/>\n\t<meta name=\"twitter:data1\" content=\"1 minute\" \/>\n<script type=\"application\/ld+json\" class=\"yoast-schema-graph\">{\"@context\":\"https:\/\/schema.org\",\"@graph\":[{\"@type\":\"WebPage\",\"@id\":\"https:\/\/lopato.pl\/de\/produkt\/faecherrechen-wachlarze-orange\/\",\"url\":\"https:\/\/lopato.pl\/de\/produkt\/faecherrechen-wachlarze-orange\/\",\"name\":\"F\u00e4cherrechen \u201eWachlarze\u201c \u2013 ORANGE | LOPATO\",\"isPartOf\":{\"@id\":\"https:\/\/lopato.pl\/de\/#website\"},\"primaryImageOfPage\":{\"@id\":\"https:\/\/lopato.pl\/de\/produkt\/faecherrechen-wachlarze-orange\/#primaryimage\"},\"image\":{\"@id\":\"https:\/\/lopato.pl\/de\/produkt\/faecherrechen-wachlarze-orange\/#primaryimage\"},\"thumbnailUrl\":\"https:\/\/lopato.pl\/wp-content\/uploads\/2026\/02\/Grabie-do-lisci-WACHLARZ-4.jpg\",\"datePublished\":\"2026-02-21T14:43:41+00:00\",\"description\":\"F\u00e4cherrechen \u201eWachlarze\u201c \u2013 orange \u2013 ein leichtes und robustes Werkzeug zum Zusammenrechen von Laub, Gras und kleinen Gartenabf\u00e4llen.\",\"breadcrumb\":{\"@id\":\"https:\/\/lopato.pl\/de\/produkt\/faecherrechen-wachlarze-orange\/#breadcrumb\"},\"inLanguage\":\"de-DE\",\"potentialAction\":[{\"@type\":\"ReadAction\",\"target\":[\"https:\/\/lopato.pl\/de\/produkt\/faecherrechen-wachlarze-orange\/\"]}]},{\"@type\":\"ImageObject\",\"inLanguage\":\"de-DE\",\"@id\":\"https:\/\/lopato.pl\/de\/produkt\/faecherrechen-wachlarze-orange\/#primaryimage\",\"url\":\"https:\/\/lopato.pl\/wp-content\/uploads\/2026\/02\/Grabie-do-lisci-WACHLARZ-4.jpg\",\"contentUrl\":\"https:\/\/lopato.pl\/wp-content\/uploads\/2026\/02\/Grabie-do-lisci-WACHLARZ-4.jpg\",\"width\":2000,\"height\":2000},{\"@type\":\"BreadcrumbList\",\"@id\":\"https:\/\/lopato.pl\/de\/produkt\/faecherrechen-wachlarze-orange\/#breadcrumb\",\"itemListElement\":[{\"@type\":\"ListItem\",\"position\":1,\"name\":\"Produkte\",\"item\":\"https:\/\/lopato.pl\/produkty\/\"},{\"@type\":\"ListItem\",\"position\":2,\"name\":\"F\u00e4cherrechen \u201eWachlarze\u201c \u2013 ORANGE\"}]},{\"@type\":\"WebSite\",\"@id\":\"https:\/\/lopato.pl\/de\/#website\",\"url\":\"https:\/\/lopato.pl\/de\/\",\"name\":\"LOPATO\",\"description\":\"\",\"potentialAction\":[{\"@type\":\"SearchAction\",\"target\":{\"@type\":\"EntryPoint\",\"urlTemplate\":\"https:\/\/lopato.pl\/de\/?s={search_term_string}\"},\"query-input\":{\"@type\":\"PropertyValueSpecification\",\"valueRequired\":true,\"valueName\":\"search_term_string\"}}],\"inLanguage\":\"de-DE\"}]}<\/script>\n<!-- \/ Yoast SEO plugin. -->","yoast_head_json":{"title":"F\u00e4cherrechen \u201eWachlarze\u201c \u2013 ORANGE | LOPATO","description":"F\u00e4cherrechen \u201eWachlarze\u201c \u2013 orange \u2013 ein leichtes und robustes Werkzeug zum Zusammenrechen von Laub, Gras und kleinen Gartenabf\u00e4llen.","robots":{"index":"index","follow":"follow","max-snippet":"max-snippet:-1","max-image-preview":"max-image-preview:large","max-video-preview":"max-video-preview:-1"},"canonical":"https:\/\/lopato.pl\/de\/produkt\/faecherrechen-wachlarze-orange\/","og_locale":"de_DE","og_type":"article","og_title":"F\u00e4cherrechen \u201eWachlarze\u201c \u2013 ORANGE | LOPATO","og_description":"F\u00e4cherrechen \u201eWachlarze\u201c \u2013 orange \u2013 ein leichtes und robustes Werkzeug zum Zusammenrechen von Laub, Gras und kleinen Gartenabf\u00e4llen.","og_url":"https:\/\/lopato.pl\/de\/produkt\/faecherrechen-wachlarze-orange\/","og_site_name":"LOPATO","og_image":[{"width":2000,"height":2000,"url":"https:\/\/lopato.pl\/wp-content\/uploads\/2026\/02\/Grabie-do-lisci-WACHLARZ-4.jpg","type":"image\/jpeg"}],"twitter_card":"summary_large_image","twitter_misc":{"Gesch\u00e4tzte Lesezeit":"1 minute"},"schema":{"@context":"https:\/\/schema.org","@graph":[{"@type":"WebPage","@id":"https:\/\/lopato.pl\/de\/produkt\/faecherrechen-wachlarze-orange\/","url":"https:\/\/lopato.pl\/de\/produkt\/faecherrechen-wachlarze-orange\/","name":"F\u00e4cherrechen \u201eWachlarze\u201c \u2013 ORANGE | LOPATO","isPartOf":{"@id":"https:\/\/lopato.pl\/de\/#website"},"primaryImageOfPage":{"@id":"https:\/\/lopato.pl\/de\/produkt\/faecherrechen-wachlarze-orange\/#primaryimage"},"image":{"@id":"https:\/\/lopato.pl\/de\/produkt\/faecherrechen-wachlarze-orange\/#primaryimage"},"thumbnailUrl":"https:\/\/lopato.pl\/wp-content\/uploads\/2026\/02\/Grabie-do-lisci-WACHLARZ-4.jpg","datePublished":"2026-02-21T14:43:41+00:00","description":"F\u00e4cherrechen \u201eWachlarze\u201c \u2013 orange \u2013 ein leichtes und robustes Werkzeug zum Zusammenrechen von Laub, Gras und kleinen Gartenabf\u00e4llen.","breadcrumb":{"@id":"https:\/\/lopato.pl\/de\/produkt\/faecherrechen-wachlarze-orange\/#breadcrumb"},"inLanguage":"de-DE","potentialAction":[{"@type":"ReadAction","target":["https:\/\/lopato.pl\/de\/produkt\/faecherrechen-wachlarze-orange\/"]}]},{"@type":"ImageObject","inLanguage":"de-DE","@id":"https:\/\/lopato.pl\/de\/produkt\/faecherrechen-wachlarze-orange\/#primaryimage","url":"https:\/\/lopato.pl\/wp-content\/uploads\/2026\/02\/Grabie-do-lisci-WACHLARZ-4.jpg","contentUrl":"https:\/\/lopato.pl\/wp-content\/uploads\/2026\/02\/Grabie-do-lisci-WACHLARZ-4.jpg","width":2000,"height":2000},{"@type":"BreadcrumbList","@id":"https:\/\/lopato.pl\/de\/produkt\/faecherrechen-wachlarze-orange\/#breadcrumb","itemListElement":[{"@type":"ListItem","position":1,"name":"Produkte","item":"https:\/\/lopato.pl\/produkty\/"},{"@type":"ListItem","position":2,"name":"F\u00e4cherrechen \u201eWachlarze\u201c \u2013 ORANGE"}]},{"@type":"WebSite","@id":"https:\/\/lopato.pl\/de\/#website","url":"https:\/\/lopato.pl\/de\/","name":"LOPATO","description":"","potentialAction":[{"@type":"SearchAction","target":{"@type":"EntryPoint","urlTemplate":"https:\/\/lopato.pl\/de\/?s={search_term_string}"},"query-input":{"@type":"PropertyValueSpecification","valueRequired":true,"valueName":"search_term_string"}}],"inLanguage":"de-DE"}]}},"taxonomy_info":{"product_cat":[{"value":439,"label":"Gartenprodukte"},{"value":1120,"label":"Rechen"}]},"featured_image_src_large":["https:\/\/lopato.pl\/wp-content\/uploads\/2026\/02\/Grabie-do-lisci-WACHLARZ-4-1200x1200.jpg",1200,1200,true],"author_info":[],"comment_info":0,"_links":{"self":[{"href":"https:\/\/lopato.pl\/de\/wp-json\/wp\/v2\/product\/5825","targetHints":{"allow":["GET"]}}],"collection":[{"href":"https:\/\/lopato.pl\/de\/wp-json\/wp\/v2\/product"}],"about":[{"href":"https:\/\/lopato.pl\/de\/wp-json\/wp\/v2\/types\/product"}],"replies":[{"embeddable":true,"href":"https:\/\/lopato.pl\/de\/wp-json\/wp\/v2\/comments?post=5825"}],"wp:featuredmedia":[{"embeddable":true,"href":"https:\/\/lopato.pl\/de\/wp-json\/wp\/v2\/media\/6187"}],"wp:attachment":[{"href":"https:\/\/lopato.pl\/de\/wp-json\/wp\/v2\/media?parent=5825"}],"wp:term":[{"taxonomy":"product_brand","embeddable":true,"href":"https:\/\/lopato.pl\/de\/wp-json\/wp\/v2\/product_brand?post=5825"},{"taxonomy":"product_cat","embeddable":true,"href":"https:\/\/lopato.pl\/de\/wp-json\/wp\/v2\/product_cat?post=5825"},{"taxonomy":"product_tag","embeddable":true,"href":"https:\/\/lopato.pl\/de\/wp-json\/wp\/v2\/product_tag?post=5825"},{"taxonomy":"product_brands","embeddable":true,"href":"https:\/\/lopato.pl\/de\/wp-json\/wp\/v2\/product_brands?post=5825"}],"curies":[{"name":"wp","href":"https:\/\/api.w.org\/{rel}","templated":true}]}}