{"id":5827,"date":"2026-02-21T16:07:20","date_gmt":"2026-02-21T15:07:20","guid":{"rendered":"https:\/\/lopato.pl\/produkt\/faecherrechen-wachlarze-gruen\/"},"modified":"2026-02-21T16:07:20","modified_gmt":"2026-02-21T15:07:20","slug":"faecherrechen-wachlarze-gruen","status":"publish","type":"product","link":"https:\/\/lopato.pl\/de\/produkt\/faecherrechen-wachlarze-gruen\/","title":{"rendered":"F\u00e4cherrechen \u201eWachlarze\u201c \u2013 GR\u00dcN"},"content":{"rendered":"<p data-start=\"0\" data-end=\"35\"><strong data-start=\"0\" data-end=\"35\">F\u00e4cherrechen \u201eWachlarze\u201c \u2013 GR\u00dcN<\/strong><\/p>\n<p data-start=\"37\" data-end=\"343\">Der F\u00e4cherrechen \u201eWachlarze\u201c in gr\u00fcner Farbe ist ein praktisches und robustes Werkzeug, das die Gartenpflege rund um Haus, Garten oder Grundst\u00fcck erleichtert. Er eignet sich hervorragend zum Zusammenrechen von Laub, gem\u00e4htem Gras sowie kleinen Zweigen und sorgt f\u00fcr schnelle und effiziente Aufr\u00e4umarbeiten.<\/p>\n<p data-start=\"345\" data-end=\"621\">Der breite, f\u00e4cherf\u00f6rmige Kopf mit flexiblen Zinken erm\u00f6glicht ein gr\u00fcndliches Sammeln von Gartenabf\u00e4llen, ohne den Rasen oder Pflanzen zu besch\u00e4digen. Die leichte, ergonomische Konstruktion erh\u00f6ht den Arbeitskomfort und erlaubt eine bequeme Handhabung auch \u00fcber l\u00e4ngere Zeit.<\/p>\n<p data-start=\"623\" data-end=\"643\"><strong data-start=\"623\" data-end=\"643\">Produktvorteile:<\/strong><\/p>\n<ul data-start=\"645\" data-end=\"826\" data-is-last-node=\"\" data-is-only-node=\"\">\n<li data-section-id=\"1ybf92u\" data-start=\"645\" data-end=\"683\">\n<p data-start=\"647\" data-end=\"683\">Breiter, f\u00e4cherf\u00f6rmiger Rechenkopf<\/p>\n<\/li>\n<li data-section-id=\"1t30iyj\" data-start=\"684\" data-end=\"718\">\n<p data-start=\"686\" data-end=\"718\">Flexible und langlebige Zinken<\/p>\n<\/li>\n<li data-section-id=\"10bkjzw\" data-start=\"719\" data-end=\"759\">\n<p data-start=\"721\" data-end=\"759\">Leichte und komfortable Konstruktion<\/p>\n<\/li>\n<li data-section-id=\"1lmlsio\" data-start=\"760\" data-end=\"797\">\n<p data-start=\"762\" data-end=\"797\">Robuste und langlebige Ausf\u00fchrung<\/p>\n<\/li>\n<li data-section-id=\"jh1uvp\" data-start=\"798\" data-end=\"826\" data-is-last-node=\"\">\n<p data-start=\"800\" data-end=\"826\" data-is-last-node=\"\">\u00c4sthetische gr\u00fcne Farbe \ud83c\udf3f<\/p>\n<\/li>\n<\/ul>\n","protected":false},"excerpt":{"rendered":"<p>Produkt ist in vollen Palettenmengen sowie als Paletten-MIX erh\u00e4ltlich.<\/p>\n","protected":false},"featured_media":6196,"comment_status":"open","ping_status":"closed","template":"","meta":{"_acf_changed":false,"inline_featured_image":false,"_kad_blocks_custom_css":"","_kad_blocks_head_custom_js":"","_kad_blocks_body_custom_js":"","_kad_blocks_footer_custom_js":"","_kadence_starter_templates_imported_post":false,"_kad_post_transparent":"","_kad_post_title":"","_kad_post_layout":"","_kad_post_sidebar_id":"","_kad_post_content_style":"","_kad_post_vertical_padding":"","_kad_post_feature":"","_kad_post_feature_position":"","_kad_post_header":false,"_kad_post_footer":false},"product_brand":[],"product_cat":[439,1120],"product_tag":[],"product_brands":[],"class_list":{"0":"post-5827","1":"product","2":"type-product","3":"status-publish","4":"has-post-thumbnail","6":"product_cat-gartenprodukte","7":"product_cat-rechen","8":"HidePrice","10":"first","11":"instock","12":"taxable","13":"shipping-taxable","14":"purchasable","15":"product-type-simple","16":"entry","17":"content-bg","18":"loop-entry"},"acf":[],"yoast_head":"<!-- This site is optimized with the Yoast SEO plugin v26.7 - https:\/\/yoast.com\/wordpress\/plugins\/seo\/ -->\n<title>F\u00e4cherrechen \u201eWachlarze\u201c \u2013 GR\u00dcN | LOPATO<\/title>\n<meta name=\"description\" content=\"F\u00e4cherrechen \u201eWachlarze\u201c \u2013 gr\u00fcn \u2013 ein leichtes und robustes Werkzeug zum Zusammenrechen von Laub, Gras und kleinen Gartenabf\u00e4llen. Ideal f\u00fcr jeden Garten. \ud83c\udf3f\" \/>\n<meta name=\"robots\" content=\"index, follow, max-snippet:-1, max-image-preview:large, max-video-preview:-1\" \/>\n<link rel=\"canonical\" href=\"https:\/\/lopato.pl\/de\/produkt\/faecherrechen-wachlarze-gruen\/\" \/>\n<meta property=\"og:locale\" content=\"de_DE\" \/>\n<meta property=\"og:type\" content=\"article\" \/>\n<meta property=\"og:title\" content=\"F\u00e4cherrechen \u201eWachlarze\u201c \u2013 GR\u00dcN | LOPATO\" \/>\n<meta property=\"og:description\" content=\"F\u00e4cherrechen \u201eWachlarze\u201c \u2013 gr\u00fcn \u2013 ein leichtes und robustes Werkzeug zum Zusammenrechen von Laub, Gras und kleinen Gartenabf\u00e4llen. Ideal f\u00fcr jeden Garten. \ud83c\udf3f\" \/>\n<meta property=\"og:url\" content=\"https:\/\/lopato.pl\/de\/produkt\/faecherrechen-wachlarze-gruen\/\" \/>\n<meta property=\"og:site_name\" content=\"LOPATO\" \/>\n<meta property=\"og:image\" content=\"https:\/\/lopato.pl\/wp-content\/uploads\/2026\/02\/wachlarze-zielone-2000-1-e1774027647208.png\" \/>\n\t<meta property=\"og:image:width\" content=\"1620\" \/>\n\t<meta property=\"og:image:height\" content=\"1403\" \/>\n\t<meta property=\"og:image:type\" content=\"image\/png\" \/>\n<meta name=\"twitter:card\" content=\"summary_large_image\" \/>\n<meta name=\"twitter:label1\" content=\"Gesch\u00e4tzte Lesezeit\" \/>\n\t<meta name=\"twitter:data1\" content=\"1 minute\" \/>\n<script type=\"application\/ld+json\" class=\"yoast-schema-graph\">{\"@context\":\"https:\/\/schema.org\",\"@graph\":[{\"@type\":\"WebPage\",\"@id\":\"https:\/\/lopato.pl\/de\/produkt\/faecherrechen-wachlarze-gruen\/\",\"url\":\"https:\/\/lopato.pl\/de\/produkt\/faecherrechen-wachlarze-gruen\/\",\"name\":\"F\u00e4cherrechen \u201eWachlarze\u201c \u2013 GR\u00dcN | LOPATO\",\"isPartOf\":{\"@id\":\"https:\/\/lopato.pl\/de\/#website\"},\"primaryImageOfPage\":{\"@id\":\"https:\/\/lopato.pl\/de\/produkt\/faecherrechen-wachlarze-gruen\/#primaryimage\"},\"image\":{\"@id\":\"https:\/\/lopato.pl\/de\/produkt\/faecherrechen-wachlarze-gruen\/#primaryimage\"},\"thumbnailUrl\":\"https:\/\/lopato.pl\/wp-content\/uploads\/2026\/02\/wachlarze-zielone-2000-1-e1774027647208.png\",\"datePublished\":\"2026-02-21T15:07:20+00:00\",\"description\":\"F\u00e4cherrechen \u201eWachlarze\u201c \u2013 gr\u00fcn \u2013 ein leichtes und robustes Werkzeug zum Zusammenrechen von Laub, Gras und kleinen Gartenabf\u00e4llen. Ideal f\u00fcr jeden Garten. \ud83c\udf3f\",\"breadcrumb\":{\"@id\":\"https:\/\/lopato.pl\/de\/produkt\/faecherrechen-wachlarze-gruen\/#breadcrumb\"},\"inLanguage\":\"de-DE\",\"potentialAction\":[{\"@type\":\"ReadAction\",\"target\":[\"https:\/\/lopato.pl\/de\/produkt\/faecherrechen-wachlarze-gruen\/\"]}]},{\"@type\":\"ImageObject\",\"inLanguage\":\"de-DE\",\"@id\":\"https:\/\/lopato.pl\/de\/produkt\/faecherrechen-wachlarze-gruen\/#primaryimage\",\"url\":\"https:\/\/lopato.pl\/wp-content\/uploads\/2026\/02\/wachlarze-zielone-2000-1-e1774027647208.png\",\"contentUrl\":\"https:\/\/lopato.pl\/wp-content\/uploads\/2026\/02\/wachlarze-zielone-2000-1-e1774027647208.png\",\"width\":1620,\"height\":1403},{\"@type\":\"BreadcrumbList\",\"@id\":\"https:\/\/lopato.pl\/de\/produkt\/faecherrechen-wachlarze-gruen\/#breadcrumb\",\"itemListElement\":[{\"@type\":\"ListItem\",\"position\":1,\"name\":\"Produkte\",\"item\":\"https:\/\/lopato.pl\/produkty\/\"},{\"@type\":\"ListItem\",\"position\":2,\"name\":\"F\u00e4cherrechen \u201eWachlarze\u201c \u2013 GR\u00dcN\"}]},{\"@type\":\"WebSite\",\"@id\":\"https:\/\/lopato.pl\/de\/#website\",\"url\":\"https:\/\/lopato.pl\/de\/\",\"name\":\"LOPATO\",\"description\":\"\",\"potentialAction\":[{\"@type\":\"SearchAction\",\"target\":{\"@type\":\"EntryPoint\",\"urlTemplate\":\"https:\/\/lopato.pl\/de\/?s={search_term_string}\"},\"query-input\":{\"@type\":\"PropertyValueSpecification\",\"valueRequired\":true,\"valueName\":\"search_term_string\"}}],\"inLanguage\":\"de-DE\"}]}<\/script>\n<!-- \/ Yoast SEO plugin. -->","yoast_head_json":{"title":"F\u00e4cherrechen \u201eWachlarze\u201c \u2013 GR\u00dcN | LOPATO","description":"F\u00e4cherrechen \u201eWachlarze\u201c \u2013 gr\u00fcn \u2013 ein leichtes und robustes Werkzeug zum Zusammenrechen von Laub, Gras und kleinen Gartenabf\u00e4llen. Ideal f\u00fcr jeden Garten. \ud83c\udf3f","robots":{"index":"index","follow":"follow","max-snippet":"max-snippet:-1","max-image-preview":"max-image-preview:large","max-video-preview":"max-video-preview:-1"},"canonical":"https:\/\/lopato.pl\/de\/produkt\/faecherrechen-wachlarze-gruen\/","og_locale":"de_DE","og_type":"article","og_title":"F\u00e4cherrechen \u201eWachlarze\u201c \u2013 GR\u00dcN | LOPATO","og_description":"F\u00e4cherrechen \u201eWachlarze\u201c \u2013 gr\u00fcn \u2013 ein leichtes und robustes Werkzeug zum Zusammenrechen von Laub, Gras und kleinen Gartenabf\u00e4llen. Ideal f\u00fcr jeden Garten. \ud83c\udf3f","og_url":"https:\/\/lopato.pl\/de\/produkt\/faecherrechen-wachlarze-gruen\/","og_site_name":"LOPATO","og_image":[{"width":1620,"height":1403,"url":"https:\/\/lopato.pl\/wp-content\/uploads\/2026\/02\/wachlarze-zielone-2000-1-e1774027647208.png","type":"image\/png"}],"twitter_card":"summary_large_image","twitter_misc":{"Gesch\u00e4tzte Lesezeit":"1 minute"},"schema":{"@context":"https:\/\/schema.org","@graph":[{"@type":"WebPage","@id":"https:\/\/lopato.pl\/de\/produkt\/faecherrechen-wachlarze-gruen\/","url":"https:\/\/lopato.pl\/de\/produkt\/faecherrechen-wachlarze-gruen\/","name":"F\u00e4cherrechen \u201eWachlarze\u201c \u2013 GR\u00dcN | LOPATO","isPartOf":{"@id":"https:\/\/lopato.pl\/de\/#website"},"primaryImageOfPage":{"@id":"https:\/\/lopato.pl\/de\/produkt\/faecherrechen-wachlarze-gruen\/#primaryimage"},"image":{"@id":"https:\/\/lopato.pl\/de\/produkt\/faecherrechen-wachlarze-gruen\/#primaryimage"},"thumbnailUrl":"https:\/\/lopato.pl\/wp-content\/uploads\/2026\/02\/wachlarze-zielone-2000-1-e1774027647208.png","datePublished":"2026-02-21T15:07:20+00:00","description":"F\u00e4cherrechen \u201eWachlarze\u201c \u2013 gr\u00fcn \u2013 ein leichtes und robustes Werkzeug zum Zusammenrechen von Laub, Gras und kleinen Gartenabf\u00e4llen. Ideal f\u00fcr jeden Garten. \ud83c\udf3f","breadcrumb":{"@id":"https:\/\/lopato.pl\/de\/produkt\/faecherrechen-wachlarze-gruen\/#breadcrumb"},"inLanguage":"de-DE","potentialAction":[{"@type":"ReadAction","target":["https:\/\/lopato.pl\/de\/produkt\/faecherrechen-wachlarze-gruen\/"]}]},{"@type":"ImageObject","inLanguage":"de-DE","@id":"https:\/\/lopato.pl\/de\/produkt\/faecherrechen-wachlarze-gruen\/#primaryimage","url":"https:\/\/lopato.pl\/wp-content\/uploads\/2026\/02\/wachlarze-zielone-2000-1-e1774027647208.png","contentUrl":"https:\/\/lopato.pl\/wp-content\/uploads\/2026\/02\/wachlarze-zielone-2000-1-e1774027647208.png","width":1620,"height":1403},{"@type":"BreadcrumbList","@id":"https:\/\/lopato.pl\/de\/produkt\/faecherrechen-wachlarze-gruen\/#breadcrumb","itemListElement":[{"@type":"ListItem","position":1,"name":"Produkte","item":"https:\/\/lopato.pl\/produkty\/"},{"@type":"ListItem","position":2,"name":"F\u00e4cherrechen \u201eWachlarze\u201c \u2013 GR\u00dcN"}]},{"@type":"WebSite","@id":"https:\/\/lopato.pl\/de\/#website","url":"https:\/\/lopato.pl\/de\/","name":"LOPATO","description":"","potentialAction":[{"@type":"SearchAction","target":{"@type":"EntryPoint","urlTemplate":"https:\/\/lopato.pl\/de\/?s={search_term_string}"},"query-input":{"@type":"PropertyValueSpecification","valueRequired":true,"valueName":"search_term_string"}}],"inLanguage":"de-DE"}]}},"taxonomy_info":{"product_cat":[{"value":439,"label":"Gartenprodukte"},{"value":1120,"label":"Rechen"}]},"featured_image_src_large":["https:\/\/lopato.pl\/wp-content\/uploads\/2026\/02\/wachlarze-zielone-2000-1-e1774027647208-1200x1039.png",1200,1039,true],"author_info":[],"comment_info":0,"_links":{"self":[{"href":"https:\/\/lopato.pl\/de\/wp-json\/wp\/v2\/product\/5827","targetHints":{"allow":["GET"]}}],"collection":[{"href":"https:\/\/lopato.pl\/de\/wp-json\/wp\/v2\/product"}],"about":[{"href":"https:\/\/lopato.pl\/de\/wp-json\/wp\/v2\/types\/product"}],"replies":[{"embeddable":true,"href":"https:\/\/lopato.pl\/de\/wp-json\/wp\/v2\/comments?post=5827"}],"wp:featuredmedia":[{"embeddable":true,"href":"https:\/\/lopato.pl\/de\/wp-json\/wp\/v2\/media\/6196"}],"wp:attachment":[{"href":"https:\/\/lopato.pl\/de\/wp-json\/wp\/v2\/media?parent=5827"}],"wp:term":[{"taxonomy":"product_brand","embeddable":true,"href":"https:\/\/lopato.pl\/de\/wp-json\/wp\/v2\/product_brand?post=5827"},{"taxonomy":"product_cat","embeddable":true,"href":"https:\/\/lopato.pl\/de\/wp-json\/wp\/v2\/product_cat?post=5827"},{"taxonomy":"product_tag","embeddable":true,"href":"https:\/\/lopato.pl\/de\/wp-json\/wp\/v2\/product_tag?post=5827"},{"taxonomy":"product_brands","embeddable":true,"href":"https:\/\/lopato.pl\/de\/wp-json\/wp\/v2\/product_brands?post=5827"}],"curies":[{"name":"wp","href":"https:\/\/api.w.org\/{rel}","templated":true}]}}