{"id":5831,"date":"2026-02-21T14:48:01","date_gmt":"2026-02-21T13:48:01","guid":{"rendered":"https:\/\/lopato.pl\/produkt\/faecherrechen-wachlarze-gelb\/"},"modified":"2026-02-21T14:48:01","modified_gmt":"2026-02-21T13:48:01","slug":"faecherrechen-wachlarze-gelb","status":"publish","type":"product","link":"https:\/\/lopato.pl\/de\/produkt\/faecherrechen-wachlarze-gelb\/","title":{"rendered":"F\u00e4cherrechen \u201eWachlarze\u201c \u2013 GELB"},"content":{"rendered":"<p data-start=\"0\" data-end=\"35\"><strong data-start=\"0\" data-end=\"35\">F\u00e4cherrechen \u201eWachlarze\u201c \u2013 GELB<\/strong><\/p>\n<p data-start=\"37\" data-end=\"352\">Die praktischen und robusten F\u00e4cherrechen \u201eWachlarze\u201c in intensiver gelber Farbe sind ein unverzichtbares Werkzeug f\u00fcr Aufr\u00e4umarbeiten im Garten. Sie eignen sich hervorragend zum Zusammenrechen von Laub, Gras, kleinen Zweigen sowie anderen Gartenabf\u00e4llen \u2013 sowohl auf dem Rasen als auch auf Beeten oder Gartenwegen.<\/p>\n<p data-start=\"354\" data-end=\"673\">Der flexible, f\u00e4cherf\u00f6rmige Kopf erm\u00f6glicht ein gr\u00fcndliches Sammeln von Verschmutzungen, ohne den Untergrund zu besch\u00e4digen. Optimal angeordnete Zinken sorgen f\u00fcr effizientes Arbeiten auf einer gr\u00f6\u00dferen Fl\u00e4che, w\u00e4hrend die leichte Konstruktion das Man\u00f6vrieren erleichtert und die Erm\u00fcdung w\u00e4hrend der Nutzung reduziert.<\/p>\n<p data-start=\"675\" data-end=\"695\"><strong data-start=\"675\" data-end=\"695\">Produktvorteile:<\/strong><\/p>\n<ul data-start=\"697\" data-end=\"899\">\n<li data-section-id=\"1ybf92u\" data-start=\"697\" data-end=\"735\">\n<p data-start=\"699\" data-end=\"735\">Breiter, f\u00e4cherf\u00f6rmiger Rechenkopf<\/p>\n<\/li>\n<li data-section-id=\"1t30iyj\" data-start=\"736\" data-end=\"770\">\n<p data-start=\"738\" data-end=\"770\">Flexible und langlebige Zinken<\/p>\n<\/li>\n<li data-section-id=\"wzn69b\" data-start=\"771\" data-end=\"808\">\n<p data-start=\"773\" data-end=\"808\">Leichte, komfortable Konstruktion<\/p>\n<\/li>\n<li data-section-id=\"1d60ryx\" data-start=\"809\" data-end=\"849\">\n<p data-start=\"811\" data-end=\"849\">Intensive, gut sichtbare gelbe Farbe<\/p>\n<\/li>\n<li data-section-id=\"1g8cdwk\" data-start=\"850\" data-end=\"899\">\n<p data-start=\"852\" data-end=\"899\">Ideal f\u00fcr Laub, Gras und kleine Gartenabf\u00e4lle<\/p>\n<\/li>\n<\/ul>\n<p data-start=\"901\" data-end=\"1042\" data-is-last-node=\"\" data-is-only-node=\"\">Die Rechen \u201eWachlarze\u201c verbinden Funktionalit\u00e4t, Langlebigkeit und \u00c4sthetik \u2013 eine zuverl\u00e4ssige Unterst\u00fctzung f\u00fcr Ordnung in jedem Garten.<\/p>\n","protected":false},"excerpt":{"rendered":"<div class=\"flex flex-col text-sm pb-25\">\n<article class=\"text-token-text-primary w-full focus:outline-none [--shadow-height:45px] has-data-writing-block:pointer-events-none has-data-writing-block:-mt-(--shadow-height) has-data-writing-block:pt-(--shadow-height) [&amp;:has([data-writing-block])&gt;*]:pointer-events-auto scroll-mt-[calc(var(--header-height)+min(200px,max(70px,20svh)))] sm:AIPRM__conversation__response\" dir=\"auto\" tabindex=\"-1\" data-turn-id=\"request-WEB:c7d2e2fc-f6c2-4e4a-968f-ca00de123bb5-48\" data-testid=\"conversation-turn-46\" data-scroll-anchor=\"true\" data-turn=\"assistant\">\n<div class=\"text-base my-auto mx-auto pb-10 [--thread-content-margin:var(--thread-content-margin-xs,calc(var(--spacing)*4))] @w-sm\/main:[--thread-content-margin:var(--thread-content-margin-sm,calc(var(--spacing)*6))] @w-lg\/main:[--thread-content-margin:var(--thread-content-margin-lg,calc(var(--spacing)*16))] px-(--thread-content-margin)\">\n<div class=\"[--thread-content-max-width:40rem] @w-lg\/main:[--thread-content-max-width:48rem] mx-auto max-w-(--thread-content-max-width) flex-1 group\/turn-messages focus-visible:outline-hidden relative flex w-full min-w-0 flex-col agent-turn\" tabindex=\"-1\">\n<div class=\"flex max-w-full flex-col gap-4 grow AIPRM__conversation__response\">\n<div class=\"min-h-8 text-message relative flex w-full flex-col items-end gap-2 text-start break-words whitespace-normal [.text-message+&amp;]:mt-1\" dir=\"auto\" data-message-author-role=\"assistant\" data-message-id=\"aa6e6c53-ce02-4bf6-847c-204d5600d2d8\" data-message-model-slug=\"gpt-5-3\">\n<div class=\"flex w-full flex-col gap-1 empty:hidden\">\n<div class=\"markdown prose dark:prose-invert w-full wrap-break-word dark markdown-new-styling\">\n<p data-start=\"15\" data-end=\"90\" data-is-last-node=\"\" data-is-only-node=\"\"><strong data-start=\"15\" data-end=\"90\" data-is-last-node=\"\">Produkt ist in vollen Palettenmengen sowie als Paletten-MIX erh\u00e4ltlich.<\/strong><\/p>\n<\/div>\n<\/div>\n<\/div>\n<\/div>\n<div class=\"z-0 flex min-h-[46px] justify-start\"><\/div>\n<div class=\"mt-3 w-full empty:hidden\">\n<div class=\"text-center\"><\/div>\n<\/div>\n<\/div>\n<\/div>\n<\/article>\n<\/div>\n<div class=\"pointer-events-none h-px w-px absolute bottom-0\" aria-hidden=\"true\" data-edge=\"true\"><\/div>\n","protected":false},"featured_media":6192,"comment_status":"open","ping_status":"closed","template":"","meta":{"_acf_changed":false,"inline_featured_image":false,"_kad_blocks_custom_css":"","_kad_blocks_head_custom_js":"","_kad_blocks_body_custom_js":"","_kad_blocks_footer_custom_js":"","_kadence_starter_templates_imported_post":false,"_kad_post_transparent":"","_kad_post_title":"","_kad_post_layout":"","_kad_post_sidebar_id":"","_kad_post_content_style":"","_kad_post_vertical_padding":"","_kad_post_feature":"","_kad_post_feature_position":"","_kad_post_header":false,"_kad_post_footer":false},"product_brand":[],"product_cat":[439,1120],"product_tag":[],"product_brands":[],"class_list":{"0":"post-5831","1":"product","2":"type-product","3":"status-publish","4":"has-post-thumbnail","6":"product_cat-gartenprodukte","7":"product_cat-rechen","8":"HidePrice","10":"first","11":"instock","12":"taxable","13":"shipping-taxable","14":"purchasable","15":"product-type-simple","16":"entry","17":"content-bg","18":"loop-entry"},"acf":[],"yoast_head":"<!-- This site is optimized with the Yoast SEO plugin v26.7 - https:\/\/yoast.com\/wordpress\/plugins\/seo\/ -->\n<title>F\u00e4cherrechen \u201eWachlarze\u201c \u2013 GELB | LOPATO<\/title>\n<meta name=\"description\" content=\"F\u00e4cherrechen \u201eWachlarze\u201c \u2013 gelb \u2013 ein leichtes und robustes Werkzeug zum Zusammenrechen von Laub, Gras und kleinen Gartenabf\u00e4llen. Ideal f\u00fcr jeden Garten.\" \/>\n<meta name=\"robots\" content=\"index, follow, max-snippet:-1, max-image-preview:large, max-video-preview:-1\" \/>\n<link rel=\"canonical\" href=\"https:\/\/lopato.pl\/de\/produkt\/faecherrechen-wachlarze-gelb\/\" \/>\n<meta property=\"og:locale\" content=\"de_DE\" \/>\n<meta property=\"og:type\" content=\"article\" \/>\n<meta property=\"og:title\" content=\"F\u00e4cherrechen \u201eWachlarze\u201c \u2013 GELB | LOPATO\" \/>\n<meta property=\"og:description\" content=\"F\u00e4cherrechen \u201eWachlarze\u201c \u2013 gelb \u2013 ein leichtes und robustes Werkzeug zum Zusammenrechen von Laub, Gras und kleinen Gartenabf\u00e4llen. Ideal f\u00fcr jeden Garten.\" \/>\n<meta property=\"og:url\" content=\"https:\/\/lopato.pl\/de\/produkt\/faecherrechen-wachlarze-gelb\/\" \/>\n<meta property=\"og:site_name\" content=\"LOPATO\" \/>\n<meta property=\"og:image\" content=\"https:\/\/lopato.pl\/wp-content\/uploads\/2026\/02\/Grabie-do-lisci-22W-2-768x768-1.jpg\" \/>\n\t<meta property=\"og:image:width\" content=\"768\" \/>\n\t<meta property=\"og:image:height\" content=\"768\" \/>\n\t<meta property=\"og:image:type\" content=\"image\/jpeg\" \/>\n<meta name=\"twitter:card\" content=\"summary_large_image\" \/>\n<meta name=\"twitter:label1\" content=\"Gesch\u00e4tzte Lesezeit\" \/>\n\t<meta name=\"twitter:data1\" content=\"1 minute\" \/>\n<script type=\"application\/ld+json\" class=\"yoast-schema-graph\">{\"@context\":\"https:\/\/schema.org\",\"@graph\":[{\"@type\":\"WebPage\",\"@id\":\"https:\/\/lopato.pl\/de\/produkt\/faecherrechen-wachlarze-gelb\/\",\"url\":\"https:\/\/lopato.pl\/de\/produkt\/faecherrechen-wachlarze-gelb\/\",\"name\":\"F\u00e4cherrechen \u201eWachlarze\u201c \u2013 GELB | LOPATO\",\"isPartOf\":{\"@id\":\"https:\/\/lopato.pl\/de\/#website\"},\"primaryImageOfPage\":{\"@id\":\"https:\/\/lopato.pl\/de\/produkt\/faecherrechen-wachlarze-gelb\/#primaryimage\"},\"image\":{\"@id\":\"https:\/\/lopato.pl\/de\/produkt\/faecherrechen-wachlarze-gelb\/#primaryimage\"},\"thumbnailUrl\":\"https:\/\/lopato.pl\/wp-content\/uploads\/2026\/02\/Grabie-do-lisci-WACHLARZ-3.jpg\",\"datePublished\":\"2026-02-21T13:48:01+00:00\",\"description\":\"F\u00e4cherrechen \u201eWachlarze\u201c \u2013 gelb \u2013 ein leichtes und robustes Werkzeug zum Zusammenrechen von Laub, Gras und kleinen Gartenabf\u00e4llen. Ideal f\u00fcr jeden Garten.\",\"breadcrumb\":{\"@id\":\"https:\/\/lopato.pl\/de\/produkt\/faecherrechen-wachlarze-gelb\/#breadcrumb\"},\"inLanguage\":\"de-DE\",\"potentialAction\":[{\"@type\":\"ReadAction\",\"target\":[\"https:\/\/lopato.pl\/de\/produkt\/faecherrechen-wachlarze-gelb\/\"]}]},{\"@type\":\"ImageObject\",\"inLanguage\":\"de-DE\",\"@id\":\"https:\/\/lopato.pl\/de\/produkt\/faecherrechen-wachlarze-gelb\/#primaryimage\",\"url\":\"https:\/\/lopato.pl\/wp-content\/uploads\/2026\/02\/Grabie-do-lisci-WACHLARZ-3.jpg\",\"contentUrl\":\"https:\/\/lopato.pl\/wp-content\/uploads\/2026\/02\/Grabie-do-lisci-WACHLARZ-3.jpg\",\"width\":2000,\"height\":2000},{\"@type\":\"BreadcrumbList\",\"@id\":\"https:\/\/lopato.pl\/de\/produkt\/faecherrechen-wachlarze-gelb\/#breadcrumb\",\"itemListElement\":[{\"@type\":\"ListItem\",\"position\":1,\"name\":\"Produkte\",\"item\":\"https:\/\/lopato.pl\/produkty\/\"},{\"@type\":\"ListItem\",\"position\":2,\"name\":\"F\u00e4cherrechen \u201eWachlarze\u201c \u2013 GELB\"}]},{\"@type\":\"WebSite\",\"@id\":\"https:\/\/lopato.pl\/de\/#website\",\"url\":\"https:\/\/lopato.pl\/de\/\",\"name\":\"LOPATO\",\"description\":\"\",\"potentialAction\":[{\"@type\":\"SearchAction\",\"target\":{\"@type\":\"EntryPoint\",\"urlTemplate\":\"https:\/\/lopato.pl\/de\/?s={search_term_string}\"},\"query-input\":{\"@type\":\"PropertyValueSpecification\",\"valueRequired\":true,\"valueName\":\"search_term_string\"}}],\"inLanguage\":\"de-DE\"}]}<\/script>\n<!-- \/ Yoast SEO plugin. -->","yoast_head_json":{"title":"F\u00e4cherrechen \u201eWachlarze\u201c \u2013 GELB | LOPATO","description":"F\u00e4cherrechen \u201eWachlarze\u201c \u2013 gelb \u2013 ein leichtes und robustes Werkzeug zum Zusammenrechen von Laub, Gras und kleinen Gartenabf\u00e4llen. Ideal f\u00fcr jeden Garten.","robots":{"index":"index","follow":"follow","max-snippet":"max-snippet:-1","max-image-preview":"max-image-preview:large","max-video-preview":"max-video-preview:-1"},"canonical":"https:\/\/lopato.pl\/de\/produkt\/faecherrechen-wachlarze-gelb\/","og_locale":"de_DE","og_type":"article","og_title":"F\u00e4cherrechen \u201eWachlarze\u201c \u2013 GELB | LOPATO","og_description":"F\u00e4cherrechen \u201eWachlarze\u201c \u2013 gelb \u2013 ein leichtes und robustes Werkzeug zum Zusammenrechen von Laub, Gras und kleinen Gartenabf\u00e4llen. Ideal f\u00fcr jeden Garten.","og_url":"https:\/\/lopato.pl\/de\/produkt\/faecherrechen-wachlarze-gelb\/","og_site_name":"LOPATO","og_image":[{"width":768,"height":768,"url":"https:\/\/lopato.pl\/wp-content\/uploads\/2026\/02\/Grabie-do-lisci-22W-2-768x768-1.jpg","type":"image\/jpeg"}],"twitter_card":"summary_large_image","twitter_misc":{"Gesch\u00e4tzte Lesezeit":"1 minute"},"schema":{"@context":"https:\/\/schema.org","@graph":[{"@type":"WebPage","@id":"https:\/\/lopato.pl\/de\/produkt\/faecherrechen-wachlarze-gelb\/","url":"https:\/\/lopato.pl\/de\/produkt\/faecherrechen-wachlarze-gelb\/","name":"F\u00e4cherrechen \u201eWachlarze\u201c \u2013 GELB | LOPATO","isPartOf":{"@id":"https:\/\/lopato.pl\/de\/#website"},"primaryImageOfPage":{"@id":"https:\/\/lopato.pl\/de\/produkt\/faecherrechen-wachlarze-gelb\/#primaryimage"},"image":{"@id":"https:\/\/lopato.pl\/de\/produkt\/faecherrechen-wachlarze-gelb\/#primaryimage"},"thumbnailUrl":"https:\/\/lopato.pl\/wp-content\/uploads\/2026\/02\/Grabie-do-lisci-WACHLARZ-3.jpg","datePublished":"2026-02-21T13:48:01+00:00","description":"F\u00e4cherrechen \u201eWachlarze\u201c \u2013 gelb \u2013 ein leichtes und robustes Werkzeug zum Zusammenrechen von Laub, Gras und kleinen Gartenabf\u00e4llen. Ideal f\u00fcr jeden Garten.","breadcrumb":{"@id":"https:\/\/lopato.pl\/de\/produkt\/faecherrechen-wachlarze-gelb\/#breadcrumb"},"inLanguage":"de-DE","potentialAction":[{"@type":"ReadAction","target":["https:\/\/lopato.pl\/de\/produkt\/faecherrechen-wachlarze-gelb\/"]}]},{"@type":"ImageObject","inLanguage":"de-DE","@id":"https:\/\/lopato.pl\/de\/produkt\/faecherrechen-wachlarze-gelb\/#primaryimage","url":"https:\/\/lopato.pl\/wp-content\/uploads\/2026\/02\/Grabie-do-lisci-WACHLARZ-3.jpg","contentUrl":"https:\/\/lopato.pl\/wp-content\/uploads\/2026\/02\/Grabie-do-lisci-WACHLARZ-3.jpg","width":2000,"height":2000},{"@type":"BreadcrumbList","@id":"https:\/\/lopato.pl\/de\/produkt\/faecherrechen-wachlarze-gelb\/#breadcrumb","itemListElement":[{"@type":"ListItem","position":1,"name":"Produkte","item":"https:\/\/lopato.pl\/produkty\/"},{"@type":"ListItem","position":2,"name":"F\u00e4cherrechen \u201eWachlarze\u201c \u2013 GELB"}]},{"@type":"WebSite","@id":"https:\/\/lopato.pl\/de\/#website","url":"https:\/\/lopato.pl\/de\/","name":"LOPATO","description":"","potentialAction":[{"@type":"SearchAction","target":{"@type":"EntryPoint","urlTemplate":"https:\/\/lopato.pl\/de\/?s={search_term_string}"},"query-input":{"@type":"PropertyValueSpecification","valueRequired":true,"valueName":"search_term_string"}}],"inLanguage":"de-DE"}]}},"taxonomy_info":{"product_cat":[{"value":439,"label":"Gartenprodukte"},{"value":1120,"label":"Rechen"}]},"featured_image_src_large":["https:\/\/lopato.pl\/wp-content\/uploads\/2026\/02\/Grabie-do-lisci-WACHLARZ-3-1200x1200.jpg",1200,1200,true],"author_info":[],"comment_info":0,"_links":{"self":[{"href":"https:\/\/lopato.pl\/de\/wp-json\/wp\/v2\/product\/5831","targetHints":{"allow":["GET"]}}],"collection":[{"href":"https:\/\/lopato.pl\/de\/wp-json\/wp\/v2\/product"}],"about":[{"href":"https:\/\/lopato.pl\/de\/wp-json\/wp\/v2\/types\/product"}],"replies":[{"embeddable":true,"href":"https:\/\/lopato.pl\/de\/wp-json\/wp\/v2\/comments?post=5831"}],"wp:featuredmedia":[{"embeddable":true,"href":"https:\/\/lopato.pl\/de\/wp-json\/wp\/v2\/media\/6192"}],"wp:attachment":[{"href":"https:\/\/lopato.pl\/de\/wp-json\/wp\/v2\/media?parent=5831"}],"wp:term":[{"taxonomy":"product_brand","embeddable":true,"href":"https:\/\/lopato.pl\/de\/wp-json\/wp\/v2\/product_brand?post=5831"},{"taxonomy":"product_cat","embeddable":true,"href":"https:\/\/lopato.pl\/de\/wp-json\/wp\/v2\/product_cat?post=5831"},{"taxonomy":"product_tag","embeddable":true,"href":"https:\/\/lopato.pl\/de\/wp-json\/wp\/v2\/product_tag?post=5831"},{"taxonomy":"product_brands","embeddable":true,"href":"https:\/\/lopato.pl\/de\/wp-json\/wp\/v2\/product_brands?post=5831"}],"curies":[{"name":"wp","href":"https:\/\/api.w.org\/{rel}","templated":true}]}}