{"id":5835,"date":"2026-02-22T19:54:04","date_gmt":"2026-02-22T18:54:04","guid":{"rendered":"https:\/\/lopato.pl\/produkt\/giesskanne-aus-kunststoff-10-l-gruen\/"},"modified":"2026-02-22T19:54:04","modified_gmt":"2026-02-22T18:54:04","slug":"giesskanne-aus-kunststoff-10-l-gruen","status":"publish","type":"product","link":"https:\/\/lopato.pl\/de\/produkt\/giesskanne-aus-kunststoff-10-l-gruen\/","title":{"rendered":"Gie\u00dfkanne aus Kunststoff 10 L \u2013 GR\u00dcN"},"content":{"rendered":"<article class=\"text-token-text-primary w-full focus:outline-none [--shadow-height:45px] has-data-writing-block:pointer-events-none has-data-writing-block:-mt-(--shadow-height) has-data-writing-block:pt-(--shadow-height) [&amp;:has([data-writing-block])&gt;*]:pointer-events-auto scroll-mt-(--header-height)\" dir=\"auto\" tabindex=\"-1\" data-turn-id=\"643f87de-9f4c-42e5-b149-725d1d0ccc11\" data-testid=\"conversation-turn-51\" data-scroll-anchor=\"false\" data-turn=\"user\"><\/article>\n<article class=\"text-token-text-primary w-full focus:outline-none [--shadow-height:45px] has-data-writing-block:pointer-events-none has-data-writing-block:-mt-(--shadow-height) has-data-writing-block:pt-(--shadow-height) [&amp;:has([data-writing-block])&gt;*]:pointer-events-auto scroll-mt-[calc(var(--header-height)+min(200px,max(70px,20svh)))] sm:AIPRM__conversation__response\" dir=\"auto\" tabindex=\"-1\" data-turn-id=\"request-WEB:c7d2e2fc-f6c2-4e4a-968f-ca00de123bb5-58\" data-testid=\"conversation-turn-52\" data-scroll-anchor=\"true\" data-turn=\"assistant\">\n<div class=\"text-base my-auto mx-auto pb-10 [--thread-content-margin:var(--thread-content-margin-xs,calc(var(--spacing)*4))] @w-sm\/main:[--thread-content-margin:var(--thread-content-margin-sm,calc(var(--spacing)*6))] @w-lg\/main:[--thread-content-margin:var(--thread-content-margin-lg,calc(var(--spacing)*16))] px-(--thread-content-margin)\">\n<div class=\"[--thread-content-max-width:40rem] @w-lg\/main:[--thread-content-max-width:48rem] mx-auto max-w-(--thread-content-max-width) flex-1 group\/turn-messages focus-visible:outline-hidden relative flex w-full min-w-0 flex-col agent-turn\" tabindex=\"-1\">\n<div class=\"flex max-w-full flex-col gap-4 grow AIPRM__conversation__response\">\n<div class=\"min-h-8 text-message relative flex w-full flex-col items-end gap-2 text-start break-words whitespace-normal [.text-message+&amp;]:mt-1\" dir=\"auto\" data-message-author-role=\"assistant\" data-message-id=\"ce2709cf-54cc-40cd-85e4-be4b8887204e\" data-message-model-slug=\"gpt-5-3\">\n<div class=\"flex w-full flex-col gap-1 empty:hidden\">\n<div class=\"markdown prose dark:prose-invert w-full wrap-break-word dark markdown-new-styling\">\n<p data-start=\"0\" data-end=\"306\"><strong data-start=\"0\" data-end=\"67\">Praktische und leichte Garten-Gie\u00dfkanne aus robustem Kunststoff<\/strong>, der gegen Witterungseinfl\u00fcsse und mechanische Besch\u00e4digungen best\u00e4ndig ist. In verschiedenen Gr\u00f6\u00dfen erh\u00e4ltlich, sodass sie sich leicht an Ihre Bed\u00fcrfnisse anpassen l\u00e4sst \u2013 vom Gie\u00dfen von Zimmerpflanzen bis hin zu gr\u00f6\u00dferen Gartenarbeiten.<\/p>\n<p data-start=\"308\" data-end=\"336\"><strong data-start=\"308\" data-end=\"329\">Fassungsverm\u00f6gen:<\/strong> 10 L<\/p>\n<ul data-start=\"338\" data-end=\"616\" data-is-last-node=\"\" data-is-only-node=\"\">\n<li data-section-id=\"shm5eg\" data-start=\"338\" data-end=\"383\">\n<p data-start=\"340\" data-end=\"383\">Bequemer Griff f\u00fcr komfortable Handhabung<\/p>\n<\/li>\n<li data-section-id=\"1atqojj\" data-start=\"384\" data-end=\"464\">\n<p data-start=\"386\" data-end=\"464\">Pr\u00e4ziser Ausguss oder Brausekopf (je nach Modell) \u2013 f\u00fcr gleichm\u00e4\u00dfiges Gie\u00dfen<\/p>\n<\/li>\n<li data-section-id=\"1t90o95\" data-start=\"465\" data-end=\"526\">\n<p data-start=\"467\" data-end=\"526\">Leichte Konstruktion \u2013 auch ideal f\u00fcr Senioren und Kinder<\/p>\n<\/li>\n<li data-section-id=\"4xv12e\" data-start=\"527\" data-end=\"543\">\n<p data-start=\"529\" data-end=\"543\">UV-best\u00e4ndig<\/p>\n<\/li>\n<li data-section-id=\"y1patq\" data-start=\"544\" data-end=\"616\" data-is-last-node=\"\">\n<p data-start=\"546\" data-end=\"616\" data-is-last-node=\"\">Unverzichtbar im Haus, im Garten, auf dem Balkon und im Gew\u00e4chshaus<\/p>\n<\/li>\n<\/ul>\n<\/div>\n<\/div>\n<\/div>\n<\/div>\n<\/div>\n<\/div>\n<\/article>\n","protected":false},"excerpt":{"rendered":"<p>Produkt ist in vollen Palettenmengen sowie als Paletten-MIX erh\u00e4ltlich.<\/p>\n","protected":false},"featured_media":5834,"comment_status":"open","ping_status":"closed","template":"","meta":{"_acf_changed":false,"inline_featured_image":false,"_kad_blocks_custom_css":"","_kad_blocks_head_custom_js":"","_kad_blocks_body_custom_js":"","_kad_blocks_footer_custom_js":"","_kadence_starter_templates_imported_post":false,"_kad_post_transparent":"","_kad_post_title":"","_kad_post_layout":"","_kad_post_sidebar_id":"","_kad_post_content_style":"","_kad_post_vertical_padding":"","_kad_post_feature":"","_kad_post_feature_position":"","_kad_post_header":false,"_kad_post_footer":false},"product_brand":[],"product_cat":[439,1124],"product_tag":[],"product_brands":[],"class_list":{"0":"post-5835","1":"product","2":"type-product","3":"status-publish","4":"has-post-thumbnail","6":"product_cat-gartenprodukte","7":"product_cat-gieskannen","8":"pa_pojemnosc-10l","9":"HidePrice","11":"first","12":"instock","13":"taxable","14":"shipping-taxable","15":"purchasable","16":"product-type-simple","17":"entry","18":"content-bg","19":"loop-entry"},"acf":[],"yoast_head":"<!-- This site is optimized with the Yoast SEO plugin v26.7 - https:\/\/yoast.com\/wordpress\/plugins\/seo\/ -->\n<title>Gie\u00dfkanne aus Kunststoff 10 L \u2013 GR\u00dcN | LOPATO<\/title>\n<meta name=\"description\" content=\"Kunststoff-Gie\u00dfkanne 10 L \u2013 leicht, handlich und langlebig. Ideal zum Gie\u00dfen von Zimmer-, Balkon- und Gartenpflanzen. Bequemer Griff und pr\u00e4ziser Ausguss. \ud83c\udf3f\" \/>\n<meta name=\"robots\" content=\"index, follow, max-snippet:-1, max-image-preview:large, max-video-preview:-1\" \/>\n<link rel=\"canonical\" href=\"https:\/\/lopato.pl\/de\/produkt\/giesskanne-aus-kunststoff-10-l-gruen\/\" \/>\n<meta property=\"og:locale\" content=\"de_DE\" \/>\n<meta property=\"og:type\" content=\"article\" \/>\n<meta property=\"og:title\" content=\"Gie\u00dfkanne aus Kunststoff 10 L \u2013 GR\u00dcN | LOPATO\" \/>\n<meta property=\"og:description\" content=\"Kunststoff-Gie\u00dfkanne 10 L \u2013 leicht, handlich und langlebig. Ideal zum Gie\u00dfen von Zimmer-, Balkon- und Gartenpflanzen. Bequemer Griff und pr\u00e4ziser Ausguss. \ud83c\udf3f\" \/>\n<meta property=\"og:url\" content=\"https:\/\/lopato.pl\/de\/produkt\/giesskanne-aus-kunststoff-10-l-gruen\/\" \/>\n<meta property=\"og:site_name\" content=\"LOPATO\" \/>\n<meta property=\"og:image\" content=\"https:\/\/lopato.pl\/wp-content\/uploads\/2026\/02\/konewka-25l.jpg\" \/>\n\t<meta property=\"og:image:width\" content=\"2000\" \/>\n\t<meta property=\"og:image:height\" content=\"2000\" \/>\n\t<meta property=\"og:image:type\" content=\"image\/jpeg\" \/>\n<meta name=\"twitter:card\" content=\"summary_large_image\" \/>\n<script type=\"application\/ld+json\" class=\"yoast-schema-graph\">{\"@context\":\"https:\/\/schema.org\",\"@graph\":[{\"@type\":\"WebPage\",\"@id\":\"https:\/\/lopato.pl\/de\/produkt\/giesskanne-aus-kunststoff-10-l-gruen\/\",\"url\":\"https:\/\/lopato.pl\/de\/produkt\/giesskanne-aus-kunststoff-10-l-gruen\/\",\"name\":\"Gie\u00dfkanne aus Kunststoff 10 L \u2013 GR\u00dcN | LOPATO\",\"isPartOf\":{\"@id\":\"https:\/\/lopato.pl\/de\/#website\"},\"primaryImageOfPage\":{\"@id\":\"https:\/\/lopato.pl\/de\/produkt\/giesskanne-aus-kunststoff-10-l-gruen\/#primaryimage\"},\"image\":{\"@id\":\"https:\/\/lopato.pl\/de\/produkt\/giesskanne-aus-kunststoff-10-l-gruen\/#primaryimage\"},\"thumbnailUrl\":\"https:\/\/lopato.pl\/wp-content\/uploads\/2026\/02\/konewka-25l.jpg\",\"datePublished\":\"2026-02-22T18:54:04+00:00\",\"description\":\"Kunststoff-Gie\u00dfkanne 10 L \u2013 leicht, handlich und langlebig. Ideal zum Gie\u00dfen von Zimmer-, Balkon- und Gartenpflanzen. Bequemer Griff und pr\u00e4ziser Ausguss. \ud83c\udf3f\",\"breadcrumb\":{\"@id\":\"https:\/\/lopato.pl\/de\/produkt\/giesskanne-aus-kunststoff-10-l-gruen\/#breadcrumb\"},\"inLanguage\":\"de-DE\",\"potentialAction\":[{\"@type\":\"ReadAction\",\"target\":[\"https:\/\/lopato.pl\/de\/produkt\/giesskanne-aus-kunststoff-10-l-gruen\/\"]}]},{\"@type\":\"ImageObject\",\"inLanguage\":\"de-DE\",\"@id\":\"https:\/\/lopato.pl\/de\/produkt\/giesskanne-aus-kunststoff-10-l-gruen\/#primaryimage\",\"url\":\"https:\/\/lopato.pl\/wp-content\/uploads\/2026\/02\/konewka-25l.jpg\",\"contentUrl\":\"https:\/\/lopato.pl\/wp-content\/uploads\/2026\/02\/konewka-25l.jpg\",\"width\":2000,\"height\":2000},{\"@type\":\"BreadcrumbList\",\"@id\":\"https:\/\/lopato.pl\/de\/produkt\/giesskanne-aus-kunststoff-10-l-gruen\/#breadcrumb\",\"itemListElement\":[{\"@type\":\"ListItem\",\"position\":1,\"name\":\"Produkte\",\"item\":\"https:\/\/lopato.pl\/produkty\/\"},{\"@type\":\"ListItem\",\"position\":2,\"name\":\"Gie\u00dfkanne aus Kunststoff 10 L \u2013 GR\u00dcN\"}]},{\"@type\":\"WebSite\",\"@id\":\"https:\/\/lopato.pl\/de\/#website\",\"url\":\"https:\/\/lopato.pl\/de\/\",\"name\":\"LOPATO\",\"description\":\"\",\"potentialAction\":[{\"@type\":\"SearchAction\",\"target\":{\"@type\":\"EntryPoint\",\"urlTemplate\":\"https:\/\/lopato.pl\/de\/?s={search_term_string}\"},\"query-input\":{\"@type\":\"PropertyValueSpecification\",\"valueRequired\":true,\"valueName\":\"search_term_string\"}}],\"inLanguage\":\"de-DE\"}]}<\/script>\n<!-- \/ Yoast SEO plugin. -->","yoast_head_json":{"title":"Gie\u00dfkanne aus Kunststoff 10 L \u2013 GR\u00dcN | LOPATO","description":"Kunststoff-Gie\u00dfkanne 10 L \u2013 leicht, handlich und langlebig. Ideal zum Gie\u00dfen von Zimmer-, Balkon- und Gartenpflanzen. Bequemer Griff und pr\u00e4ziser Ausguss. \ud83c\udf3f","robots":{"index":"index","follow":"follow","max-snippet":"max-snippet:-1","max-image-preview":"max-image-preview:large","max-video-preview":"max-video-preview:-1"},"canonical":"https:\/\/lopato.pl\/de\/produkt\/giesskanne-aus-kunststoff-10-l-gruen\/","og_locale":"de_DE","og_type":"article","og_title":"Gie\u00dfkanne aus Kunststoff 10 L \u2013 GR\u00dcN | LOPATO","og_description":"Kunststoff-Gie\u00dfkanne 10 L \u2013 leicht, handlich und langlebig. Ideal zum Gie\u00dfen von Zimmer-, Balkon- und Gartenpflanzen. Bequemer Griff und pr\u00e4ziser Ausguss. \ud83c\udf3f","og_url":"https:\/\/lopato.pl\/de\/produkt\/giesskanne-aus-kunststoff-10-l-gruen\/","og_site_name":"LOPATO","og_image":[{"width":2000,"height":2000,"url":"https:\/\/lopato.pl\/wp-content\/uploads\/2026\/02\/konewka-25l.jpg","type":"image\/jpeg"}],"twitter_card":"summary_large_image","schema":{"@context":"https:\/\/schema.org","@graph":[{"@type":"WebPage","@id":"https:\/\/lopato.pl\/de\/produkt\/giesskanne-aus-kunststoff-10-l-gruen\/","url":"https:\/\/lopato.pl\/de\/produkt\/giesskanne-aus-kunststoff-10-l-gruen\/","name":"Gie\u00dfkanne aus Kunststoff 10 L \u2013 GR\u00dcN | LOPATO","isPartOf":{"@id":"https:\/\/lopato.pl\/de\/#website"},"primaryImageOfPage":{"@id":"https:\/\/lopato.pl\/de\/produkt\/giesskanne-aus-kunststoff-10-l-gruen\/#primaryimage"},"image":{"@id":"https:\/\/lopato.pl\/de\/produkt\/giesskanne-aus-kunststoff-10-l-gruen\/#primaryimage"},"thumbnailUrl":"https:\/\/lopato.pl\/wp-content\/uploads\/2026\/02\/konewka-25l.jpg","datePublished":"2026-02-22T18:54:04+00:00","description":"Kunststoff-Gie\u00dfkanne 10 L \u2013 leicht, handlich und langlebig. Ideal zum Gie\u00dfen von Zimmer-, Balkon- und Gartenpflanzen. Bequemer Griff und pr\u00e4ziser Ausguss. \ud83c\udf3f","breadcrumb":{"@id":"https:\/\/lopato.pl\/de\/produkt\/giesskanne-aus-kunststoff-10-l-gruen\/#breadcrumb"},"inLanguage":"de-DE","potentialAction":[{"@type":"ReadAction","target":["https:\/\/lopato.pl\/de\/produkt\/giesskanne-aus-kunststoff-10-l-gruen\/"]}]},{"@type":"ImageObject","inLanguage":"de-DE","@id":"https:\/\/lopato.pl\/de\/produkt\/giesskanne-aus-kunststoff-10-l-gruen\/#primaryimage","url":"https:\/\/lopato.pl\/wp-content\/uploads\/2026\/02\/konewka-25l.jpg","contentUrl":"https:\/\/lopato.pl\/wp-content\/uploads\/2026\/02\/konewka-25l.jpg","width":2000,"height":2000},{"@type":"BreadcrumbList","@id":"https:\/\/lopato.pl\/de\/produkt\/giesskanne-aus-kunststoff-10-l-gruen\/#breadcrumb","itemListElement":[{"@type":"ListItem","position":1,"name":"Produkte","item":"https:\/\/lopato.pl\/produkty\/"},{"@type":"ListItem","position":2,"name":"Gie\u00dfkanne aus Kunststoff 10 L \u2013 GR\u00dcN"}]},{"@type":"WebSite","@id":"https:\/\/lopato.pl\/de\/#website","url":"https:\/\/lopato.pl\/de\/","name":"LOPATO","description":"","potentialAction":[{"@type":"SearchAction","target":{"@type":"EntryPoint","urlTemplate":"https:\/\/lopato.pl\/de\/?s={search_term_string}"},"query-input":{"@type":"PropertyValueSpecification","valueRequired":true,"valueName":"search_term_string"}}],"inLanguage":"de-DE"}]}},"taxonomy_info":{"product_cat":[{"value":439,"label":"Gartenprodukte"},{"value":1124,"label":"Gie\u00dfkannen"}],"pa_pojemnosc":[{"value":1123,"label":"10L"}]},"featured_image_src_large":["https:\/\/lopato.pl\/wp-content\/uploads\/2026\/02\/konewka-25l-1024x1024.jpg",1024,1024,true],"author_info":[],"comment_info":0,"_links":{"self":[{"href":"https:\/\/lopato.pl\/de\/wp-json\/wp\/v2\/product\/5835","targetHints":{"allow":["GET"]}}],"collection":[{"href":"https:\/\/lopato.pl\/de\/wp-json\/wp\/v2\/product"}],"about":[{"href":"https:\/\/lopato.pl\/de\/wp-json\/wp\/v2\/types\/product"}],"replies":[{"embeddable":true,"href":"https:\/\/lopato.pl\/de\/wp-json\/wp\/v2\/comments?post=5835"}],"wp:featuredmedia":[{"embeddable":true,"href":"https:\/\/lopato.pl\/de\/wp-json\/wp\/v2\/media\/5834"}],"wp:attachment":[{"href":"https:\/\/lopato.pl\/de\/wp-json\/wp\/v2\/media?parent=5835"}],"wp:term":[{"taxonomy":"product_brand","embeddable":true,"href":"https:\/\/lopato.pl\/de\/wp-json\/wp\/v2\/product_brand?post=5835"},{"taxonomy":"product_cat","embeddable":true,"href":"https:\/\/lopato.pl\/de\/wp-json\/wp\/v2\/product_cat?post=5835"},{"taxonomy":"product_tag","embeddable":true,"href":"https:\/\/lopato.pl\/de\/wp-json\/wp\/v2\/product_tag?post=5835"},{"taxonomy":"product_brands","embeddable":true,"href":"https:\/\/lopato.pl\/de\/wp-json\/wp\/v2\/product_brands?post=5835"}],"curies":[{"name":"wp","href":"https:\/\/api.w.org\/{rel}","templated":true}]}}