{"id":5849,"date":"2026-02-22T19:41:06","date_gmt":"2026-02-22T18:41:06","guid":{"rendered":"https:\/\/lopato.pl\/produkt\/kunststoff-giesskanne-2-l-gruen\/"},"modified":"2026-02-22T19:41:06","modified_gmt":"2026-02-22T18:41:06","slug":"kunststoff-giesskanne-2-l-gruen","status":"publish","type":"product","link":"https:\/\/lopato.pl\/de\/produkt\/kunststoff-giesskanne-2-l-gruen\/","title":{"rendered":"Kunststoff-Gie\u00dfkanne 2 L \u2013 gr\u00fcn"},"content":{"rendered":"<p data-start=\"0\" data-end=\"306\"><strong data-start=\"0\" data-end=\"67\">Praktische und leichte Garten-Gie\u00dfkanne aus robustem Kunststoff<\/strong>, der gegen Witterungseinfl\u00fcsse und mechanische Besch\u00e4digungen best\u00e4ndig ist. In verschiedenen Gr\u00f6\u00dfen erh\u00e4ltlich, sodass sie sich leicht an Ihre Bed\u00fcrfnisse anpassen l\u00e4sst \u2013 vom Gie\u00dfen von Zimmerpflanzen bis hin zu gr\u00f6\u00dferen Gartenarbeiten.<\/p>\n<p data-start=\"308\" data-end=\"335\"><strong data-start=\"308\" data-end=\"329\">Fassungsverm\u00f6gen:<\/strong> 2 L<\/p>\n<ul data-start=\"337\" data-end=\"615\" data-is-last-node=\"\" data-is-only-node=\"\">\n<li data-section-id=\"shm5eg\" data-start=\"337\" data-end=\"382\">\n<p data-start=\"339\" data-end=\"382\">Bequemer Griff f\u00fcr komfortable Handhabung<\/p>\n<\/li>\n<li data-section-id=\"1atqojj\" data-start=\"383\" data-end=\"463\">\n<p data-start=\"385\" data-end=\"463\">Pr\u00e4ziser Ausguss oder Brausekopf (je nach Modell) \u2013 f\u00fcr gleichm\u00e4\u00dfiges Gie\u00dfen<\/p>\n<\/li>\n<li data-section-id=\"1t90o95\" data-start=\"464\" data-end=\"525\">\n<p data-start=\"466\" data-end=\"525\">Leichte Konstruktion \u2013 auch ideal f\u00fcr Senioren und Kinder<\/p>\n<\/li>\n<li data-section-id=\"4xv12e\" data-start=\"526\" data-end=\"542\">\n<p data-start=\"528\" data-end=\"542\">UV-best\u00e4ndig<\/p>\n<\/li>\n<li data-section-id=\"y1patq\" data-start=\"543\" data-end=\"615\" data-is-last-node=\"\">\n<p data-start=\"545\" data-end=\"615\" data-is-last-node=\"\">Unverzichtbar im Haus, im Garten, auf dem Balkon und im Gew\u00e4chshaus<\/p>\n<\/li>\n<\/ul>\n","protected":false},"excerpt":{"rendered":"<p>Produkt ist in vollen Palettenmengen sowie als Paletten-MIX erh\u00e4ltlich.<\/p>\n","protected":false},"featured_media":5848,"comment_status":"open","ping_status":"closed","template":"","meta":{"_acf_changed":false,"inline_featured_image":false,"_kad_blocks_custom_css":"","_kad_blocks_head_custom_js":"","_kad_blocks_body_custom_js":"","_kad_blocks_footer_custom_js":"","_kadence_starter_templates_imported_post":false,"_kad_post_transparent":"","_kad_post_title":"","_kad_post_layout":"","_kad_post_sidebar_id":"","_kad_post_content_style":"","_kad_post_vertical_padding":"","_kad_post_feature":"","_kad_post_feature_position":"","_kad_post_header":false,"_kad_post_footer":false},"product_brand":[],"product_cat":[439,1124],"product_tag":[],"product_brands":[],"class_list":{"0":"post-5849","1":"product","2":"type-product","3":"status-publish","4":"has-post-thumbnail","6":"product_cat-gartenprodukte","7":"product_cat-gieskannen","8":"pa_pojemnosc-2l","9":"HidePrice","11":"first","12":"instock","13":"taxable","14":"shipping-taxable","15":"purchasable","16":"product-type-simple","17":"entry","18":"content-bg","19":"loop-entry"},"acf":[],"yoast_head":"<!-- This site is optimized with the Yoast SEO plugin v26.7 - https:\/\/yoast.com\/wordpress\/plugins\/seo\/ -->\n<title>Kunststoff-Gie\u00dfkanne 2 L \u2013 gr\u00fcn | LOPATO<\/title>\n<meta name=\"description\" content=\"Kunststoff-Gie\u00dfkanne 2 L \u2013 leicht, handlich und langlebig. Ideal zum Gie\u00dfen von Zimmer-, Balkon- und Gartenpflanzen. Bequemer Griff und pr\u00e4ziser Ausguss.\" \/>\n<meta name=\"robots\" content=\"index, follow, max-snippet:-1, max-image-preview:large, max-video-preview:-1\" \/>\n<link rel=\"canonical\" href=\"https:\/\/lopato.pl\/de\/produkt\/kunststoff-giesskanne-2-l-gruen\/\" \/>\n<meta property=\"og:locale\" content=\"de_DE\" \/>\n<meta property=\"og:type\" content=\"article\" \/>\n<meta property=\"og:title\" content=\"Kunststoff-Gie\u00dfkanne 2 L \u2013 gr\u00fcn | LOPATO\" \/>\n<meta property=\"og:description\" content=\"Kunststoff-Gie\u00dfkanne 2 L \u2013 leicht, handlich und langlebig. Ideal zum Gie\u00dfen von Zimmer-, Balkon- und Gartenpflanzen. Bequemer Griff und pr\u00e4ziser Ausguss.\" \/>\n<meta property=\"og:url\" content=\"https:\/\/lopato.pl\/de\/produkt\/kunststoff-giesskanne-2-l-gruen\/\" \/>\n<meta property=\"og:site_name\" content=\"LOPATO\" \/>\n<meta property=\"og:image\" content=\"https:\/\/lopato.pl\/wp-content\/uploads\/2026\/02\/konewka-2l.jpg\" \/>\n\t<meta property=\"og:image:width\" content=\"2000\" \/>\n\t<meta property=\"og:image:height\" content=\"2000\" \/>\n\t<meta property=\"og:image:type\" content=\"image\/jpeg\" \/>\n<meta name=\"twitter:card\" content=\"summary_large_image\" \/>\n<script type=\"application\/ld+json\" class=\"yoast-schema-graph\">{\"@context\":\"https:\/\/schema.org\",\"@graph\":[{\"@type\":\"WebPage\",\"@id\":\"https:\/\/lopato.pl\/de\/produkt\/kunststoff-giesskanne-2-l-gruen\/\",\"url\":\"https:\/\/lopato.pl\/de\/produkt\/kunststoff-giesskanne-2-l-gruen\/\",\"name\":\"Kunststoff-Gie\u00dfkanne 2 L \u2013 gr\u00fcn | LOPATO\",\"isPartOf\":{\"@id\":\"https:\/\/lopato.pl\/de\/#website\"},\"primaryImageOfPage\":{\"@id\":\"https:\/\/lopato.pl\/de\/produkt\/kunststoff-giesskanne-2-l-gruen\/#primaryimage\"},\"image\":{\"@id\":\"https:\/\/lopato.pl\/de\/produkt\/kunststoff-giesskanne-2-l-gruen\/#primaryimage\"},\"thumbnailUrl\":\"https:\/\/lopato.pl\/wp-content\/uploads\/2026\/02\/konewka-2l.jpg\",\"datePublished\":\"2026-02-22T18:41:06+00:00\",\"description\":\"Kunststoff-Gie\u00dfkanne 2 L \u2013 leicht, handlich und langlebig. Ideal zum Gie\u00dfen von Zimmer-, Balkon- und Gartenpflanzen. Bequemer Griff und pr\u00e4ziser Ausguss.\",\"breadcrumb\":{\"@id\":\"https:\/\/lopato.pl\/de\/produkt\/kunststoff-giesskanne-2-l-gruen\/#breadcrumb\"},\"inLanguage\":\"de-DE\",\"potentialAction\":[{\"@type\":\"ReadAction\",\"target\":[\"https:\/\/lopato.pl\/de\/produkt\/kunststoff-giesskanne-2-l-gruen\/\"]}]},{\"@type\":\"ImageObject\",\"inLanguage\":\"de-DE\",\"@id\":\"https:\/\/lopato.pl\/de\/produkt\/kunststoff-giesskanne-2-l-gruen\/#primaryimage\",\"url\":\"https:\/\/lopato.pl\/wp-content\/uploads\/2026\/02\/konewka-2l.jpg\",\"contentUrl\":\"https:\/\/lopato.pl\/wp-content\/uploads\/2026\/02\/konewka-2l.jpg\",\"width\":2000,\"height\":2000},{\"@type\":\"BreadcrumbList\",\"@id\":\"https:\/\/lopato.pl\/de\/produkt\/kunststoff-giesskanne-2-l-gruen\/#breadcrumb\",\"itemListElement\":[{\"@type\":\"ListItem\",\"position\":1,\"name\":\"Produkte\",\"item\":\"https:\/\/lopato.pl\/produkty\/\"},{\"@type\":\"ListItem\",\"position\":2,\"name\":\"Kunststoff-Gie\u00dfkanne 2 L \u2013 gr\u00fcn\"}]},{\"@type\":\"WebSite\",\"@id\":\"https:\/\/lopato.pl\/de\/#website\",\"url\":\"https:\/\/lopato.pl\/de\/\",\"name\":\"LOPATO\",\"description\":\"\",\"potentialAction\":[{\"@type\":\"SearchAction\",\"target\":{\"@type\":\"EntryPoint\",\"urlTemplate\":\"https:\/\/lopato.pl\/de\/?s={search_term_string}\"},\"query-input\":{\"@type\":\"PropertyValueSpecification\",\"valueRequired\":true,\"valueName\":\"search_term_string\"}}],\"inLanguage\":\"de-DE\"}]}<\/script>\n<!-- \/ Yoast SEO plugin. -->","yoast_head_json":{"title":"Kunststoff-Gie\u00dfkanne 2 L \u2013 gr\u00fcn | LOPATO","description":"Kunststoff-Gie\u00dfkanne 2 L \u2013 leicht, handlich und langlebig. Ideal zum Gie\u00dfen von Zimmer-, Balkon- und Gartenpflanzen. Bequemer Griff und pr\u00e4ziser Ausguss.","robots":{"index":"index","follow":"follow","max-snippet":"max-snippet:-1","max-image-preview":"max-image-preview:large","max-video-preview":"max-video-preview:-1"},"canonical":"https:\/\/lopato.pl\/de\/produkt\/kunststoff-giesskanne-2-l-gruen\/","og_locale":"de_DE","og_type":"article","og_title":"Kunststoff-Gie\u00dfkanne 2 L \u2013 gr\u00fcn | LOPATO","og_description":"Kunststoff-Gie\u00dfkanne 2 L \u2013 leicht, handlich und langlebig. Ideal zum Gie\u00dfen von Zimmer-, Balkon- und Gartenpflanzen. Bequemer Griff und pr\u00e4ziser Ausguss.","og_url":"https:\/\/lopato.pl\/de\/produkt\/kunststoff-giesskanne-2-l-gruen\/","og_site_name":"LOPATO","og_image":[{"width":2000,"height":2000,"url":"https:\/\/lopato.pl\/wp-content\/uploads\/2026\/02\/konewka-2l.jpg","type":"image\/jpeg"}],"twitter_card":"summary_large_image","schema":{"@context":"https:\/\/schema.org","@graph":[{"@type":"WebPage","@id":"https:\/\/lopato.pl\/de\/produkt\/kunststoff-giesskanne-2-l-gruen\/","url":"https:\/\/lopato.pl\/de\/produkt\/kunststoff-giesskanne-2-l-gruen\/","name":"Kunststoff-Gie\u00dfkanne 2 L \u2013 gr\u00fcn | LOPATO","isPartOf":{"@id":"https:\/\/lopato.pl\/de\/#website"},"primaryImageOfPage":{"@id":"https:\/\/lopato.pl\/de\/produkt\/kunststoff-giesskanne-2-l-gruen\/#primaryimage"},"image":{"@id":"https:\/\/lopato.pl\/de\/produkt\/kunststoff-giesskanne-2-l-gruen\/#primaryimage"},"thumbnailUrl":"https:\/\/lopato.pl\/wp-content\/uploads\/2026\/02\/konewka-2l.jpg","datePublished":"2026-02-22T18:41:06+00:00","description":"Kunststoff-Gie\u00dfkanne 2 L \u2013 leicht, handlich und langlebig. Ideal zum Gie\u00dfen von Zimmer-, Balkon- und Gartenpflanzen. Bequemer Griff und pr\u00e4ziser Ausguss.","breadcrumb":{"@id":"https:\/\/lopato.pl\/de\/produkt\/kunststoff-giesskanne-2-l-gruen\/#breadcrumb"},"inLanguage":"de-DE","potentialAction":[{"@type":"ReadAction","target":["https:\/\/lopato.pl\/de\/produkt\/kunststoff-giesskanne-2-l-gruen\/"]}]},{"@type":"ImageObject","inLanguage":"de-DE","@id":"https:\/\/lopato.pl\/de\/produkt\/kunststoff-giesskanne-2-l-gruen\/#primaryimage","url":"https:\/\/lopato.pl\/wp-content\/uploads\/2026\/02\/konewka-2l.jpg","contentUrl":"https:\/\/lopato.pl\/wp-content\/uploads\/2026\/02\/konewka-2l.jpg","width":2000,"height":2000},{"@type":"BreadcrumbList","@id":"https:\/\/lopato.pl\/de\/produkt\/kunststoff-giesskanne-2-l-gruen\/#breadcrumb","itemListElement":[{"@type":"ListItem","position":1,"name":"Produkte","item":"https:\/\/lopato.pl\/produkty\/"},{"@type":"ListItem","position":2,"name":"Kunststoff-Gie\u00dfkanne 2 L \u2013 gr\u00fcn"}]},{"@type":"WebSite","@id":"https:\/\/lopato.pl\/de\/#website","url":"https:\/\/lopato.pl\/de\/","name":"LOPATO","description":"","potentialAction":[{"@type":"SearchAction","target":{"@type":"EntryPoint","urlTemplate":"https:\/\/lopato.pl\/de\/?s={search_term_string}"},"query-input":{"@type":"PropertyValueSpecification","valueRequired":true,"valueName":"search_term_string"}}],"inLanguage":"de-DE"}]}},"taxonomy_info":{"product_cat":[{"value":439,"label":"Gartenprodukte"},{"value":1124,"label":"Gie\u00dfkannen"}],"pa_pojemnosc":[{"value":1128,"label":"2L"}]},"featured_image_src_large":["https:\/\/lopato.pl\/wp-content\/uploads\/2026\/02\/konewka-2l-1024x1024.jpg",1024,1024,true],"author_info":[],"comment_info":0,"_links":{"self":[{"href":"https:\/\/lopato.pl\/de\/wp-json\/wp\/v2\/product\/5849","targetHints":{"allow":["GET"]}}],"collection":[{"href":"https:\/\/lopato.pl\/de\/wp-json\/wp\/v2\/product"}],"about":[{"href":"https:\/\/lopato.pl\/de\/wp-json\/wp\/v2\/types\/product"}],"replies":[{"embeddable":true,"href":"https:\/\/lopato.pl\/de\/wp-json\/wp\/v2\/comments?post=5849"}],"wp:featuredmedia":[{"embeddable":true,"href":"https:\/\/lopato.pl\/de\/wp-json\/wp\/v2\/media\/5848"}],"wp:attachment":[{"href":"https:\/\/lopato.pl\/de\/wp-json\/wp\/v2\/media?parent=5849"}],"wp:term":[{"taxonomy":"product_brand","embeddable":true,"href":"https:\/\/lopato.pl\/de\/wp-json\/wp\/v2\/product_brand?post=5849"},{"taxonomy":"product_cat","embeddable":true,"href":"https:\/\/lopato.pl\/de\/wp-json\/wp\/v2\/product_cat?post=5849"},{"taxonomy":"product_tag","embeddable":true,"href":"https:\/\/lopato.pl\/de\/wp-json\/wp\/v2\/product_tag?post=5849"},{"taxonomy":"product_brands","embeddable":true,"href":"https:\/\/lopato.pl\/de\/wp-json\/wp\/v2\/product_brands?post=5849"}],"curies":[{"name":"wp","href":"https:\/\/api.w.org\/{rel}","templated":true}]}}