{"id":5851,"date":"2026-02-22T19:51:55","date_gmt":"2026-02-22T18:51:55","guid":{"rendered":"https:\/\/lopato.pl\/produkt\/kunststoff-giesskanne-5-l-gruen\/"},"modified":"2026-02-22T19:51:55","modified_gmt":"2026-02-22T18:51:55","slug":"kunststoff-giesskanne-5-l-gruen","status":"publish","type":"product","link":"https:\/\/lopato.pl\/de\/produkt\/kunststoff-giesskanne-5-l-gruen\/","title":{"rendered":"Kunststoff-Gie\u00dfkanne 5 L \u2013 gr\u00fcn"},"content":{"rendered":"<p data-start=\"0\" data-end=\"306\"><strong data-start=\"0\" data-end=\"67\">Praktische und leichte Garten-Gie\u00dfkanne aus robustem Kunststoff<\/strong>, der gegen Witterungseinfl\u00fcsse und mechanische Besch\u00e4digungen best\u00e4ndig ist. In verschiedenen Gr\u00f6\u00dfen erh\u00e4ltlich, sodass sie sich leicht an Ihre Bed\u00fcrfnisse anpassen l\u00e4sst \u2013 vom Gie\u00dfen von Zimmerpflanzen bis hin zu gr\u00f6\u00dferen Gartenarbeiten.<\/p>\n<p data-start=\"308\" data-end=\"335\"><strong data-start=\"308\" data-end=\"329\">Fassungsverm\u00f6gen:<\/strong> 5 L<\/p>\n<ul data-start=\"337\" data-end=\"615\" data-is-last-node=\"\" data-is-only-node=\"\">\n<li data-section-id=\"shm5eg\" data-start=\"337\" data-end=\"382\">\n<p data-start=\"339\" data-end=\"382\">Bequemer Griff f\u00fcr komfortable Handhabung<\/p>\n<\/li>\n<li data-section-id=\"1atqojj\" data-start=\"383\" data-end=\"463\">\n<p data-start=\"385\" data-end=\"463\">Pr\u00e4ziser Ausguss oder Brausekopf (je nach Modell) \u2013 f\u00fcr gleichm\u00e4\u00dfiges Gie\u00dfen<\/p>\n<\/li>\n<li data-section-id=\"1t90o95\" data-start=\"464\" data-end=\"525\">\n<p data-start=\"466\" data-end=\"525\">Leichte Konstruktion \u2013 auch ideal f\u00fcr Senioren und Kinder<\/p>\n<\/li>\n<li data-section-id=\"4xv12e\" data-start=\"526\" data-end=\"542\">\n<p data-start=\"528\" data-end=\"542\">UV-best\u00e4ndig<\/p>\n<\/li>\n<li data-section-id=\"y1patq\" data-start=\"543\" data-end=\"615\" data-is-last-node=\"\">\n<p data-start=\"545\" data-end=\"615\" data-is-last-node=\"\">Unverzichtbar im Haus, im Garten, auf dem Balkon und im Gew\u00e4chshaus<\/p>\n<\/li>\n<\/ul>\n","protected":false},"excerpt":{"rendered":"<div class=\"flex flex-col text-sm pb-25\">\n<article class=\"text-token-text-primary w-full focus:outline-none [--shadow-height:45px] has-data-writing-block:pointer-events-none has-data-writing-block:-mt-(--shadow-height) has-data-writing-block:pt-(--shadow-height) [&amp;:has([data-writing-block])&gt;*]:pointer-events-auto scroll-mt-[calc(var(--header-height)+min(200px,max(70px,20svh)))] sm:AIPRM__conversation__response\" dir=\"auto\" tabindex=\"-1\" data-turn-id=\"request-WEB:c7d2e2fc-f6c2-4e4a-968f-ca00de123bb5-131\" data-testid=\"conversation-turn-126\" data-scroll-anchor=\"true\" data-turn=\"assistant\">\n<div class=\"text-base my-auto mx-auto pb-10 [--thread-content-margin:var(--thread-content-margin-xs,calc(var(--spacing)*4))] @w-sm\/main:[--thread-content-margin:var(--thread-content-margin-sm,calc(var(--spacing)*6))] @w-lg\/main:[--thread-content-margin:var(--thread-content-margin-lg,calc(var(--spacing)*16))] px-(--thread-content-margin)\">\n<div class=\"[--thread-content-max-width:40rem] @w-lg\/main:[--thread-content-max-width:48rem] mx-auto max-w-(--thread-content-max-width) flex-1 group\/turn-messages focus-visible:outline-hidden relative flex w-full min-w-0 flex-col agent-turn\" tabindex=\"-1\">\n<div class=\"flex max-w-full flex-col gap-4 grow AIPRM__conversation__response\">\n<div class=\"min-h-8 text-message relative flex w-full flex-col items-end gap-2 text-start break-words whitespace-normal [.text-message+&amp;]:mt-1\" dir=\"auto\" data-message-author-role=\"assistant\" data-message-id=\"36a9f8dd-7df5-4a15-aa27-136e431aaf1a\" data-message-model-slug=\"gpt-5-3\">\n<div class=\"flex w-full flex-col gap-1 empty:hidden\">\n<div class=\"markdown prose dark:prose-invert w-full wrap-break-word dark markdown-new-styling\">\n<p data-start=\"15\" data-end=\"90\" data-is-last-node=\"\" data-is-only-node=\"\"><strong data-start=\"15\" data-end=\"90\" data-is-last-node=\"\">Produkt ist in vollen Palettenmengen sowie als Paletten-MIX erh\u00e4ltlich.<\/strong><\/p>\n<\/div>\n<\/div>\n<\/div>\n<\/div>\n<div class=\"z-0 flex min-h-[46px] justify-start\"><\/div>\n<div class=\"mt-3 w-full empty:hidden\">\n<div class=\"text-center\"><\/div>\n<\/div>\n<\/div>\n<\/div>\n<\/article>\n<\/div>\n<div class=\"pointer-events-none h-px w-px absolute bottom-0\" aria-hidden=\"true\" data-edge=\"true\"><\/div>\n","protected":false},"featured_media":5834,"comment_status":"open","ping_status":"closed","template":"","meta":{"_acf_changed":false,"inline_featured_image":false,"_kad_blocks_custom_css":"","_kad_blocks_head_custom_js":"","_kad_blocks_body_custom_js":"","_kad_blocks_footer_custom_js":"","_kadence_starter_templates_imported_post":false,"_kad_post_transparent":"","_kad_post_title":"","_kad_post_layout":"","_kad_post_sidebar_id":"","_kad_post_content_style":"","_kad_post_vertical_padding":"","_kad_post_feature":"","_kad_post_feature_position":"","_kad_post_header":false,"_kad_post_footer":false},"product_brand":[],"product_cat":[439,1124],"product_tag":[],"product_brands":[],"class_list":{"0":"post-5851","1":"product","2":"type-product","3":"status-publish","4":"has-post-thumbnail","6":"product_cat-gartenprodukte","7":"product_cat-gieskannen","8":"pa_pojemnosc-5l","9":"HidePrice","11":"first","12":"instock","13":"taxable","14":"shipping-taxable","15":"purchasable","16":"product-type-simple","17":"entry","18":"content-bg","19":"loop-entry"},"acf":[],"taxonomy_info":{"product_cat":[{"value":439,"label":"Gartenprodukte"},{"value":1124,"label":"Gie\u00dfkannen"}],"pa_pojemnosc":[{"value":1130,"label":"5L"}]},"featured_image_src_large":["https:\/\/lopato.pl\/wp-content\/uploads\/2026\/02\/konewka-25l-1024x1024.jpg",1024,1024,true],"author_info":[],"comment_info":0,"_links":{"self":[{"href":"https:\/\/lopato.pl\/de\/wp-json\/wp\/v2\/product\/5851","targetHints":{"allow":["GET"]}}],"collection":[{"href":"https:\/\/lopato.pl\/de\/wp-json\/wp\/v2\/product"}],"about":[{"href":"https:\/\/lopato.pl\/de\/wp-json\/wp\/v2\/types\/product"}],"replies":[{"embeddable":true,"href":"https:\/\/lopato.pl\/de\/wp-json\/wp\/v2\/comments?post=5851"}],"wp:featuredmedia":[{"embeddable":true,"href":"https:\/\/lopato.pl\/de\/wp-json\/wp\/v2\/media\/5834"}],"wp:attachment":[{"href":"https:\/\/lopato.pl\/de\/wp-json\/wp\/v2\/media?parent=5851"}],"wp:term":[{"taxonomy":"product_brand","embeddable":true,"href":"https:\/\/lopato.pl\/de\/wp-json\/wp\/v2\/product_brand?post=5851"},{"taxonomy":"product_cat","embeddable":true,"href":"https:\/\/lopato.pl\/de\/wp-json\/wp\/v2\/product_cat?post=5851"},{"taxonomy":"product_tag","embeddable":true,"href":"https:\/\/lopato.pl\/de\/wp-json\/wp\/v2\/product_tag?post=5851"},{"taxonomy":"product_brands","embeddable":true,"href":"https:\/\/lopato.pl\/de\/wp-json\/wp\/v2\/product_brands?post=5851"}],"curies":[{"name":"wp","href":"https:\/\/api.w.org\/{rel}","templated":true}]}}