{"id":6416,"date":"2026-03-12T12:47:53","date_gmt":"2026-03-12T11:47:53","guid":{"rendered":"https:\/\/lopato.pl\/produkt\/rake-pazurki-gruen\/"},"modified":"2026-03-12T12:47:53","modified_gmt":"2026-03-12T11:47:53","slug":"rake-pazurki-gruen","status":"publish","type":"product","link":"https:\/\/lopato.pl\/de\/produkt\/rake-pazurki-gruen\/","title":{"rendered":"Rake &#8220;PAZURKI&#8221; GR\u00dcN"},"content":{"rendered":"<p data-start=\"721\" data-end=\"1115\">F\u00e4cherf\u00f6rmige Krallenharke ist ein funktionales Gartenger\u00e4t zur Pflege von Rasenfl\u00e4chen, Beeten und Gartenfl\u00e4chen. Dank der f\u00e4cherf\u00f6rmigen Anordnung der Zinken erm\u00f6glicht sie ein schnelles und gr\u00fcndliches Entfernen von Laub, Grasschnitt, kleinen \u00c4sten und anderen Pflanzenresten. Die spezielle Konstruktion erlaubt zudem ein leichtes Auflockern des Bodens sowie das Entfernen kleiner Unkr\u00e4uter.<\/p>\n<p data-start=\"1117\" data-end=\"1332\">Flexible und robuste Zinken passen sich der Bodenoberfl\u00e4che an, wodurch das Harken effektiv und gleichzeitig rasenschonend ist. F\u00e4cherharken eignen sich sowohl f\u00fcr kleine Hausg\u00e4rten als auch f\u00fcr gr\u00f6\u00dfere Gr\u00fcnfl\u00e4chen.<\/p>\n","protected":false},"excerpt":{"rendered":"<p>Produkt ist in vollen Palettenmengen sowie als Mischpalette (MIX) erh\u00e4ltlich.<\/p>\n","protected":false},"featured_media":6415,"comment_status":"open","ping_status":"closed","template":"","meta":{"_acf_changed":false,"inline_featured_image":false,"_kad_blocks_custom_css":"","_kad_blocks_head_custom_js":"","_kad_blocks_body_custom_js":"","_kad_blocks_footer_custom_js":"","_kadence_starter_templates_imported_post":false,"_kad_post_transparent":"","_kad_post_title":"","_kad_post_layout":"","_kad_post_sidebar_id":"","_kad_post_content_style":"","_kad_post_vertical_padding":"","_kad_post_feature":"","_kad_post_feature_position":"","_kad_post_header":false,"_kad_post_footer":false},"product_brand":[],"product_cat":[439,1120],"product_tag":[],"product_brands":[],"class_list":{"0":"post-6416","1":"product","2":"type-product","3":"status-publish","4":"has-post-thumbnail","6":"product_cat-gartenprodukte","7":"product_cat-rechen","8":"HidePrice","10":"first","11":"instock","12":"taxable","13":"shipping-taxable","14":"product-type-simple","15":"entry","16":"content-bg","17":"loop-entry"},"acf":[],"yoast_head":"<!-- This site is optimized with the Yoast SEO plugin v26.7 - https:\/\/yoast.com\/wordpress\/plugins\/seo\/ -->\n<title>Rake &quot;PAZURKI&quot; GR\u00dcN | LOPATO<\/title>\n<meta name=\"description\" content=\"F\u00e4cherharke \u201ePAZURKI\u201c \u2013 ideal zum Sammeln von Laub, zum Auflockern des Bodens und zur Rasenpflege. Ein robustes, leichtes und komfortables Gartenger\u00e4t.\" \/>\n<meta name=\"robots\" content=\"index, follow, max-snippet:-1, max-image-preview:large, max-video-preview:-1\" \/>\n<link rel=\"canonical\" href=\"https:\/\/lopato.pl\/de\/produkt\/rake-pazurki-gruen\/\" \/>\n<meta property=\"og:locale\" content=\"de_DE\" \/>\n<meta property=\"og:type\" content=\"article\" \/>\n<meta property=\"og:title\" content=\"Rake &quot;PAZURKI&quot; GR\u00dcN | LOPATO\" \/>\n<meta property=\"og:description\" content=\"F\u00e4cherharke \u201ePAZURKI\u201c \u2013 ideal zum Sammeln von Laub, zum Auflockern des Bodens und zur Rasenpflege. Ein robustes, leichtes und komfortables Gartenger\u00e4t.\" \/>\n<meta property=\"og:url\" content=\"https:\/\/lopato.pl\/de\/produkt\/rake-pazurki-gruen\/\" \/>\n<meta property=\"og:site_name\" content=\"LOPATO\" \/>\n<meta property=\"og:image\" content=\"https:\/\/lopato.pl\/wp-content\/uploads\/2026\/03\/grabie-wachlarzowe-pazurki-wordpress-1200.jpg\" \/>\n\t<meta property=\"og:image:width\" content=\"1200\" \/>\n\t<meta property=\"og:image:height\" content=\"1200\" \/>\n\t<meta property=\"og:image:type\" content=\"image\/jpeg\" \/>\n<meta name=\"twitter:card\" content=\"summary_large_image\" \/>\n<script type=\"application\/ld+json\" class=\"yoast-schema-graph\">{\"@context\":\"https:\/\/schema.org\",\"@graph\":[{\"@type\":\"WebPage\",\"@id\":\"https:\/\/lopato.pl\/de\/produkt\/rake-pazurki-gruen\/\",\"url\":\"https:\/\/lopato.pl\/de\/produkt\/rake-pazurki-gruen\/\",\"name\":\"Rake \\\"PAZURKI\\\" GR\u00dcN | LOPATO\",\"isPartOf\":{\"@id\":\"https:\/\/lopato.pl\/de\/#website\"},\"primaryImageOfPage\":{\"@id\":\"https:\/\/lopato.pl\/de\/produkt\/rake-pazurki-gruen\/#primaryimage\"},\"image\":{\"@id\":\"https:\/\/lopato.pl\/de\/produkt\/rake-pazurki-gruen\/#primaryimage\"},\"thumbnailUrl\":\"https:\/\/lopato.pl\/wp-content\/uploads\/2026\/03\/grabie-wachlarzowe-pazurki-wordpress-1200.jpg\",\"datePublished\":\"2026-03-12T11:47:53+00:00\",\"description\":\"F\u00e4cherharke \u201ePAZURKI\u201c \u2013 ideal zum Sammeln von Laub, zum Auflockern des Bodens und zur Rasenpflege. Ein robustes, leichtes und komfortables Gartenger\u00e4t.\",\"breadcrumb\":{\"@id\":\"https:\/\/lopato.pl\/de\/produkt\/rake-pazurki-gruen\/#breadcrumb\"},\"inLanguage\":\"de-DE\",\"potentialAction\":[{\"@type\":\"ReadAction\",\"target\":[\"https:\/\/lopato.pl\/de\/produkt\/rake-pazurki-gruen\/\"]}]},{\"@type\":\"ImageObject\",\"inLanguage\":\"de-DE\",\"@id\":\"https:\/\/lopato.pl\/de\/produkt\/rake-pazurki-gruen\/#primaryimage\",\"url\":\"https:\/\/lopato.pl\/wp-content\/uploads\/2026\/03\/grabie-wachlarzowe-pazurki-wordpress-1200.jpg\",\"contentUrl\":\"https:\/\/lopato.pl\/wp-content\/uploads\/2026\/03\/grabie-wachlarzowe-pazurki-wordpress-1200.jpg\",\"width\":1200,\"height\":1200},{\"@type\":\"BreadcrumbList\",\"@id\":\"https:\/\/lopato.pl\/de\/produkt\/rake-pazurki-gruen\/#breadcrumb\",\"itemListElement\":[{\"@type\":\"ListItem\",\"position\":1,\"name\":\"Produkte\",\"item\":\"https:\/\/lopato.pl\/produkty\/\"},{\"@type\":\"ListItem\",\"position\":2,\"name\":\"Rake &#8222;PAZURKI&#8221; GR\u00dcN\"}]},{\"@type\":\"WebSite\",\"@id\":\"https:\/\/lopato.pl\/de\/#website\",\"url\":\"https:\/\/lopato.pl\/de\/\",\"name\":\"LOPATO\",\"description\":\"\",\"potentialAction\":[{\"@type\":\"SearchAction\",\"target\":{\"@type\":\"EntryPoint\",\"urlTemplate\":\"https:\/\/lopato.pl\/de\/?s={search_term_string}\"},\"query-input\":{\"@type\":\"PropertyValueSpecification\",\"valueRequired\":true,\"valueName\":\"search_term_string\"}}],\"inLanguage\":\"de-DE\"}]}<\/script>\n<!-- \/ Yoast SEO plugin. -->","yoast_head_json":{"title":"Rake \"PAZURKI\" GR\u00dcN | LOPATO","description":"F\u00e4cherharke \u201ePAZURKI\u201c \u2013 ideal zum Sammeln von Laub, zum Auflockern des Bodens und zur Rasenpflege. Ein robustes, leichtes und komfortables Gartenger\u00e4t.","robots":{"index":"index","follow":"follow","max-snippet":"max-snippet:-1","max-image-preview":"max-image-preview:large","max-video-preview":"max-video-preview:-1"},"canonical":"https:\/\/lopato.pl\/de\/produkt\/rake-pazurki-gruen\/","og_locale":"de_DE","og_type":"article","og_title":"Rake \"PAZURKI\" GR\u00dcN | LOPATO","og_description":"F\u00e4cherharke \u201ePAZURKI\u201c \u2013 ideal zum Sammeln von Laub, zum Auflockern des Bodens und zur Rasenpflege. Ein robustes, leichtes und komfortables Gartenger\u00e4t.","og_url":"https:\/\/lopato.pl\/de\/produkt\/rake-pazurki-gruen\/","og_site_name":"LOPATO","og_image":[{"width":1200,"height":1200,"url":"https:\/\/lopato.pl\/wp-content\/uploads\/2026\/03\/grabie-wachlarzowe-pazurki-wordpress-1200.jpg","type":"image\/jpeg"}],"twitter_card":"summary_large_image","schema":{"@context":"https:\/\/schema.org","@graph":[{"@type":"WebPage","@id":"https:\/\/lopato.pl\/de\/produkt\/rake-pazurki-gruen\/","url":"https:\/\/lopato.pl\/de\/produkt\/rake-pazurki-gruen\/","name":"Rake \"PAZURKI\" GR\u00dcN | LOPATO","isPartOf":{"@id":"https:\/\/lopato.pl\/de\/#website"},"primaryImageOfPage":{"@id":"https:\/\/lopato.pl\/de\/produkt\/rake-pazurki-gruen\/#primaryimage"},"image":{"@id":"https:\/\/lopato.pl\/de\/produkt\/rake-pazurki-gruen\/#primaryimage"},"thumbnailUrl":"https:\/\/lopato.pl\/wp-content\/uploads\/2026\/03\/grabie-wachlarzowe-pazurki-wordpress-1200.jpg","datePublished":"2026-03-12T11:47:53+00:00","description":"F\u00e4cherharke \u201ePAZURKI\u201c \u2013 ideal zum Sammeln von Laub, zum Auflockern des Bodens und zur Rasenpflege. Ein robustes, leichtes und komfortables Gartenger\u00e4t.","breadcrumb":{"@id":"https:\/\/lopato.pl\/de\/produkt\/rake-pazurki-gruen\/#breadcrumb"},"inLanguage":"de-DE","potentialAction":[{"@type":"ReadAction","target":["https:\/\/lopato.pl\/de\/produkt\/rake-pazurki-gruen\/"]}]},{"@type":"ImageObject","inLanguage":"de-DE","@id":"https:\/\/lopato.pl\/de\/produkt\/rake-pazurki-gruen\/#primaryimage","url":"https:\/\/lopato.pl\/wp-content\/uploads\/2026\/03\/grabie-wachlarzowe-pazurki-wordpress-1200.jpg","contentUrl":"https:\/\/lopato.pl\/wp-content\/uploads\/2026\/03\/grabie-wachlarzowe-pazurki-wordpress-1200.jpg","width":1200,"height":1200},{"@type":"BreadcrumbList","@id":"https:\/\/lopato.pl\/de\/produkt\/rake-pazurki-gruen\/#breadcrumb","itemListElement":[{"@type":"ListItem","position":1,"name":"Produkte","item":"https:\/\/lopato.pl\/produkty\/"},{"@type":"ListItem","position":2,"name":"Rake &#8222;PAZURKI&#8221; GR\u00dcN"}]},{"@type":"WebSite","@id":"https:\/\/lopato.pl\/de\/#website","url":"https:\/\/lopato.pl\/de\/","name":"LOPATO","description":"","potentialAction":[{"@type":"SearchAction","target":{"@type":"EntryPoint","urlTemplate":"https:\/\/lopato.pl\/de\/?s={search_term_string}"},"query-input":{"@type":"PropertyValueSpecification","valueRequired":true,"valueName":"search_term_string"}}],"inLanguage":"de-DE"}]}},"taxonomy_info":{"product_cat":[{"value":439,"label":"Gartenprodukte"},{"value":1120,"label":"Rechen"}]},"featured_image_src_large":["https:\/\/lopato.pl\/wp-content\/uploads\/2026\/03\/grabie-wachlarzowe-pazurki-wordpress-1200.jpg",1200,1200,false],"author_info":[],"comment_info":0,"_links":{"self":[{"href":"https:\/\/lopato.pl\/de\/wp-json\/wp\/v2\/product\/6416","targetHints":{"allow":["GET"]}}],"collection":[{"href":"https:\/\/lopato.pl\/de\/wp-json\/wp\/v2\/product"}],"about":[{"href":"https:\/\/lopato.pl\/de\/wp-json\/wp\/v2\/types\/product"}],"replies":[{"embeddable":true,"href":"https:\/\/lopato.pl\/de\/wp-json\/wp\/v2\/comments?post=6416"}],"wp:featuredmedia":[{"embeddable":true,"href":"https:\/\/lopato.pl\/de\/wp-json\/wp\/v2\/media\/6415"}],"wp:attachment":[{"href":"https:\/\/lopato.pl\/de\/wp-json\/wp\/v2\/media?parent=6416"}],"wp:term":[{"taxonomy":"product_brand","embeddable":true,"href":"https:\/\/lopato.pl\/de\/wp-json\/wp\/v2\/product_brand?post=6416"},{"taxonomy":"product_cat","embeddable":true,"href":"https:\/\/lopato.pl\/de\/wp-json\/wp\/v2\/product_cat?post=6416"},{"taxonomy":"product_tag","embeddable":true,"href":"https:\/\/lopato.pl\/de\/wp-json\/wp\/v2\/product_tag?post=6416"},{"taxonomy":"product_brands","embeddable":true,"href":"https:\/\/lopato.pl\/de\/wp-json\/wp\/v2\/product_brands?post=6416"}],"curies":[{"name":"wp","href":"https:\/\/api.w.org\/{rel}","templated":true}]}}